{"id":913,"date":"2023-01-03T15:33:55","date_gmt":"2023-01-03T15:33:55","guid":{"rendered":"https:\/\/www.baumeister-klima.de\/cms\/?page_id=913"},"modified":"2024-03-04T09:33:49","modified_gmt":"2024-03-04T09:33:49","slug":"buchhalter-m-w-d-lohn-finanzbereich","status":"publish","type":"page","link":"https:\/\/www.baumeister-klima.de\/cms\/stellenangebote\/buchhalter-m-w-d-lohn-finanzbereich\/","title":{"rendered":"Buchhalter m-w-d &#8211; Lohn &#038; Finanzbereich"},"content":{"rendered":"<section id=\"builder-section-text_45\" class=\"builder-section-first builder-section builder-section-text builder-section-last builder-text-columns-1\" style=\"background-size: cover; background-repeat: no-repeat;background-position: center center;\">\n<div class=\"builder-section-content\">\n<div class=\"builder-text-row\">\n<div class=\"builder-text-column builder-text-column-1\" id=\"builder-section-text_45-column-1\">\n<div class=\"builder-text-content\">\n<p><strong><em><u>Wir suchen: <\/u><\/em><\/strong><\/p>\n<p><strong><u>Buchhalter (m\/w\/d)<\/u><\/strong> \u00a0<strong>(Lohn &amp; Finanzbereich)<\/strong><\/p>\n<p>(Abgeschlossene kaufm\u00e4nnische Berufsausbildung oder vergleichbare Qualifikation<\/p>\n<p><strong><u>Die Aufgaben bei uns :<\/u><\/strong><\/p>\n<p>Finanzbereich:<\/p>\n<ul>\n<li>Selbstst\u00e4ndige Pr\u00fcfung und Bearbeitung der Finanzbuchhaltung (Debitoren-, Kreditoren- und Sachkontenbuchhaltung)<\/li>\n<li>Bearbeitung von Zahlungsl\u00e4ufen, Mahnungen und Saldenabstimmung<\/li>\n<li>Pr\u00fcfen und Verwalten von Eingangs- und Ausgangsrechnungen<\/li>\n<li>Digitalisierung der Buchhaltung<\/li>\n<li>Sicherer Umgang mit DATEV Anwendungen<\/li>\n<\/ul>\n<p>Lohnbereich:<\/p>\n<ul>\n<li>Erstellen der monatlichen Entgeltabrechnungen<\/li>\n<li>Melde- und Bescheinigungswesen<\/li>\n<li>Ansprechpartner f\u00fcr Mitarbeiter, Sozialversicherungstr\u00e4ger und Beh\u00f6rden zu lohnsteuer- und sozialversicherungsrechtlichen Fragen<\/li>\n<li>F\u00fchrung der Personalakten<\/li>\n<li>Erstellung von Auswertungen und Statistiken<\/li>\n<li>Kontenabstimmung<\/li>\n<li>Fundierte Kenntnisse im Bereich Lohnsteuer-, Sozialversicherungs- und Arbeitsrecht<\/li>\n<li>Berufserfahrung in der Entgeltabrechnung (idealerweise Baulohn)<\/li>\n<\/ul>\n<p><strong><u>Was erwarten wir?<\/u><\/strong><\/p>\n<ul>\n<li>Abgeschlossene kaufm\u00e4nnische Ausbildung (idealerweise mit Weiterbildung im Finanzsektor) oder vergleichbar<\/li>\n<li>Mehrj\u00e4hrige Berufserfahrung in einer vergleichbaren Position<\/li>\n<li>Solide Kenntnisse in den g\u00e4ngigen Office-Anwendungen (Word, Excel, Outlook sowie Datev)<\/li>\n<li>Ausgepr\u00e4gte Kommunikationsf\u00e4higkeit, Teamf\u00e4higkeit und Zahlenaffinit\u00e4t<\/li>\n<li>Selbstst\u00e4ndiges und verantwortungsbewusstes Arbeiten &amp; Vertraulicher Umgang mit pers\u00f6nlichen Daten<\/li>\n<li>Kommunikationsf\u00e4higkeit sowie Durchsetzungskraft<\/li>\n<\/ul>\n<p><strong><u>Was bieten wir: <\/u><\/strong><\/p>\n<ul>\n<li>Abwechslungsreiche und herausfordernde T\u00e4tigkeit in einem solide gewachsenem Familienunternehmen in der 7. Generation<\/li>\n<li>Wertorientierte famili\u00e4re Unternehmenskultur sowie flache Hierarchien und Teamarbeit sorgen daf\u00fcr, dass Sie Ihre Kenntnisse optimal einbringen und ausbauen k\u00f6nnen<\/li>\n<li>Attraktive leistungsorientierte Verg\u00fctung, Urlaubsgeld und Jahrespr\u00e4mie, betriebliche Altersvorsorge,<\/li>\n<li>Eine arbeitgeberfinanzierte betriebliche Altersvorsorge und kostenlose Mitgliedschaft im angrenzenden Fitness-Studio, \u201eFitness<strong> Rottweil<\/strong> \u201e<\/li>\n<\/ul>\n<p><strong><em>\u00a0<\/em><\/strong><\/p>\n<p><strong><em>Sie f\u00fchlen sich angesprochen ??<\/em><\/strong><\/p>\n<p>Dann bewerben Sie sich doch gleich schriftlich \u2013<\/p>\n<p>Per Mail unter folgender Adresse: info@baumeister-klima.de<\/p>\n<p>Baumeister W\u00e4rmetechnik GmbH<\/p>\n<p>Industriegebiet Saline 39<\/p>\n<p>78628 Rottweil<\/p>\n<\/p><\/div>\n<\/p><\/div>\n<\/p><\/div>\n<\/p><\/div>\n<\/section>\n","protected":false},"excerpt":{"rendered":"<p>Wir suchen: Buchhalter (m\/w\/d) \u00a0(Lohn &amp; Finanzbereich) (Abgeschlossene kaufm\u00e4nnische Berufsausbildung oder vergleichbare Qualifikation Die Aufgaben bei uns : Finanzbereich: Selbstst\u00e4ndige Pr\u00fcfung und Bearbeitung der Finanzbuchhaltung (Debitoren-, Kreditoren- und Sachkontenbuchhaltung) Bearbeitung von Zahlungsl\u00e4ufen, Mahnungen und Saldenabstimmung Pr\u00fcfen und Verwalten von Eingangs- und Ausgangsrechnungen Digitalisierung der Buchhaltung Sicherer Umgang mit DATEV Anwendungen Lohnbereich: Erstellen der monatlichen Entgeltabrechnungen &hellip;<\/p>\n","protected":false},"author":1,"featured_media":0,"parent":321,"menu_order":0,"comment_status":"closed","ping_status":"closed","template":"template-builder.php","meta":{"footnotes":""},"class_list":["post-913","page","type-page","status-publish","hentry"],"_links":{"self":[{"href":"https:\/\/www.baumeister-klima.de\/cms\/wp-json\/wp\/v2\/pages\/913","targetHints":{"allow":["GET"]}}],"collection":[{"href":"https:\/\/www.baumeister-klima.de\/cms\/wp-json\/wp\/v2\/pages"}],"about":[{"href":"https:\/\/www.baumeister-klima.de\/cms\/wp-json\/wp\/v2\/types\/page"}],"author":[{"embeddable":true,"href":"https:\/\/www.baumeister-klima.de\/cms\/wp-json\/wp\/v2\/users\/1"}],"replies":[{"embeddable":true,"href":"https:\/\/www.baumeister-klima.de\/cms\/wp-json\/wp\/v2\/comments?post=913"}],"version-history":[{"count":3,"href":"https:\/\/www.baumeister-klima.de\/cms\/wp-json\/wp\/v2\/pages\/913\/revisions"}],"predecessor-version":[{"id":1010,"href":"https:\/\/www.baumeister-klima.de\/cms\/wp-json\/wp\/v2\/pages\/913\/revisions\/1010"}],"up":[{"embeddable":true,"href":"https:\/\/www.baumeister-klima.de\/cms\/wp-json\/wp\/v2\/pages\/321"}],"wp:attachment":[{"href":"https:\/\/www.baumeister-klima.de\/cms\/wp-json\/wp\/v2\/media?parent=913"}],"curies":[{"name":"wp","href":"https:\/\/api.w.org\/{rel}","templated":true}]}}