{"id":836,"date":"2021-07-05T08:56:36","date_gmt":"2021-07-05T08:56:36","guid":{"rendered":"https:\/\/www.baumeister-klima.de\/cms\/?page_id=836"},"modified":"2026-01-05T18:00:56","modified_gmt":"2026-01-05T18:00:56","slug":"news","status":"publish","type":"page","link":"https:\/\/www.baumeister-klima.de\/cms\/news\/","title":{"rendered":"News"},"content":{"rendered":"<section id=\"builder-section-text_11\" class=\"builder-section-first builder-section builder-section-text builder-section-next-text builder-text-columns-3\" style=\"background-size: cover; background-repeat: no-repeat;background-position: center center;\">\n<div class=\"builder-section-content\">\n<div class=\"builder-text-row\">\n<div class=\"builder-text-column builder-text-column-1\" id=\"builder-section-text_11-column-1\">\n<div class=\"builder-text-content\">\n<p><span style=\"color: #0000ff;\">Unser verdienter Seniorchef ist im Alter von 86 Jahren verstorben. RIP <\/span><b><br \/><\/b><\/p>\n<\/p><\/div>\n<\/p><\/div>\n<div class=\"builder-text-column builder-text-column-2\" id=\"builder-section-text_11-column-2\">\n<div class=\"builder-text-content\">\n<p><a href=\"https:\/\/www.baumeister-klima.de\/cms\/wp-content\/uploads\/2017\/11\/Rolf-Baumeister1.jpg\"><img loading=\"lazy\" decoding=\"async\" class=\"aligncenter size-full wp-image-81\" src=\"https:\/\/www.baumeister-klima.de\/cms\/wp-content\/uploads\/2017\/11\/Rolf-Baumeister1.jpg\" alt=\"\" width=\"255\" height=\"320\" srcset=\"https:\/\/www.baumeister-klima.de\/cms\/wp-content\/uploads\/2017\/11\/Rolf-Baumeister1.jpg 255w, https:\/\/www.baumeister-klima.de\/cms\/wp-content\/uploads\/2017\/11\/Rolf-Baumeister1-239x300.jpg 239w\" sizes=\"auto, (max-width: 255px) 100vw, 255px\" \/><\/a><\/p>\n<\/p><\/div>\n<\/p><\/div>\n<div class=\"builder-text-column builder-text-column-3\" id=\"builder-section-text_11-column-3\">\n<div class=\"builder-text-content\">\n<p><a href=\"https:\/\/www.baumeister-klima.de\/cms\/wp-content\/uploads\/2023\/08\/Baumeister-trauer.jpg\"><img loading=\"lazy\" decoding=\"async\" class=\"aligncenter size-full wp-image-968\" src=\"https:\/\/www.baumeister-klima.de\/cms\/wp-content\/uploads\/2023\/08\/Baumeister-trauer.jpg\" alt=\"\" width=\"655\" height=\"573\" srcset=\"https:\/\/www.baumeister-klima.de\/cms\/wp-content\/uploads\/2023\/08\/Baumeister-trauer.jpg 655w, https:\/\/www.baumeister-klima.de\/cms\/wp-content\/uploads\/2023\/08\/Baumeister-trauer-300x262.jpg 300w\" sizes=\"auto, (max-width: 655px) 100vw, 655px\" \/><\/a><\/p>\n<\/p><\/div>\n<\/p><\/div>\n<\/p><\/div>\n<div class=\"builder-text-row\">\n<div class=\"builder-text-column builder-text-column-4\" id=\"builder-section-text_11-column-1\">\n<div class=\"builder-text-content\">\n<p>Aufgrund der jahrelangen Zusammenarbeit mit Fa. AMR M\u00fcller Maschinenbau in Rottweil als ehem. Eigent\u00fcmer konnte das Geb\u00e4ude <strong><u>Werk II<\/u>\u00a0 im Januar 2021 <\/strong>erworben werden und wird f\u00fcr uns damit zum neuen Lager &amp; Logistikstandort.<\/p>\n<\/p><\/div>\n<\/p><\/div>\n<div class=\"builder-text-column builder-text-column-5\" id=\"builder-section-text_11-column-2\">\n<div class=\"builder-text-content\">\n<p><a href=\"https:\/\/www.baumeister-klima.de\/cms\/wp-content\/uploads\/2021\/07\/Werk-2-mit-scaled.jpg\"><img loading=\"lazy\" decoding=\"async\" class=\"aligncenter size-full wp-image-841\" src=\"https:\/\/www.baumeister-klima.de\/cms\/wp-content\/uploads\/2021\/07\/Werk-2-mit-scaled.jpg\" alt=\"\" width=\"2560\" height=\"1709\" srcset=\"https:\/\/www.baumeister-klima.de\/cms\/wp-content\/uploads\/2021\/07\/Werk-2-mit-scaled.jpg 2560w, https:\/\/www.baumeister-klima.de\/cms\/wp-content\/uploads\/2021\/07\/Werk-2-mit-300x200.jpg 300w, https:\/\/www.baumeister-klima.de\/cms\/wp-content\/uploads\/2021\/07\/Werk-2-mit-1024x684.jpg 1024w, https:\/\/www.baumeister-klima.de\/cms\/wp-content\/uploads\/2021\/07\/Werk-2-mit-768x513.jpg 768w, https:\/\/www.baumeister-klima.de\/cms\/wp-content\/uploads\/2021\/07\/Werk-2-mit-1536x1025.jpg 1536w, https:\/\/www.baumeister-klima.de\/cms\/wp-content\/uploads\/2021\/07\/Werk-2-mit-2048x1367.jpg 2048w\" sizes=\"auto, (max-width: 2560px) 100vw, 2560px\" \/><\/a><\/p>\n<\/p><\/div>\n<\/p><\/div>\n<div class=\"builder-text-column builder-text-column-6\" id=\"builder-section-text_11-column-3\">\n<div class=\"builder-text-content\">\n\t\t\t\t\t\t\t\t\t\t\t<\/div>\n<\/p><\/div>\n<\/p><\/div>\n<\/p><\/div>\n<\/section>\n<section id=\"builder-section-text_87\" class=\"builder-section-prev-text builder-section builder-section-text builder-section-next-text builder-text-columns-3\" style=\"background-size: cover; background-repeat: no-repeat;background-position: center center;\">\n<div class=\"builder-section-content\">\n<div class=\"builder-text-row\">\n<div class=\"builder-text-column builder-text-column-1\" id=\"builder-section-text_87-column-1\">\n<div class=\"builder-text-content\">\n<p><span style=\"color: #0000ff;\"><strong><em>Patenschaft\u00a0\u00a0 2017 &#8211; 2025<\/em><\/strong><\/span><\/p>\n<p>Um die wichtige Arbeit der Bj\u00f6rn Steiger Stiftung zu unterst\u00fctzen, hat die Baumeister W\u00e4rmetechnik GmbH wieder eine Patenschaft f\u00fcr die Rettungs-Ausbildung der Sch\u00fcler \u00fcbernommen. Diese Zusammenarbeit ist f\u00fcr uns seit vielen Jahren ein wichtiger Teil\u00a0unseres sozialen Engagements.<\/p>\n<\/p><\/div>\n<\/p><\/div>\n<div class=\"builder-text-column builder-text-column-2\" id=\"builder-section-text_87-column-2\">\n<div class=\"builder-text-content\">\n<p><a href=\"https:\/\/www.baumeister-klima.de\/cms\/wp-content\/uploads\/2025\/03\/Bild1.jpg\"><img loading=\"lazy\" decoding=\"async\" class=\"aligncenter size-full wp-image-1047\" src=\"https:\/\/www.baumeister-klima.de\/cms\/wp-content\/uploads\/2025\/03\/Bild1.jpg\" alt=\"\" width=\"365\" height=\"239\" srcset=\"https:\/\/www.baumeister-klima.de\/cms\/wp-content\/uploads\/2025\/03\/Bild1.jpg 365w, https:\/\/www.baumeister-klima.de\/cms\/wp-content\/uploads\/2025\/03\/Bild1-300x196.jpg 300w\" sizes=\"auto, (max-width: 365px) 100vw, 365px\" \/><\/a><\/p>\n<\/p><\/div>\n<\/p><\/div>\n<div class=\"builder-text-column builder-text-column-3\" id=\"builder-section-text_87-column-3\">\n<div class=\"builder-text-content\">\n\t\t\t\t\t\t\t\t\t\t\t<\/div>\n<\/p><\/div>\n<\/p><\/div>\n<\/p><\/div>\n<\/section>\n<section id=\"builder-section-text_95\" class=\"builder-section-prev-text builder-section builder-section-text builder-section-next-text builder-section-full-width builder-text-columns-1\" style=\"background-size: cover; background-repeat: no-repeat;background-position: center center;\">\n<div class=\"builder-section-content\">\n<div class=\"builder-text-row\">\n<div class=\"builder-text-column builder-text-column-1\" id=\"builder-section-text_95-column-1\">\n<div class=\"builder-text-content\">\n\t\t\t\t\t\t\t\t\t\t\t<\/div>\n<\/p><\/div>\n<\/p><\/div>\n<\/p><\/div>\n<\/section>\n<section id=\"builder-section-text_109\" class=\"builder-section-prev-text builder-section builder-section-text builder-section-last builder-text-columns-3\" style=\"background-size: cover; background-repeat: no-repeat;background-position: center center;\">\n<div class=\"builder-section-content\">\n<div class=\"builder-text-row\">\n<div class=\"builder-text-column builder-text-column-1\" id=\"builder-section-text_109-column-1\">\n<div class=\"builder-text-content\">\n\t\t\t\t\t\t\t\t\t\t\t<\/div>\n<\/p><\/div>\n<div class=\"builder-text-column builder-text-column-2\" id=\"builder-section-text_109-column-2\">\n<div class=\"builder-text-content\">\n\t\t\t\t\t\t\t\t\t\t\t<\/div>\n<\/p><\/div>\n<div class=\"builder-text-column builder-text-column-3\" id=\"builder-section-text_109-column-3\">\n<div class=\"builder-text-content\">\n\t\t\t\t\t\t\t\t\t\t\t<\/div>\n<\/p><\/div>\n<\/p><\/div>\n<\/p><\/div>\n<\/section>\n","protected":false},"excerpt":{"rendered":"<p>Unser verdienter Seniorchef ist im Alter von 86 Jahren verstorben. RIP Aufgrund der jahrelangen Zusammenarbeit mit Fa. AMR M\u00fcller Maschinenbau in Rottweil als ehem. Eigent\u00fcmer konnte das Geb\u00e4ude Werk II\u00a0 im Januar 2021 erworben werden und wird f\u00fcr uns damit zum neuen Lager &amp; Logistikstandort. Patenschaft\u00a0\u00a0 2017 &#8211; 2025 Um die wichtige Arbeit der Bj\u00f6rn &hellip;<\/p>\n","protected":false},"author":1,"featured_media":0,"parent":0,"menu_order":0,"comment_status":"closed","ping_status":"closed","template":"template-builder.php","meta":{"footnotes":""},"class_list":["post-836","page","type-page","status-publish","hentry"],"_links":{"self":[{"href":"https:\/\/www.baumeister-klima.de\/cms\/wp-json\/wp\/v2\/pages\/836","targetHints":{"allow":["GET"]}}],"collection":[{"href":"https:\/\/www.baumeister-klima.de\/cms\/wp-json\/wp\/v2\/pages"}],"about":[{"href":"https:\/\/www.baumeister-klima.de\/cms\/wp-json\/wp\/v2\/types\/page"}],"author":[{"embeddable":true,"href":"https:\/\/www.baumeister-klima.de\/cms\/wp-json\/wp\/v2\/users\/1"}],"replies":[{"embeddable":true,"href":"https:\/\/www.baumeister-klima.de\/cms\/wp-json\/wp\/v2\/comments?post=836"}],"version-history":[{"count":24,"href":"https:\/\/www.baumeister-klima.de\/cms\/wp-json\/wp\/v2\/pages\/836\/revisions"}],"predecessor-version":[{"id":1107,"href":"https:\/\/www.baumeister-klima.de\/cms\/wp-json\/wp\/v2\/pages\/836\/revisions\/1107"}],"wp:attachment":[{"href":"https:\/\/www.baumeister-klima.de\/cms\/wp-json\/wp\/v2\/media?parent=836"}],"curies":[{"name":"wp","href":"https:\/\/api.w.org\/{rel}","templated":true}]}}