{"id":751,"date":"2020-09-03T14:53:33","date_gmt":"2020-09-03T14:53:33","guid":{"rendered":"https:\/\/www.baumeister-klima.de\/cms\/?page_id=751"},"modified":"2026-02-09T14:52:48","modified_gmt":"2026-02-09T14:52:48","slug":"downloads","status":"publish","type":"page","link":"https:\/\/www.baumeister-klima.de\/cms\/downloads\/","title":{"rendered":"Downloads"},"content":{"rendered":"<section id=\"builder-section-text_11\" class=\"builder-section-first builder-section builder-section-text builder-section-last builder-text-columns-3\" style=\"background-size: cover; background-repeat: no-repeat;background-position: center center;\">\n<div class=\"builder-section-content\">\n<div class=\"builder-text-row\">\n<div class=\"builder-text-column builder-text-column-1\" id=\"builder-section-text_11-column-1\">\n<div class=\"builder-text-content\">\n<p style=\"text-align: center;\">F\u00fcr den Ausdruck ben\u00f6tigen Sie den Adobe Acrobat Reader.<\/p>\n<p style=\"text-align: center;\"><a href=\"https:\/\/www.baumeister-klima.de\/cms\/wp-content\/uploads\/2026\/01\/Freistellungsbescheinigung-gueltig-bis-2028.pdf\">BAWT Freistellung<\/a><\/p>\n<\/p><\/div>\n<\/p><\/div>\n<div class=\"builder-text-column builder-text-column-2\" id=\"builder-section-text_11-column-2\">\n<div class=\"builder-text-content\">\n<p style=\"text-align: center;\">F\u00fcr den Ausdruck ben\u00f6tigen Sie den Adobe Acrobat Reader.<\/p>\n<p style=\"text-align: center;\"><a href=\"https:\/\/www.baumeister-klima.de\/cms\/wp-content\/uploads\/2024\/06\/WHG-Original-2024.pdf\" target=\"_blank\" rel=\"noopener\">WHG Zertifikat (GTGA)<\/a><\/p>\n<\/p><\/div>\n<\/p><\/div>\n<div class=\"builder-text-column builder-text-column-3\" id=\"builder-section-text_11-column-3\">\n<div class=\"builder-text-content\">\n<p style=\"text-align: center;\">F\u00fcr den Ausdruck ben\u00f6tigen Sie den Adobe Acrobat Reader.<\/p>\n<p style=\"text-align: center;\"><a href=\"https:\/\/www.baumeister-klima.de\/cms\/wp-content\/uploads\/2023\/03\/Datenschutz-BaWT.pdf\">Datenschutz BaWT<\/a><\/p>\n<\/p><\/div>\n<\/p><\/div>\n<\/p><\/div>\n<div class=\"builder-text-row\">\n<div class=\"builder-text-column builder-text-column-4\" id=\"builder-section-text_11-column-1\">\n<div class=\"builder-text-content\">\n<p style=\"text-align: center;\">F\u00fcr den Ausdruck ben\u00f6tigen Sie den Adobe Acrobat Reader.<\/p>\n<p style=\"text-align: center;\"><a href=\"https:\/\/www.baumeister-klima.de\/cms\/wp-content\/uploads\/2026\/02\/BAUMEISTER-VB-Compact-Haftpflicht_V-075-049-106-5.pdf\">Firmenhaftpflicht<\/a><\/p>\n<\/p><\/div>\n<\/p><\/div>\n<div class=\"builder-text-column builder-text-column-5\" id=\"builder-section-text_11-column-2\">\n<div class=\"builder-text-content\">\n<p style=\"text-align: center;\">F\u00fcr den Ausdruck ben\u00f6tigen Sie den Adobe Acrobat Reader.<\/p>\n<p style=\"text-align: center;\"><a href=\"https:\/\/www.baumeister-klima.de\/cms\/wp-content\/uploads\/2025\/07\/Chem-Zert-2025-neu.pdf\">ChemKlimaschutzV<\/a><\/p>\n<\/p><\/div>\n<\/p><\/div>\n<\/p><\/div>\n<\/p><\/div>\n<\/section>\n","protected":false},"excerpt":{"rendered":"<p>F\u00fcr den Ausdruck ben\u00f6tigen Sie den Adobe Acrobat Reader. BAWT Freistellung F\u00fcr den Ausdruck ben\u00f6tigen Sie den Adobe Acrobat Reader. WHG Zertifikat (GTGA) F\u00fcr den Ausdruck ben\u00f6tigen Sie den Adobe Acrobat Reader. Datenschutz BaWT F\u00fcr den Ausdruck ben\u00f6tigen Sie den Adobe Acrobat Reader. Firmenhaftpflicht F\u00fcr den Ausdruck ben\u00f6tigen Sie den Adobe Acrobat Reader. ChemKlimaschutzV<\/p>\n","protected":false},"author":1,"featured_media":0,"parent":0,"menu_order":0,"comment_status":"closed","ping_status":"closed","template":"template-builder.php","meta":{"footnotes":""},"class_list":["post-751","page","type-page","status-publish","hentry"],"_links":{"self":[{"href":"https:\/\/www.baumeister-klima.de\/cms\/wp-json\/wp\/v2\/pages\/751","targetHints":{"allow":["GET"]}}],"collection":[{"href":"https:\/\/www.baumeister-klima.de\/cms\/wp-json\/wp\/v2\/pages"}],"about":[{"href":"https:\/\/www.baumeister-klima.de\/cms\/wp-json\/wp\/v2\/types\/page"}],"author":[{"embeddable":true,"href":"https:\/\/www.baumeister-klima.de\/cms\/wp-json\/wp\/v2\/users\/1"}],"replies":[{"embeddable":true,"href":"https:\/\/www.baumeister-klima.de\/cms\/wp-json\/wp\/v2\/comments?post=751"}],"version-history":[{"count":17,"href":"https:\/\/www.baumeister-klima.de\/cms\/wp-json\/wp\/v2\/pages\/751\/revisions"}],"predecessor-version":[{"id":1121,"href":"https:\/\/www.baumeister-klima.de\/cms\/wp-json\/wp\/v2\/pages\/751\/revisions\/1121"}],"wp:attachment":[{"href":"https:\/\/www.baumeister-klima.de\/cms\/wp-json\/wp\/v2\/media?parent=751"}],"curies":[{"name":"wp","href":"https:\/\/api.w.org\/{rel}","templated":true}]}}