{"id":71,"date":"2017-11-30T19:00:30","date_gmt":"2017-11-30T19:00:30","guid":{"rendered":"https:\/\/www.baumeister-klima.de\/cms\/?page_id=71"},"modified":"2023-08-14T08:25:29","modified_gmt":"2023-08-14T08:25:29","slug":"philosophie","status":"publish","type":"page","link":"https:\/\/www.baumeister-klima.de\/cms\/philosophie\/","title":{"rendered":"Philosophie"},"content":{"rendered":"<section id=\"builder-section-text_11\" class=\"builder-section-first builder-section builder-section-text builder-section-next-gallery builder-text-columns-1\" style=\"background-size: cover; background-repeat: no-repeat;background-position: center center;\">\n<div class=\"builder-section-content\">\n<div class=\"builder-text-row\">\n<div class=\"builder-text-column builder-text-column-1\" id=\"builder-section-text_11-column-1\">\n<div class=\"builder-text-content\">\n<p>Das inhabergef\u00fchrte Familienunternehmen <b>Baumeister <\/b>blickt auf eine \u00fcber <b>230-j\u00e4hrige<\/b> Firmengeschichte zur\u00fcck und\u00a0ist heute eine der f\u00fchrenden Firmen im lufttechnischen Anlagenbau im gesamten s\u00fcddeutschen Raum.\u00a0<b>Baumeister<\/b> lebt als Unternehmen seine Philosophie und diese ist in der Unternehmenskultur auch f\u00fcr unsere Kunden erfahrbar. Und darauf sind wir und unsere Mitarbeiter stolz.<\/p>\n<\/p><\/div>\n<\/p><\/div>\n<\/p><\/div>\n<div class=\"builder-text-row\">\n<div class=\"builder-text-column builder-text-column-2\" id=\"builder-section-text_11-column-1\">\n<div class=\"builder-text-content\">\n<p>\u00a0<span class=\"ttfmake-icon mceNonEditable fa\">\uf054<\/span> Baumeister ist Qualit\u00e4t und steht f\u00fcr Zuverl\u00e4ssigkeit, Flexibilit\u00e4t, hohe Fertigungstiefe sowie modernste Technologie nach neuesten Standarts.<\/p>\n<p><span class=\"ttfmake-icon mceNonEditable fa\">\uf054<\/span> Wir sind ein Familienunternehmen in der 8. Generation und werden es auch bleiben.<\/p>\n<p><span class=\"ttfmake-icon mceNonEditable fa\">\uf054<\/span> Seri\u00f6s, Innovativ, Fair und Partnerschaftlich: das ist die Basis unseres langj\u00e4hrigen Erfolges.<\/p>\n<p><span class=\"ttfmake-icon mceNonEditable fa\">\uf054<\/span> Die Erfahrung, Flexibilit\u00e4t, Motivation und Loyalit\u00e4t unserer Mitarbeiterinnen und Mitarbeiter ist f\u00fcr uns ein kostbares Gut.<\/p>\n<p><span class=\"ttfmake-icon mceNonEditable fa\">\uf054<\/span> Qualit\u00e4t bedeutet f\u00fcr uns kontinuierliche Verbesserung<\/p>\n<p><span class=\"ttfmake-icon mceNonEditable fa\">\uf054<\/span> Ehrlichkeit, Bescheidenheit und Integrit\u00e4t sind unsere Erfolgsfaktoren<\/p>\n<p><span class=\"ttfmake-icon mceNonEditable fa\">\uf054<\/span> Intensiver Dialog mit Kunden und Lieferanten f\u00fcr eine vertrauensvolle und erfolgreiche Zusammenarbeit<\/p>\n<div>\n<p><b><i><\/i><\/b><b><i>Dirk Baumeister<\/i><\/b><i><br \/><\/i><i>gesch\u00e4ftsf\u00fchrender Gesellschafter \/\u00a0 CEO<\/i><\/p>\n<\/div><\/div>\n<\/p><\/div>\n<\/p><\/div>\n<div class=\"builder-text-row\">\n<div class=\"builder-text-column builder-text-column-3\" id=\"builder-section-text_11-column-1\">\n<div class=\"builder-text-content\">\n<h3>Die aktuellen Generationen<\/h3>\n<p><img loading=\"lazy\" decoding=\"async\" class=\"alignnone size-medium wp-image-80\" src=\"https:\/\/www.baumeister-klima.de\/cms\/wp-content\/uploads\/2017\/11\/Dirk-Baumeister-226x300.jpg\" alt=\"\" width=\"226\" height=\"300\" srcset=\"https:\/\/www.baumeister-klima.de\/cms\/wp-content\/uploads\/2017\/11\/Dirk-Baumeister-226x300.jpg 226w, https:\/\/www.baumeister-klima.de\/cms\/wp-content\/uploads\/2017\/11\/Dirk-Baumeister.jpg 459w\" sizes=\"auto, (max-width: 226px) 100vw, 226px\" \/><\/p>\n<p><b>Firmeninhaber und Chef Dirk Baumeister<\/b><\/p>\n<\/p><\/div>\n<\/p><\/div>\n<\/p><\/div>\n<div class=\"builder-text-row\">\n<div class=\"builder-text-column builder-text-column-4\" id=\"builder-section-text_11-column-1\">\n<div class=\"builder-text-content\">\n<hr \/>\n<p>unsere 8. Generation Gina + Jannick + Cheyenne<\/p>\n<\/p><\/div>\n<\/p><\/div>\n<\/p><\/div>\n<\/p><\/div>\n<\/section>\n<section id=\"builder-section-gallery_67\" class=\"builder-section-prev-text builder-section builder-section-gallery builder-section-last builder-gallery-columns-3 builder-gallery-captions-none builder-gallery-captions-light builder-gallery-aspect-none\" style=\"background-size: cover; background-repeat: no-repeat;background-position: center center;\">\n<div class=\"builder-section-content\">\n<div class=\"builder-gallery-item \">\n<figure class=\"builder-gallery-image\" style=\"background-image: url(&#039;https:\/\/www.baumeister-klima.de\/cms\/wp-content\/uploads\/2023\/05\/gina-jani-2023-e1683214986529.jpg&#039;);padding-bottom: 141.5652173913%;\"><\/figure>\n<\/p><\/div>\n<div class=\"builder-gallery-item \">\n<figure class=\"builder-gallery-image\" style=\"background-image: url(&#039;https:\/\/www.baumeister-klima.de\/cms\/wp-content\/uploads\/2023\/05\/Chey-2023.jpg&#039;);padding-bottom: 141.34275618375%;\"><\/figure>\n<\/p><\/div>\n<\/p><\/div>\n<\/section>\n","protected":false},"excerpt":{"rendered":"<p>Das inhabergef\u00fchrte Familienunternehmen Baumeister blickt auf eine \u00fcber 230-j\u00e4hrige Firmengeschichte zur\u00fcck und\u00a0ist heute eine der f\u00fchrenden Firmen im lufttechnischen Anlagenbau im gesamten s\u00fcddeutschen Raum.\u00a0Baumeister lebt als Unternehmen seine Philosophie und diese ist in der Unternehmenskultur auch f\u00fcr unsere Kunden erfahrbar. Und darauf sind wir und unsere Mitarbeiter stolz. \u00a0\uf054 Baumeister ist Qualit\u00e4t und steht f\u00fcr &hellip;<\/p>\n","protected":false},"author":1,"featured_media":0,"parent":0,"menu_order":0,"comment_status":"closed","ping_status":"closed","template":"template-builder.php","meta":{"footnotes":""},"class_list":["post-71","page","type-page","status-publish","hentry"],"_links":{"self":[{"href":"https:\/\/www.baumeister-klima.de\/cms\/wp-json\/wp\/v2\/pages\/71","targetHints":{"allow":["GET"]}}],"collection":[{"href":"https:\/\/www.baumeister-klima.de\/cms\/wp-json\/wp\/v2\/pages"}],"about":[{"href":"https:\/\/www.baumeister-klima.de\/cms\/wp-json\/wp\/v2\/types\/page"}],"author":[{"embeddable":true,"href":"https:\/\/www.baumeister-klima.de\/cms\/wp-json\/wp\/v2\/users\/1"}],"replies":[{"embeddable":true,"href":"https:\/\/www.baumeister-klima.de\/cms\/wp-json\/wp\/v2\/comments?post=71"}],"version-history":[{"count":7,"href":"https:\/\/www.baumeister-klima.de\/cms\/wp-json\/wp\/v2\/pages\/71\/revisions"}],"predecessor-version":[{"id":989,"href":"https:\/\/www.baumeister-klima.de\/cms\/wp-json\/wp\/v2\/pages\/71\/revisions\/989"}],"wp:attachment":[{"href":"https:\/\/www.baumeister-klima.de\/cms\/wp-json\/wp\/v2\/media?parent=71"}],"curies":[{"name":"wp","href":"https:\/\/api.w.org\/{rel}","templated":true}]}}