{"id":55,"date":"2017-11-30T14:43:43","date_gmt":"2017-11-30T14:43:43","guid":{"rendered":"https:\/\/www.baumeister-klima.de\/cms\/?page_id=55"},"modified":"2023-02-13T07:45:03","modified_gmt":"2023-02-13T07:45:03","slug":"info","status":"publish","type":"page","link":"https:\/\/www.baumeister-klima.de\/cms\/info\/","title":{"rendered":"Info"},"content":{"rendered":"<section id=\"builder-section-text_183\" class=\"builder-section-first builder-section builder-section-text builder-section-last builder-text-columns-1\" style=\"background-size: cover; background-repeat: no-repeat;background-position: center center;\">\n<div class=\"builder-section-content\">\n<div class=\"builder-text-row\">\n<div class=\"builder-text-column builder-text-column-1\" id=\"builder-section-text_183-column-1\">\n<div class=\"builder-text-content\">\n<p>Wir sind eines der f\u00fchrenden Unternehmen im lufttechnischen Anlagenbau mit Sitz in Rottweil, der \u00e4ltesten Stadt Baden-W\u00fcrttembergs.<\/p>\n<p><strong><span style=\"color: #0000ff;\">Wir bieten Ihnen:<\/span><\/strong><\/p>\n<p>Planung, eigene Kanalproduktion, Montage und Service f\u00fcr den gesamten lufttechnischen Anlagenbau. Wir sind ein modernes familiengef\u00fchrtes Unternehmen, das sich an den neuesten technischen Richtlinien und Hygienestandarts des lufttechnischen Anlagenbaus orientiert.<\/p>\n<p>ausgestattet mit langj\u00e4hriger l\u00fcftungstechnischer Kompetenz ist unser Leitspruch:<\/p>\n<h1><strong><span style=\"color: #ff0000;\">Wir schaffen prima Klima<\/span><\/strong><\/h1>\n<\/p><\/div>\n<\/p><\/div>\n<\/p><\/div>\n<div class=\"builder-text-row\">\n<div class=\"builder-text-column builder-text-column-2\" id=\"builder-section-text_183-column-1\">\n<div class=\"builder-text-content\">\n<p>Das bedeutet f\u00fcr uns sowohl die enge Zusammenarbeit mit Kunden und Lieferanten sowie Effizienz bei Planung, und Qualit\u00e4t, Produktion und Montage.<\/p>\n<p>Unser hohes Ma\u00df an Flexibilit\u00e4t ist durch unsere eigene Luftkanal- und Sonderteilfertigung stets gew\u00e4hrleistet. Wir versorgen dar\u00fcber hinaus Kunden in ganz Baden-W\u00fcrttemberg mit L\u00fcftungskan\u00e4len und Sonderformteilen.<\/p>\n<p>Uns bringt mit mehr als 230 Jahren Erfahrung in der Metallbearbeitung und \u00fcber 60 Jahre im lufttechnischen Anlagenbau kein noch so komplexes Kanalteil aus der Fassung.<\/p>\n<\/p><\/div>\n<\/p><\/div>\n<\/p><\/div>\n<div class=\"builder-text-row\">\n<div class=\"builder-text-column builder-text-column-3\" id=\"builder-section-text_183-column-1\">\n<div class=\"builder-text-content\">\n<p><strong>Fordern Sie uns!<\/strong><\/p>\n<p>F\u00fcr Ihre Fragen steht Ihnen unser Mitarbeiterteam jederzeit zur Verf\u00fcgung.<\/p>\n<p>gesch\u00e4ftsf\u00fchrender Gesellschafter \u00a0\u00a0 \u00a0 \u00a0 \u00a0\u00a0\u00a0 Herr Dirk Baumeister\u00a0\u00a0\u00a0 CEO\/General Manager<br \/>kaufm. Gesch\u00e4ftsf\u00fchrer\u00a0\u00a0\u00a0\u00a0\u00a0\u00a0\u00a0\u00a0\u00a0\u00a0\u00a0\u00a0\u00a0\u00a0\u00a0\u00a0\u00a0\u00a0\u00a0\u00a0\u00a0\u00a0\u00a0\u00a0\u00a0\u00a0\u00a0\u00a0\u00a0\u00a0 Herr Herrman Miller\u00a0\u00a0\u00a0\u00a0\u00a0 Calculation Manager<br \/>technischer Leiter \u00a0 \u00a0 \u00a0 \u00a0 \u00a0 \u00a0 \u00a0 \u00a0 \u00a0 \u00a0 \u00a0 \u00a0 \u00a0 \u00a0 \u00a0 \u00a0 \u00a0 \u00a0 \u00a0 \u00a0 Herr Rainer Hilzinger\u00a0\u00a0\u00a0\u00a0 Technical Manager<br \/>Fertigungsleitung \u00a0 \u00a0 \u00a0 \u00a0 \u00a0 \u00a0 \u00a0 \u00a0 \u00a0 \u00a0 \u00a0 \u00a0 \u00a0 \u00a0 \u00a0 \u00a0 \u00a0 \u00a0 \u00a0 \u00a0\u00a0 Herr Andreas Gruler\u00a0 \u00a0 \u00a0 Production Manager (<span lang=\"en\" tabindex=\"0\">Air duct construction)<\/span><br \/>Montageleiter\u00a0\u00a0\u00a0\u00a0\u00a0\u00a0\u00a0\u00a0\u00a0\u00a0\u00a0\u00a0\u00a0\u00a0\u00a0\u00a0\u00a0\u00a0\u00a0\u00a0\u00a0\u00a0\u00a0\u00a0\u00a0\u00a0\u00a0\u00a0\u00a0\u00a0\u00a0\u00a0\u00a0\u00a0\u00a0\u00a0\u00a0\u00a0\u00a0\u00a0\u00a0\u00a0\u00a0\u00a0\u00a0\u00a0\u00a0 Herr Norbert Merkle\u00a0\u00a0\u00a0\u00a0\u00a0 Assembly Manager<br \/>Serviceleiter\u00a0\u00a0\u00a0\u00a0\u00a0\u00a0\u00a0\u00a0\u00a0\u00a0\u00a0\u00a0\u00a0\u00a0\u00a0\u00a0\u00a0\u00a0\u00a0\u00a0\u00a0\u00a0\u00a0\u00a0\u00a0\u00a0\u00a0\u00a0\u00a0\u00a0\u00a0\u00a0\u00a0\u00a0\u00a0\u00a0\u00a0\u00a0\u00a0\u00a0\u00a0\u00a0\u00a0\u00a0\u00a0\u00a0\u00a0\u00a0\u00a0\u00a0 Herr Mike Bucher\u00a0\u00a0\u00a0\u00a0\u00a0\u00a0\u00a0\u00a0\u00a0\u00a0 <span lang=\"en\" tabindex=\"0\">Service Manager<\/span><br \/>Lager &amp; Logistik\u00a0\u00a0\u00a0\u00a0\u00a0\u00a0\u00a0\u00a0\u00a0\u00a0\u00a0\u00a0\u00a0\u00a0\u00a0\u00a0\u00a0\u00a0\u00a0\u00a0\u00a0\u00a0\u00a0\u00a0\u00a0\u00a0\u00a0\u00a0\u00a0\u00a0\u00a0\u00a0\u00a0\u00a0\u00a0\u00a0\u00a0\u00a0\u00a0\u00a0\u00a0\u00a0\u00a0\u00a0 Herr Robert Tre\u00df\u00a0\u00a0\u00a0\u00a0\u00a0\u00a0\u00a0\u00a0\u00a0\u00a0\u00a0 <span lang=\"en\" tabindex=\"0\">Warehouse &amp; Logistics<\/span><\/p>\n<\/p><\/div>\n<\/p><\/div>\n<\/p><\/div>\n<\/p><\/div>\n<\/section>\n","protected":false},"excerpt":{"rendered":"<p>Wir sind eines der f\u00fchrenden Unternehmen im lufttechnischen Anlagenbau mit Sitz in Rottweil, der \u00e4ltesten Stadt Baden-W\u00fcrttembergs. Wir bieten Ihnen: Planung, eigene Kanalproduktion, Montage und Service f\u00fcr den gesamten lufttechnischen Anlagenbau. Wir sind ein modernes familiengef\u00fchrtes Unternehmen, das sich an den neuesten technischen Richtlinien und Hygienestandarts des lufttechnischen Anlagenbaus orientiert. ausgestattet mit langj\u00e4hriger l\u00fcftungstechnischer Kompetenz &hellip;<\/p>\n","protected":false},"author":1,"featured_media":0,"parent":0,"menu_order":0,"comment_status":"closed","ping_status":"closed","template":"template-builder.php","meta":{"footnotes":""},"class_list":["post-55","page","type-page","status-publish","hentry"],"_links":{"self":[{"href":"https:\/\/www.baumeister-klima.de\/cms\/wp-json\/wp\/v2\/pages\/55","targetHints":{"allow":["GET"]}}],"collection":[{"href":"https:\/\/www.baumeister-klima.de\/cms\/wp-json\/wp\/v2\/pages"}],"about":[{"href":"https:\/\/www.baumeister-klima.de\/cms\/wp-json\/wp\/v2\/types\/page"}],"author":[{"embeddable":true,"href":"https:\/\/www.baumeister-klima.de\/cms\/wp-json\/wp\/v2\/users\/1"}],"replies":[{"embeddable":true,"href":"https:\/\/www.baumeister-klima.de\/cms\/wp-json\/wp\/v2\/comments?post=55"}],"version-history":[{"count":2,"href":"https:\/\/www.baumeister-klima.de\/cms\/wp-json\/wp\/v2\/pages\/55\/revisions"}],"predecessor-version":[{"id":926,"href":"https:\/\/www.baumeister-klima.de\/cms\/wp-json\/wp\/v2\/pages\/55\/revisions\/926"}],"wp:attachment":[{"href":"https:\/\/www.baumeister-klima.de\/cms\/wp-json\/wp\/v2\/media?parent=55"}],"curies":[{"name":"wp","href":"https:\/\/api.w.org\/{rel}","templated":true}]}}