{"id":366,"date":"2017-12-15T17:19:27","date_gmt":"2017-12-15T17:19:27","guid":{"rendered":"https:\/\/www.baumeister-klima.de\/cms\/?page_id=366"},"modified":"2020-06-13T05:11:50","modified_gmt":"2020-06-13T05:11:50","slug":"azubi-technischer-system-planer","status":"publish","type":"page","link":"https:\/\/www.baumeister-klima.de\/cms\/azubi-technischer-system-planer\/","title":{"rendered":"Azubi Technischer System Planer"},"content":{"rendered":"<section id=\"builder-section-text_11\" class=\"builder-section-first builder-section builder-section-text builder-section-last builder-text-columns-1\" style=\"background-size: cover; background-repeat: no-repeat;background-position: center center;\">\n<div class=\"builder-section-content\">\n<div class=\"builder-text-row\">\n<div class=\"builder-text-column builder-text-column-1\" id=\"builder-section-text_11-column-1\">\n<div class=\"builder-text-content\">\n<p><strong>Wir suchen:\u00a0 Azubi &#8211; M\/W technischer System Planer\u00a0 (Versorgungs- und Ausr\u00fcstungstechnik)<\/strong><\/p>\n<p><strong>Voraussetzung:<\/strong>\u00a0 Schulabschluss min. Realschule Note 3 und besser, r\u00e4umliches Vorstellungsverm\u00f6gen, gute mathematische Kenntnisse, sehr gute Deutschkenntnisse in Word und Schrift, Teamgeist, Belastbarkeit und Flexibilit\u00e4t<\/p>\n<p>F\u00fchrerschein min PKW bzw. FS-Ausbildung geplant.<\/p>\n<p><strong>Ihr T\u00e4tigkeitsbereich: <\/strong>Zeichnen von L\u00fcftungsanlagen mit unserem hochmodernen CAD<\/p>\n<p>System &#8211; Rukon 3-D der Fa. Tacos.<\/p>\n<p>Einlesen und Einarbeitung von Pl\u00e4nen der Planungsb\u00fcros mit unseren Technikern und Ingenieuren<\/p>\n<p>Erstellen von Kanalnetzberechnungen und \u00dcbergabe der Pl\u00e4ne per Schnittstelle an unsere hauseigene Kanalfertigung<\/p>\n<p>Bestellungen von L\u00fcftungskomponenten<\/p>\n<p>Kontakt mit unseren Monteuren vor Ort bei Planung und Ausf\u00fchrung<\/p>\n<p>Erstellen von Revisionsunterlagen<\/p>\n<p><b>Wir bieten: <\/b>ein verl\u00e4ssliches und zuverl\u00e4ssiges Team von Kollegen, leistungsgerechte \u00fcbertarifliche\u00a0 Bezahlung gute Einarbeitung und notwendige Schulungen sind selbstverst\u00e4ndlich.<\/p>\n<p>Bei erfolgreichem guten Abschluss der Ausbildung ist eine \u00dcbernahme in ein festes Arbeitsverh\u00e4ltnis von uns gew\u00fcnscht.<\/p>\n<p>Sollten Sie unseren Anforderungen entsprechen oder noch Fragen haben, so schreiben\u00a0 Sie uns bitte schriftlich &#8211; Per Mail\u00a0 an:\u00a0 info (at ) baumeister-klima.de<\/p>\n<p>Baumeister W\u00e4rmetechnik GmbH<\/p>\n<p>z.Hd. Herrn Dirk Baumeister CEO<\/p>\n<p>Industriegebiet Saline 39<\/p>\n<p>78628 Rottweil<\/p>\n<\/p><\/div>\n<\/p><\/div>\n<\/p><\/div>\n<div class=\"builder-text-row\">\n<div class=\"builder-text-column builder-text-column-2\" id=\"builder-section-text_11-column-1\">\n<div class=\"builder-text-content\">\n\t\t\t\t\t\t\t\t\t\t\t<\/div>\n<\/p><\/div>\n<\/p><\/div>\n<div class=\"builder-text-row\">\n<div class=\"builder-text-column builder-text-column-3\" id=\"builder-section-text_11-column-1\">\n<div class=\"builder-text-content\">\n\t\t\t\t\t\t\t\t\t\t\t<\/div>\n<\/p><\/div>\n<\/p><\/div>\n<\/p><\/div>\n<\/section>\n","protected":false},"excerpt":{"rendered":"<p>Wir suchen:\u00a0 Azubi &#8211; M\/W technischer System Planer\u00a0 (Versorgungs- und Ausr\u00fcstungstechnik) Voraussetzung:\u00a0 Schulabschluss min. Realschule Note 3 und besser, r\u00e4umliches Vorstellungsverm\u00f6gen, gute mathematische Kenntnisse, sehr gute Deutschkenntnisse in Word und Schrift, Teamgeist, Belastbarkeit und Flexibilit\u00e4t F\u00fchrerschein min PKW bzw. FS-Ausbildung geplant. Ihr T\u00e4tigkeitsbereich: Zeichnen von L\u00fcftungsanlagen mit unserem hochmodernen CAD System &#8211; Rukon 3-D der &hellip;<\/p>\n","protected":false},"author":1,"featured_media":0,"parent":0,"menu_order":0,"comment_status":"closed","ping_status":"closed","template":"template-builder.php","meta":{"footnotes":""},"class_list":["post-366","page","type-page","status-publish","hentry"],"_links":{"self":[{"href":"https:\/\/www.baumeister-klima.de\/cms\/wp-json\/wp\/v2\/pages\/366","targetHints":{"allow":["GET"]}}],"collection":[{"href":"https:\/\/www.baumeister-klima.de\/cms\/wp-json\/wp\/v2\/pages"}],"about":[{"href":"https:\/\/www.baumeister-klima.de\/cms\/wp-json\/wp\/v2\/types\/page"}],"author":[{"embeddable":true,"href":"https:\/\/www.baumeister-klima.de\/cms\/wp-json\/wp\/v2\/users\/1"}],"replies":[{"embeddable":true,"href":"https:\/\/www.baumeister-klima.de\/cms\/wp-json\/wp\/v2\/comments?post=366"}],"version-history":[{"count":0,"href":"https:\/\/www.baumeister-klima.de\/cms\/wp-json\/wp\/v2\/pages\/366\/revisions"}],"wp:attachment":[{"href":"https:\/\/www.baumeister-klima.de\/cms\/wp-json\/wp\/v2\/media?parent=366"}],"curies":[{"name":"wp","href":"https:\/\/api.w.org\/{rel}","templated":true}]}}