{"id":354,"date":"2017-12-15T16:34:31","date_gmt":"2017-12-15T16:34:31","guid":{"rendered":"https:\/\/www.baumeister-klima.de\/cms\/?page_id=354"},"modified":"2020-06-13T05:16:06","modified_gmt":"2020-06-13T05:16:06","slug":"produktionsmitarbeiter","status":"publish","type":"page","link":"https:\/\/www.baumeister-klima.de\/cms\/produktionsmitarbeiter\/","title":{"rendered":"Produktionsmitarbeiter"},"content":{"rendered":"<section id=\"builder-section-text_11\" class=\"builder-section-first builder-section builder-section-text builder-section-last builder-text-columns-1\" style=\"background-size: cover; background-repeat: no-repeat;background-position: center center;\">\n<div class=\"builder-section-content\">\n<div class=\"builder-text-row\">\n<div class=\"builder-text-column builder-text-column-1\" id=\"builder-section-text_11-column-1\">\n<div class=\"builder-text-content\">\n<p><strong>Wir suchen: M\/W\u00a0\u00a0\u00a0 Produktionsmitarbeiter in unserer eigenen Luftkanalherstellung<\/strong><\/p>\n<p>Voraussetzung: handwerkliches Geschick , Umgang mit Metall und Blech- Bearbeitungsmaschinen<\/p>\n<p>F\u00fchrerschein <strong><u>min.<\/u><\/strong>\u00a0 PKW B (Klasse 3 alt)<\/p>\n<p><strong>Ihr T\u00e4tigkeitsbereich:<\/strong> Montage in modernen CAD\/CAM gest\u00fctzten Luftkanalfertigung.<\/p>\n<p>Profilss\u00e4gearbeiten, Abdichtung der fertigen Luftkan\u00e4le<\/p>\n<p>LKW Beladung und Aushelfen bei Baustelleneins\u00e4tzen<\/p>\n<p><b>Wir bieten: <\/b>ein gutes flexibles und freundliches\u00a0 Team von Kollegen, gute Einarbeitung und notwendige Schulungen sind unsere Voraussetzungen f\u00fcr Ihre T\u00e4tigkeit<\/p>\n<p>Gute leistungsbezogene Bezahlung mit Pr\u00e4mien und Urlaubsgeld<\/p>\n<p>Betriebskleidung und Sicherheitsausr\u00fcstung wird gestellt.<\/p>\n<p>Sollten Sie unseren Anforderungen entsprechen, so bewerben Sie sich bitte schriftlich &#8211; Per Mail unter folgender Adresse:<\/p>\n<p>Baumeister W\u00e4rmetechnik GmbH<\/p>\n<p>z.Hd. Herrn Dirk Baumeister CEO<\/p>\n<p>Industriegebiet Saline 39<\/p>\n<p>78628 Rottweil<\/p>\n<p>postfach@baumeister-klima.de<\/p>\n<\/p><\/div>\n<\/p><\/div>\n<\/p><\/div>\n<div class=\"builder-text-row\">\n<div class=\"builder-text-column builder-text-column-2\" id=\"builder-section-text_11-column-1\">\n<div class=\"builder-text-content\">\n\t\t\t\t\t\t\t\t\t\t\t<\/div>\n<\/p><\/div>\n<\/p><\/div>\n<div class=\"builder-text-row\">\n<div class=\"builder-text-column builder-text-column-3\" id=\"builder-section-text_11-column-1\">\n<div class=\"builder-text-content\">\n\t\t\t\t\t\t\t\t\t\t\t<\/div>\n<\/p><\/div>\n<\/p><\/div>\n<\/p><\/div>\n<\/section>\n","protected":false},"excerpt":{"rendered":"<p>Wir suchen: M\/W\u00a0\u00a0\u00a0 Produktionsmitarbeiter in unserer eigenen Luftkanalherstellung Voraussetzung: handwerkliches Geschick , Umgang mit Metall und Blech- Bearbeitungsmaschinen F\u00fchrerschein min.\u00a0 PKW B (Klasse 3 alt) Ihr T\u00e4tigkeitsbereich: Montage in modernen CAD\/CAM gest\u00fctzten Luftkanalfertigung. Profilss\u00e4gearbeiten, Abdichtung der fertigen Luftkan\u00e4le LKW Beladung und Aushelfen bei Baustelleneins\u00e4tzen Wir bieten: ein gutes flexibles und freundliches\u00a0 Team von Kollegen, gute &hellip;<\/p>\n","protected":false},"author":1,"featured_media":0,"parent":0,"menu_order":0,"comment_status":"closed","ping_status":"closed","template":"template-builder.php","meta":{"footnotes":""},"class_list":["post-354","page","type-page","status-publish","hentry"],"_links":{"self":[{"href":"https:\/\/www.baumeister-klima.de\/cms\/wp-json\/wp\/v2\/pages\/354","targetHints":{"allow":["GET"]}}],"collection":[{"href":"https:\/\/www.baumeister-klima.de\/cms\/wp-json\/wp\/v2\/pages"}],"about":[{"href":"https:\/\/www.baumeister-klima.de\/cms\/wp-json\/wp\/v2\/types\/page"}],"author":[{"embeddable":true,"href":"https:\/\/www.baumeister-klima.de\/cms\/wp-json\/wp\/v2\/users\/1"}],"replies":[{"embeddable":true,"href":"https:\/\/www.baumeister-klima.de\/cms\/wp-json\/wp\/v2\/comments?post=354"}],"version-history":[{"count":0,"href":"https:\/\/www.baumeister-klima.de\/cms\/wp-json\/wp\/v2\/pages\/354\/revisions"}],"wp:attachment":[{"href":"https:\/\/www.baumeister-klima.de\/cms\/wp-json\/wp\/v2\/media?parent=354"}],"curies":[{"name":"wp","href":"https:\/\/api.w.org\/{rel}","templated":true}]}}