{"id":351,"date":"2020-06-15T16:26:21","date_gmt":"2020-06-15T16:26:21","guid":{"rendered":"https:\/\/www.baumeister-klima.de\/cms\/?page_id=351"},"modified":"2020-06-25T06:52:48","modified_gmt":"2020-06-25T06:52:48","slug":"kaelteanlagenmonteure","status":"publish","type":"page","link":"https:\/\/www.baumeister-klima.de\/cms\/kaelteanlagenmonteure\/","title":{"rendered":"K\u00e4lteanlagenmonteure"},"content":{"rendered":"<section id=\"builder-section-text_11\" class=\"builder-section-first builder-section builder-section-text builder-section-last builder-text-columns-1\" style=\"background-size: cover; background-repeat: no-repeat;background-position: center center;\">\n<div class=\"builder-section-content\">\n<div class=\"builder-text-row\">\n<div class=\"builder-text-column builder-text-column-1\" id=\"builder-section-text_11-column-1\">\n<div class=\"builder-text-content\">\n<p>Wir suchen: <strong> M \/ W\u00a0\u00a0\u00a0\u00a0\u00a0\u00a0\u00a0 <\/strong> <strong><em><u>K\u00e4ltemonteur<\/u><\/em><\/strong>\u00a0\u00a0 K\u00e4lteanlagenmonteure m\/w<\/p>\n<p><strong>Voraussetzung:<\/strong> abgeschlossene Ausbildung als K\u00e4lteanlagenbauer, K\u00e4lte &amp; klimatechnische Montageerfahrung, Teamgeist, Flexibilit\u00e4t und Leistungsbereitschaft. Selbstst\u00e4ndige, verantwortungsbewusste und kundenorientierte Arbeitsweise Umgang mit Hubb\u00fchnen, Stapler und Hebezeugen<\/p>\n<p>G\u00fcltig. F\u00fchrerschein <strong><u>min.<\/u><\/strong>\u00a0 PKW <strong> mit<\/strong> Anh\u00e4nger &#8211; FS<\/p>\n<p><strong>Ihr T\u00e4tigkeitsbereich:<\/strong> Montage von K\u00e4lte- und Klimaanlagen im Bereich Industrie-, Klima- und Gewerbek\u00e4lte Baustellenmontage unserer L\u00fcftungs- und K\u00e4lteanlagen bis zur Inbetriebnahme.<\/p>\n<p>Montage im Team mit unseren eigenen Mitarbeitern.<\/p>\n<p>Materiallogistik f\u00fcr die Baustelle mit Absprache Lagerist und LKW<\/p>\n<p>H\u00f6henmontagen in Hallen bis zu 15 Metern (Hubb\u00fchnen, Ger\u00fcste)<\/p>\n<p>Aufdachmontagen bis zu 40 Meter. Dachzentralen und Kanalsysteme<\/p>\n<p><b>Wir bieten: <\/b>ein verl\u00e4ssliches junges und dynamisches Team von Mitarbeitern,<\/p>\n<p>modernes Montagefahrzeug leistungsgerechte \u00fcbertarifliche\u00a0 Bezahlung (Urlaubsgeld \/ Pr\u00e4mienzahlung) gute Einarbeitung und notwendige Schulungen<\/p>\n<p>Sollten Sie unseren Anforderungen entsprechen, so bewerben Sie sich bitte schriftlich \/per Mail\u00a0 unter folgender Adresse:<\/p>\n<p>Baumeister W\u00e4rmetechnik GmbH<\/p>\n<p>z.Hd. Herrn Dirk Baumeister CEO<\/p>\n<p>Industriegebiet Saline 39<\/p>\n<p>78628 Rottweil<\/p>\n<p>postfach@baumeister-klima.de<\/p>\n<\/p><\/div>\n<\/p><\/div>\n<\/p><\/div>\n<div class=\"builder-text-row\">\n<div class=\"builder-text-column builder-text-column-2\" id=\"builder-section-text_11-column-1\">\n<div class=\"builder-text-content\">\n\t\t\t\t\t\t\t\t\t\t\t<\/div>\n<\/p><\/div>\n<\/p><\/div>\n<div class=\"builder-text-row\">\n<div class=\"builder-text-column builder-text-column-3\" id=\"builder-section-text_11-column-1\">\n<div class=\"builder-text-content\">\n\t\t\t\t\t\t\t\t\t\t\t<\/div>\n<\/p><\/div>\n<\/p><\/div>\n<\/p><\/div>\n<\/section>\n","protected":false},"excerpt":{"rendered":"<p>Wir suchen: M \/ W\u00a0\u00a0\u00a0\u00a0\u00a0\u00a0\u00a0 K\u00e4ltemonteur\u00a0\u00a0 K\u00e4lteanlagenmonteure m\/w Voraussetzung: abgeschlossene Ausbildung als K\u00e4lteanlagenbauer, K\u00e4lte &amp; klimatechnische Montageerfahrung, Teamgeist, Flexibilit\u00e4t und Leistungsbereitschaft. Selbstst\u00e4ndige, verantwortungsbewusste und kundenorientierte Arbeitsweise Umgang mit Hubb\u00fchnen, Stapler und Hebezeugen G\u00fcltig. F\u00fchrerschein min.\u00a0 PKW mit Anh\u00e4nger &#8211; FS Ihr T\u00e4tigkeitsbereich: Montage von K\u00e4lte- und Klimaanlagen im Bereich Industrie-, Klima- und Gewerbek\u00e4lte Baustellenmontage unserer &hellip;<\/p>\n","protected":false},"author":1,"featured_media":0,"parent":0,"menu_order":0,"comment_status":"closed","ping_status":"closed","template":"template-builder.php","meta":{"footnotes":""},"class_list":["post-351","page","type-page","status-publish","hentry"],"_links":{"self":[{"href":"https:\/\/www.baumeister-klima.de\/cms\/wp-json\/wp\/v2\/pages\/351","targetHints":{"allow":["GET"]}}],"collection":[{"href":"https:\/\/www.baumeister-klima.de\/cms\/wp-json\/wp\/v2\/pages"}],"about":[{"href":"https:\/\/www.baumeister-klima.de\/cms\/wp-json\/wp\/v2\/types\/page"}],"author":[{"embeddable":true,"href":"https:\/\/www.baumeister-klima.de\/cms\/wp-json\/wp\/v2\/users\/1"}],"replies":[{"embeddable":true,"href":"https:\/\/www.baumeister-klima.de\/cms\/wp-json\/wp\/v2\/comments?post=351"}],"version-history":[{"count":0,"href":"https:\/\/www.baumeister-klima.de\/cms\/wp-json\/wp\/v2\/pages\/351\/revisions"}],"wp:attachment":[{"href":"https:\/\/www.baumeister-klima.de\/cms\/wp-json\/wp\/v2\/media?parent=351"}],"curies":[{"name":"wp","href":"https:\/\/api.w.org\/{rel}","templated":true}]}}