{"id":348,"date":"2017-12-15T16:23:30","date_gmt":"2017-12-15T16:23:30","guid":{"rendered":"https:\/\/www.baumeister-klima.de\/cms\/?page_id=348"},"modified":"2020-06-13T05:08:52","modified_gmt":"2020-06-13T05:08:52","slug":"lueftungsmonteur","status":"publish","type":"page","link":"https:\/\/www.baumeister-klima.de\/cms\/lueftungsmonteur\/","title":{"rendered":"L\u00fcftungsmonteur"},"content":{"rendered":"<section id=\"builder-section-text_11\" class=\"builder-section-first builder-section builder-section-text builder-section-last builder-text-columns-1\" style=\"background-size: cover; background-repeat: no-repeat;background-position: center center;\">\n<div class=\"builder-section-content\">\n<div class=\"builder-text-row\">\n<div class=\"builder-text-column builder-text-column-1\" id=\"builder-section-text_11-column-1\">\n<div class=\"builder-text-content\">\n<p>Wir suchen: <strong>M \/ W\u00a0\u00a0\u00a0\u00a0\u00a0\u00a0\u00a0 <\/strong> L\u00fcftungsmonteur<\/p>\n<p><strong>Voraussetzung:<\/strong>\u00a0 abgeschlossene Ausbildung, idealerweise mehrj\u00e4hrige Erfahrung im luft- &amp; klimatechnischen Bereich Montage von L\u00fcftungsanlagen, Teamgeist, Flexibilit\u00e4t und Leistungsbereitschaft im Umgang mit Hubb\u00fchnen, Stapler und Hebezeugen<\/p>\n<p>F\u00fchrerschein <strong><u>min.<\/u><\/strong>\u00a0 PKW <strong>mit<\/strong> Anh\u00e4nger &#8211; FS<\/p>\n<p><strong>Ihr T\u00e4tigkeitsbereich:<\/strong> Baustellenmontage unserer L\u00fcftungsanlagen bis zur Inbetriebnahme, Montage im Team mit unseren eigenen Mitarbeitern.<\/p>\n<p>Materiallogistik f\u00fcr die Baustelle mit Absprache Lagerist und LKW<\/p>\n<p>H\u00f6henmontagen in Hallen bis zu 15 Metern (Hubb\u00fchnen, Ger\u00fcste)<\/p>\n<p>Aufdachmontagen bis zu 40 Meter. Dachzentralen und Kanalsysteme<\/p>\n<p><b>Wir bieten: <\/b>ein verl\u00e4ssliches Team von Mitarbeitern, Montagefahrzeug leistungsgerechte \u00fcbertarifliche\u00a0 Bezahlung (Urlaubsgeld \/ Pr\u00e4mienzahlung) gute Einarbeitung und notwendige Schulungen.<\/p>\n<p>Sollten Sie unseren Anforderungen entsprechen, so bewerben Sie sich bitte schriftlich \/per Mail\u00a0 unter folgender Adresse:<\/p>\n<p>Baumeister W\u00e4rmetechnik GmbH<\/p>\n<p>z.Hd. Herrn Dirk Baumeister CEO<\/p>\n<p>Industriegebiet Saline 39<\/p>\n<p>78628 Rottweil<\/p>\n<p>postfach@baumeister-klima.de<\/p>\n<\/p><\/div>\n<\/p><\/div>\n<\/p><\/div>\n<div class=\"builder-text-row\">\n<div class=\"builder-text-column builder-text-column-2\" id=\"builder-section-text_11-column-1\">\n<div class=\"builder-text-content\">\n\t\t\t\t\t\t\t\t\t\t\t<\/div>\n<\/p><\/div>\n<\/p><\/div>\n<div class=\"builder-text-row\">\n<div class=\"builder-text-column builder-text-column-3\" id=\"builder-section-text_11-column-1\">\n<div class=\"builder-text-content\">\n\t\t\t\t\t\t\t\t\t\t\t<\/div>\n<\/p><\/div>\n<\/p><\/div>\n<\/p><\/div>\n<\/section>\n","protected":false},"excerpt":{"rendered":"<p>Wir suchen: M \/ W\u00a0\u00a0\u00a0\u00a0\u00a0\u00a0\u00a0 L\u00fcftungsmonteur Voraussetzung:\u00a0 abgeschlossene Ausbildung, idealerweise mehrj\u00e4hrige Erfahrung im luft- &amp; klimatechnischen Bereich Montage von L\u00fcftungsanlagen, Teamgeist, Flexibilit\u00e4t und Leistungsbereitschaft im Umgang mit Hubb\u00fchnen, Stapler und Hebezeugen F\u00fchrerschein min.\u00a0 PKW mit Anh\u00e4nger &#8211; FS Ihr T\u00e4tigkeitsbereich: Baustellenmontage unserer L\u00fcftungsanlagen bis zur Inbetriebnahme, Montage im Team mit unseren eigenen Mitarbeitern. Materiallogistik f\u00fcr &hellip;<\/p>\n","protected":false},"author":1,"featured_media":0,"parent":0,"menu_order":0,"comment_status":"closed","ping_status":"closed","template":"template-builder.php","meta":{"footnotes":""},"class_list":["post-348","page","type-page","status-publish","hentry"],"_links":{"self":[{"href":"https:\/\/www.baumeister-klima.de\/cms\/wp-json\/wp\/v2\/pages\/348","targetHints":{"allow":["GET"]}}],"collection":[{"href":"https:\/\/www.baumeister-klima.de\/cms\/wp-json\/wp\/v2\/pages"}],"about":[{"href":"https:\/\/www.baumeister-klima.de\/cms\/wp-json\/wp\/v2\/types\/page"}],"author":[{"embeddable":true,"href":"https:\/\/www.baumeister-klima.de\/cms\/wp-json\/wp\/v2\/users\/1"}],"replies":[{"embeddable":true,"href":"https:\/\/www.baumeister-klima.de\/cms\/wp-json\/wp\/v2\/comments?post=348"}],"version-history":[{"count":0,"href":"https:\/\/www.baumeister-klima.de\/cms\/wp-json\/wp\/v2\/pages\/348\/revisions"}],"wp:attachment":[{"href":"https:\/\/www.baumeister-klima.de\/cms\/wp-json\/wp\/v2\/media?parent=348"}],"curies":[{"name":"wp","href":"https:\/\/api.w.org\/{rel}","templated":true}]}}