{"id":338,"date":"2017-12-15T16:06:25","date_gmt":"2017-12-15T16:06:25","guid":{"rendered":"https:\/\/www.baumeister-klima.de\/cms\/?page_id=338"},"modified":"2020-06-13T05:17:55","modified_gmt":"2020-06-13T05:17:55","slug":"technische-zeichner","status":"publish","type":"page","link":"https:\/\/www.baumeister-klima.de\/cms\/technische-zeichner\/","title":{"rendered":"Technische Zeichner"},"content":{"rendered":"<section id=\"builder-section-text_11\" class=\"builder-section-first builder-section builder-section-text builder-section-last builder-text-columns-1\" style=\"background-size: cover; background-repeat: no-repeat;background-position: center center;\">\n<div class=\"builder-section-content\">\n<div class=\"builder-text-row\">\n<div class=\"builder-text-column builder-text-column-1\" id=\"builder-section-text_11-column-1\">\n<div class=\"builder-text-content\">\n<p><strong>Wir suchen:\u00a0\u00a0 M \/ W technische Zeichner \u00a0\u00a0\u00a0(H-K-L Heizung Klima L\u00fcftung)<\/strong><\/p>\n<p><strong>Voraussetzung:<\/strong> Selbstst\u00e4ndiges Arbeiten mit CAD Systemen, Schwerpunkt L\u00fcftung bzw. Erfahrungen im lufttechnischen Anlagenbau\u00a0\u00a0PC u. EDV Kenntnisse (Word ,Outlook, PDF, Exel) Teamgeist und Flexibilit\u00e4t. F\u00fchrerschein min.\u00a0 PKW<\/p>\n<p><strong>Ihr T\u00e4tigkeitsbereich: <\/strong>Zeichnen von L\u00fcftungsanlagen mit unserem hochmodernen CAD<\/p>\n<p>System Rukon 3-D der Fa. Tacos. Einlesen und Einarbeitung von Pl\u00e4nen der Planungsb\u00fcros mit unseren Technikern und Ingenieuren.<\/p>\n<p>Erstellen von Kanalnetzberechnungen und \u00dcbergabe der Pl\u00e4ne per Schnittstelle an unsere hauseigene Kanalfertigung<\/p>\n<p>Bestellungen von L\u00fcftungskomponenten<\/p>\n<p>Kontakt mit unseren Monteuren vor Ort bei Planung und Ausf\u00fchrung<\/p>\n<p>Erstellen von Revisionsunterlagen<\/p>\n<p><b>Wir bieten: <\/b>ein verl\u00e4ssliches und zuverl\u00e4ssiges Team von Kollegen,<\/p>\n<p>leistungsgerechte \u00fcbertarifliche\u00a0 Bezahlung (Urlaubsgeld \/ Pr\u00e4mienzahlung) gute Einarbeitung und notwendige Schulungen sind selbstverst\u00e4ndlich<\/p>\n<p>Sollten Sie unseren Anforderungen entsprechen oder noch Fragen haben, so schreiben\u00a0 Sie uns bitte schriftlich &#8211; Per Mail\u00a0 an:\u00a0 info (at) baumeister-klima.de<\/p>\n<p><b>Baumeister W\u00e4rmetechnik GmbH<\/b><\/p>\n<p><b>z.Hd. Herrn Dirk Baumeister CEO<\/b><\/p>\n<p><b>Industriegebiet Saline 39<\/b><\/p>\n<p><b>78628 Rottweil<\/b><\/p>\n<\/p><\/div>\n<\/p><\/div>\n<\/p><\/div>\n<div class=\"builder-text-row\">\n<div class=\"builder-text-column builder-text-column-2\" id=\"builder-section-text_11-column-1\">\n<div class=\"builder-text-content\">\n\t\t\t\t\t\t\t\t\t\t\t<\/div>\n<\/p><\/div>\n<\/p><\/div>\n<div class=\"builder-text-row\">\n<div class=\"builder-text-column builder-text-column-3\" id=\"builder-section-text_11-column-1\">\n<div class=\"builder-text-content\">\n\t\t\t\t\t\t\t\t\t\t\t<\/div>\n<\/p><\/div>\n<\/p><\/div>\n<\/p><\/div>\n<\/section>\n","protected":false},"excerpt":{"rendered":"<p>Wir suchen:\u00a0\u00a0 M \/ W technische Zeichner \u00a0\u00a0\u00a0(H-K-L Heizung Klima L\u00fcftung) Voraussetzung: Selbstst\u00e4ndiges Arbeiten mit CAD Systemen, Schwerpunkt L\u00fcftung bzw. Erfahrungen im lufttechnischen Anlagenbau\u00a0\u00a0PC u. EDV Kenntnisse (Word ,Outlook, PDF, Exel) Teamgeist und Flexibilit\u00e4t. F\u00fchrerschein min.\u00a0 PKW Ihr T\u00e4tigkeitsbereich: Zeichnen von L\u00fcftungsanlagen mit unserem hochmodernen CAD System Rukon 3-D der Fa. Tacos. Einlesen und Einarbeitung &hellip;<\/p>\n","protected":false},"author":1,"featured_media":0,"parent":0,"menu_order":0,"comment_status":"closed","ping_status":"closed","template":"template-builder.php","meta":{"footnotes":""},"class_list":["post-338","page","type-page","status-publish","hentry"],"_links":{"self":[{"href":"https:\/\/www.baumeister-klima.de\/cms\/wp-json\/wp\/v2\/pages\/338","targetHints":{"allow":["GET"]}}],"collection":[{"href":"https:\/\/www.baumeister-klima.de\/cms\/wp-json\/wp\/v2\/pages"}],"about":[{"href":"https:\/\/www.baumeister-klima.de\/cms\/wp-json\/wp\/v2\/types\/page"}],"author":[{"embeddable":true,"href":"https:\/\/www.baumeister-klima.de\/cms\/wp-json\/wp\/v2\/users\/1"}],"replies":[{"embeddable":true,"href":"https:\/\/www.baumeister-klima.de\/cms\/wp-json\/wp\/v2\/comments?post=338"}],"version-history":[{"count":0,"href":"https:\/\/www.baumeister-klima.de\/cms\/wp-json\/wp\/v2\/pages\/338\/revisions"}],"wp:attachment":[{"href":"https:\/\/www.baumeister-klima.de\/cms\/wp-json\/wp\/v2\/media?parent=338"}],"curies":[{"name":"wp","href":"https:\/\/api.w.org\/{rel}","templated":true}]}}