{"id":335,"date":"2017-12-15T15:54:37","date_gmt":"2017-12-15T15:54:37","guid":{"rendered":"https:\/\/www.baumeister-klima.de\/cms\/?page_id=335"},"modified":"2020-06-13T05:20:16","modified_gmt":"2020-06-13T05:20:16","slug":"versorgungstechniker-h-l-k","status":"publish","type":"page","link":"https:\/\/www.baumeister-klima.de\/cms\/versorgungstechniker-h-l-k\/","title":{"rendered":"Versorgungstechniker H L K"},"content":{"rendered":"<section id=\"builder-section-text_11\" class=\"builder-section-first builder-section builder-section-text builder-section-last builder-text-columns-1\" style=\"background-size: cover; background-repeat: no-repeat;background-position: center center;\">\n<div class=\"builder-section-content\">\n<div class=\"builder-text-row\">\n<div class=\"builder-text-column builder-text-column-1\" id=\"builder-section-text_11-column-1\">\n<div class=\"builder-text-content\">\n<p>Wir suchen: <strong>M \/ W\u00a0\u00a0\u00a0\u00a0\u00a0\u00a0 <\/strong> Versorgungstechniker H L K<\/p>\n<p><strong>Voraussetzung:<\/strong> Fach- bzw. Berufserfahrung im luft- klimatechnischen Bereich. Projektleitungserfahrung im lufttechnischen Anlagenbau (auch mit Schnittstellen zu anderen Gewerken) Koordinationsf\u00e4higkeit, gute PC und EDV Kenntnisse, Teamgeist und Flexibilit\u00e4t.<\/p>\n<p>F\u00fchrerschein min. PKW<\/p>\n<p><strong>Ihr T\u00e4tigkeitsbereich: <\/strong>Arbeitsvorbereitung unserer Projekte und selbstst\u00e4ndige Abwicklung gr\u00f6\u00dferer Bauvorhaben als Projektleiter. Betreuung und \u00dcberwachung der Baustellen und Koordination mit unserer hauseigenen Luftkanalfertigung \u00a0<\/p>\n<p><b>Wir bieten: \u00a0\u00a0\u00a0\u00a0\u00a0\u00a0\u00a0 \u00a0\u00a0\u00a0 <\/b><\/p>\n<p>ein verl\u00e4ssliches Team von Mitarbeitern<\/p>\n<p>leistungsgerechte \u00fcbertarifliche\u00a0 Bezahlung (Urlaubsgeld \/ Pr\u00e4mienzahlung)<\/p>\n<p>Firmenfahrzeug, gute Einarbeitung und notwendige Schulungen<\/p>\n<p>Sollten Sie unseren Anforderungen entsprechen, so bewerben Sie sich bitte schriftlich &#8211; Per Mail unter folgender Adresse:<\/p>\n<p>Baumeister W\u00e4rmetechnik GmbH<\/p>\n<p>z.Hd. Herrn Dirk Baumeister CEO<\/p>\n<p>Industriegebiet Saline 39<\/p>\n<p>78628 Rottweil<\/p>\n<p>postfach@baumeister-klima.de<\/p>\n<\/p><\/div>\n<\/p><\/div>\n<\/p><\/div>\n<div class=\"builder-text-row\">\n<div class=\"builder-text-column builder-text-column-2\" id=\"builder-section-text_11-column-1\">\n<div class=\"builder-text-content\">\n\t\t\t\t\t\t\t\t\t\t\t<\/div>\n<\/p><\/div>\n<\/p><\/div>\n<div class=\"builder-text-row\">\n<div class=\"builder-text-column builder-text-column-3\" id=\"builder-section-text_11-column-1\">\n<div class=\"builder-text-content\">\n\t\t\t\t\t\t\t\t\t\t\t<\/div>\n<\/p><\/div>\n<\/p><\/div>\n<\/p><\/div>\n<\/section>\n","protected":false},"excerpt":{"rendered":"<p>Wir suchen: M \/ W\u00a0\u00a0\u00a0\u00a0\u00a0\u00a0 Versorgungstechniker H L K Voraussetzung: Fach- bzw. Berufserfahrung im luft- klimatechnischen Bereich. Projektleitungserfahrung im lufttechnischen Anlagenbau (auch mit Schnittstellen zu anderen Gewerken) Koordinationsf\u00e4higkeit, gute PC und EDV Kenntnisse, Teamgeist und Flexibilit\u00e4t. F\u00fchrerschein min. PKW Ihr T\u00e4tigkeitsbereich: Arbeitsvorbereitung unserer Projekte und selbstst\u00e4ndige Abwicklung gr\u00f6\u00dferer Bauvorhaben als Projektleiter. Betreuung und \u00dcberwachung der &hellip;<\/p>\n","protected":false},"author":1,"featured_media":0,"parent":0,"menu_order":0,"comment_status":"closed","ping_status":"closed","template":"template-builder.php","meta":{"footnotes":""},"class_list":["post-335","page","type-page","status-publish","hentry"],"_links":{"self":[{"href":"https:\/\/www.baumeister-klima.de\/cms\/wp-json\/wp\/v2\/pages\/335","targetHints":{"allow":["GET"]}}],"collection":[{"href":"https:\/\/www.baumeister-klima.de\/cms\/wp-json\/wp\/v2\/pages"}],"about":[{"href":"https:\/\/www.baumeister-klima.de\/cms\/wp-json\/wp\/v2\/types\/page"}],"author":[{"embeddable":true,"href":"https:\/\/www.baumeister-klima.de\/cms\/wp-json\/wp\/v2\/users\/1"}],"replies":[{"embeddable":true,"href":"https:\/\/www.baumeister-klima.de\/cms\/wp-json\/wp\/v2\/comments?post=335"}],"version-history":[{"count":0,"href":"https:\/\/www.baumeister-klima.de\/cms\/wp-json\/wp\/v2\/pages\/335\/revisions"}],"wp:attachment":[{"href":"https:\/\/www.baumeister-klima.de\/cms\/wp-json\/wp\/v2\/media?parent=335"}],"curies":[{"name":"wp","href":"https:\/\/api.w.org\/{rel}","templated":true}]}}