{"id":331,"date":"2020-06-15T15:48:50","date_gmt":"2020-06-15T15:48:50","guid":{"rendered":"https:\/\/www.baumeister-klima.de\/cms\/?page_id=331"},"modified":"2021-01-14T18:41:41","modified_gmt":"2021-01-14T18:41:41","slug":"industriekaufmann","status":"publish","type":"page","link":"https:\/\/www.baumeister-klima.de\/cms\/industriekaufmann\/","title":{"rendered":"Industriekaufmann"},"content":{"rendered":"<section id=\"builder-section-text_11\" class=\"builder-section-first builder-section builder-section-text builder-section-last builder-text-columns-1\" style=\"background-size: cover; background-repeat: no-repeat;background-position: center center;\">\n<div class=\"builder-section-content\">\n<div class=\"builder-text-row\">\n<div class=\"builder-text-column builder-text-column-1\" id=\"builder-section-text_11-column-1\">\n<div class=\"builder-text-content\">\n<p>Wir suchen: <strong>M\/W\u00a0\u00a0\u00a0\u00a0\u00a0\u00a0 Industriekaufmann<\/strong><\/p>\n<p>Voraussetzung:<\/p>\n<ul>\n<li>abgeschlossene kaufm\u00e4nnische Berufsausbildung<\/li>\n<li>Erfahrung in der Kalkulation und Angebotserstellung f\u00fcr den technischen Anlagenbau<\/li>\n<li>idealerweise Erfahrung im L\u00fcftungsbau<\/li>\n<li>Belastbarkeit, Flexibilit\u00e4t, perfektes Deutsch in Wort, Schrift und Rechtschreibung<\/li>\n<li>Verhandlungsgeschick beim Umgang\u00a0mit Lieferanten<\/li>\n<li>F\u00fchrerschein Pkw Klasse 3 bzw. B<\/li>\n<li>Umgang mit Kalkulationssoftware (idealerweise Streit V1), Word, Excel, E-Mail usw.<\/li>\n<\/ul>\n<p>Sie kalkulieren aufgrund von Leistungsverzeichnissen und eigenen Planungsvorgaben in enger Absprache mit der kaufm\u00e4nnischen Leitung und unseren Projektleitern\u00a0die Angebote.<\/p>\n<p><strong>Ihre Aufgaben:<\/strong>\u00a0<\/p>\n<p>Angebotserstellung, Auftragsbest\u00e4tigungen, Abschlagsrechnungen, Lieferrantenrechnungspr\u00fcfung, Schlussrechnungen, allgemeiner Schreibverkehr, B\u00fcrgschaftserstellung, Rechnungserstellung, Nachkalkulation<\/p>\n<p>Sollten Sie unseren Anforderungen entsprechen, so bewerben Sie sich bitte schriftlich &#8211; Per Mail\u00a0 unter folgender Adresse:<\/p>\n<p>Baumeister W\u00e4rmetechnik GmbH<\/p>\n<p>z.Hd. Herrn Dirk Baumeister CEO<\/p>\n<p>Industriegebiet Saline 39<\/p>\n<p>78628 Rottweil<\/p>\n<p>postfach@baumeister-klima.de<\/p>\n<\/p><\/div>\n<\/p><\/div>\n<\/p><\/div>\n<div class=\"builder-text-row\">\n<div class=\"builder-text-column builder-text-column-2\" id=\"builder-section-text_11-column-1\">\n<div class=\"builder-text-content\">\n\t\t\t\t\t\t\t\t\t\t\t<\/div>\n<\/p><\/div>\n<\/p><\/div>\n<div class=\"builder-text-row\">\n<div class=\"builder-text-column builder-text-column-3\" id=\"builder-section-text_11-column-1\">\n<div class=\"builder-text-content\">\n\t\t\t\t\t\t\t\t\t\t\t<\/div>\n<\/p><\/div>\n<\/p><\/div>\n<\/p><\/div>\n<\/section>\n","protected":false},"excerpt":{"rendered":"<p>Wir suchen: M\/W\u00a0\u00a0\u00a0\u00a0\u00a0\u00a0 Industriekaufmann Voraussetzung: abgeschlossene kaufm\u00e4nnische Berufsausbildung Erfahrung in der Kalkulation und Angebotserstellung f\u00fcr den technischen Anlagenbau idealerweise Erfahrung im L\u00fcftungsbau Belastbarkeit, Flexibilit\u00e4t, perfektes Deutsch in Wort, Schrift und Rechtschreibung Verhandlungsgeschick beim Umgang\u00a0mit Lieferanten F\u00fchrerschein Pkw Klasse 3 bzw. B Umgang mit Kalkulationssoftware (idealerweise Streit V1), Word, Excel, E-Mail usw. Sie kalkulieren aufgrund von &hellip;<\/p>\n","protected":false},"author":1,"featured_media":0,"parent":0,"menu_order":0,"comment_status":"closed","ping_status":"closed","template":"template-builder.php","meta":{"footnotes":""},"class_list":["post-331","page","type-page","status-publish","hentry"],"_links":{"self":[{"href":"https:\/\/www.baumeister-klima.de\/cms\/wp-json\/wp\/v2\/pages\/331","targetHints":{"allow":["GET"]}}],"collection":[{"href":"https:\/\/www.baumeister-klima.de\/cms\/wp-json\/wp\/v2\/pages"}],"about":[{"href":"https:\/\/www.baumeister-klima.de\/cms\/wp-json\/wp\/v2\/types\/page"}],"author":[{"embeddable":true,"href":"https:\/\/www.baumeister-klima.de\/cms\/wp-json\/wp\/v2\/users\/1"}],"replies":[{"embeddable":true,"href":"https:\/\/www.baumeister-klima.de\/cms\/wp-json\/wp\/v2\/comments?post=331"}],"version-history":[{"count":1,"href":"https:\/\/www.baumeister-klima.de\/cms\/wp-json\/wp\/v2\/pages\/331\/revisions"}],"predecessor-version":[{"id":825,"href":"https:\/\/www.baumeister-klima.de\/cms\/wp-json\/wp\/v2\/pages\/331\/revisions\/825"}],"wp:attachment":[{"href":"https:\/\/www.baumeister-klima.de\/cms\/wp-json\/wp\/v2\/media?parent=331"}],"curies":[{"name":"wp","href":"https:\/\/api.w.org\/{rel}","templated":true}]}}