{"id":318,"date":"2017-12-15T15:10:37","date_gmt":"2017-12-15T15:10:37","guid":{"rendered":"https:\/\/www.baumeister-klima.de\/cms\/?page_id=318"},"modified":"2022-09-29T10:15:32","modified_gmt":"2022-09-29T10:15:32","slug":"impressum-kontakt","status":"publish","type":"page","link":"https:\/\/www.baumeister-klima.de\/cms\/impressum-kontakt\/","title":{"rendered":"Impressum &#8211; Kontakt"},"content":{"rendered":"<section id=\"builder-section-text_11\" class=\"builder-section-first builder-section builder-section-text builder-section-last builder-text-columns-1\" style=\"background-size: cover; background-repeat: no-repeat;background-position: center center;\">\n<div class=\"builder-section-content\">\n<div class=\"builder-text-row\">\n<div class=\"builder-text-column builder-text-column-1\" id=\"builder-section-text_11-column-1\">\n<div class=\"builder-text-content\">\n<p><b>Impressum<\/b><\/p>\n<p>Die folgenden Informationen d\u00fcrfen nur zum Zwecke der Kontaktaufnahme bei Problemen rechtlicher oder administrativer Art verwendet werden. Die Daten d\u00fcrfen weder elektronisch noch in anderer Form gespeichert werden. Insbesondere die Nutzung dieser Information zu Werbe- oder \u00e4hnlichen Zwecken wird hiermit ausdr\u00fccklich untersagt.<\/p>\n<p> <b>Anbieterkennzeichnung gem\u00e4\u00df \u00a7 6 TDG:<\/b><\/p>\n<\/p><\/div>\n<\/p><\/div>\n<\/p><\/div>\n<div class=\"builder-text-row\">\n<div class=\"builder-text-column builder-text-column-2\" id=\"builder-section-text_11-column-1\">\n<div class=\"builder-text-content\">\n<p>Baumeister W\u00e4rmetechnik GmbH<\/p>\n<p>Gesch\u00e4ftsf\u00fchrender Gesellschafter, CEO\u00a0 Dirk Baumeister<\/p>\n<p>Industriegebiet\u00a0 Saline 39<\/p>\n<p>D &#8211; 78628 Rottweil<\/p>\n<p>Telefon:\u00a0\u00a0\u00a0 0741 &#8211; 17 403 0\u00a0\u00a0\u00a0\u00a0\u00a0<\/p>\n<p>Fax:\u00a0\u00a0\u00a0\u00a0\u00a0\u00a0\u00a0\u00a0\u00a0 0741 &#8211; 17 403 10<\/p>\n<p>postfach@baumeister-klima.de<\/p>\n<p>\u00a0<\/p>\n<p>Amtsgericht Stuttgart HRB-NR.: 470210\u00a0 &#8211;\u00a0 Ust-idNr.: D -142821320<\/p>\n<\/p><\/div>\n<\/p><\/div>\n<\/p><\/div>\n<div class=\"builder-text-row\">\n<div class=\"builder-text-column builder-text-column-3\" id=\"builder-section-text_11-column-1\">\n<div class=\"builder-text-content\">\n<p><strong><u>Inhalt des Onlineangebotes<\/u><\/strong><br \/> Der Autor \u00fcbernimmt keinerlei Gew\u00e4hr f\u00fcr die Aktualit\u00e4t, Korrektheit, Vollst\u00e4ndigkeit oder Qualit\u00e4t der bereitgestellten Informationen. Haftungsanspr\u00fcche gegen den Autor, welche sich auf Sch\u00e4den materieller oder ideeller Art beziehen, die durch die Nutzung oder Nichtnutzung der dargebotenen Informationen bzw. durch die Nutzung fehlerhafter und unvollst\u00e4ndiger Informationen verursacht wurden, sind grunds\u00e4tzlich ausgeschlossen, sofern seitens des Autors kein nachweislich vors\u00e4tzliches oder grob fahrl\u00e4ssiges Verschulden vorliegt. Alle Angebote sind freibleibend und unverbindlich. Der Autor beh\u00e4lt es sich ausdr\u00fccklich vor, Teile der Seiten oder das gesamte Angebot ohne gesonderte Ank\u00fcndigung zu ver\u00e4ndern, zu erg\u00e4nzen, zu l\u00f6schen oder die Ver\u00f6ffentlichung zeitweise oder endg\u00fcltig einzustellen.<\/p>\n<p> <strong><u>Verweise und Links<\/u><\/strong><br \/> Bei direkten oder indirekten Verweisen auf fremde Internetseiten , die au\u00dferhalb des Verantwortungsbereiches des Autors liegen, w\u00fcrde eine Haftungsverpflichtung ausschlie\u00dflich in dem Fall in Kraft treten, in dem der Autor von den Inhalten Kenntnis hat und es ihm technisch m\u00f6glich und zumutbar w\u00e4re, die Nutzung im Falle rechtswidriger Inhalte zu verhindern. Der Autor erkl\u00e4rt hiermit ausdr\u00fccklich, dass zum Zeitpunkt der Linksetzung keine illegalen Inhalte auf den zu verlinkenden Seiten erkennbar waren. Auf die aktuelle und zuk\u00fcnftige Gestaltung, die Inhalte oder die Urheberschaft der gelinkten oder verkn\u00fcpften Seiten hat der Autor keinerlei Einfluss. Deshalb distanziert er sich hiermit ausdr\u00fccklich von allen Inhalten aller gelinkten oder verkn\u00fcpften Seiten, die nach der Linksetzung ver\u00e4ndert wurden. Diese Feststellung gilt f\u00fcr alle innerhalb des eigenen Internetangebotes gesetzten Links und Verweise.<\/p>\n<p>F\u00fcr illegale, fehlerhafte oder unvollst\u00e4ndige Inhalte und insbesondere f\u00fcr Sch\u00e4den, die aus der Nutzung oder Nichtnutzung solcherart dargebotener Informationen entstehen, haftet allein der Anbieter der Seite, auf welche verwiesen wurde, nicht derjenige, der \u00fcber Links auf die jeweilige Ver\u00f6ffentlichung lediglich verweist.<\/p>\n<p> <strong><u>Urheberrecht<\/u><\/strong><br \/> Die durch die Seitenbetreiber erstellten Inhalte und Werke auf diesen Seiten unterliegen dem deutschen Urheberrecht. Die Vervielf\u00e4ltigung, Bearbeitung, Verbreitung und jede Art der Verwertung au\u00dferhalb der Grenzen des Urheberrechtes bed\u00fcrfen der schriftlichen Zustimmung des jeweiligen Autors. Downloads und Kopien dieser Seite sind nur f\u00fcr den privaten, nicht kommerziellen Gebrauch gestattet. Soweit die Inhalte auf dieser Seite nicht vom Betreiber erstellt wurden, werden die Urheberrechte Dritter beachtet. Insbesondere werden Inhalte Dritter als solche gekennzeichnet. Beim Bekanntwerden von Rechtsverletzungen werden wir Inhalte umgehend entfernen.<\/p>\n<p> <strong><u>Datenschutz<\/u><\/strong><br \/> Sofern innerhalb des Internetangebotes die M\u00f6glichkeit zur Eingabe pers\u00f6nlicher oder gesch\u00e4ftlicher Daten (E-Mailadressen, Namen, Anschriften) besteht, so erfolgt die Preisgabe dieser Daten seitens des Nutzers auf freiwilliger Basis.<\/p>\n<p> <strong><u>Rechtswirksamkeit dieses Haftungsausschlusses<br \/> <\/u><\/strong>Dieser Haftungsausschluss ist als Teil des Internetangebotes zu betrachten, von dem aus auf diese Seite verwiesen wurde. Sofern Teile oder einzelne Formulierungen dieses Textes der geltenden Rechtslage nicht, nicht mehr oder nicht vollst\u00e4ndig entsprechen sollten, bleiben die \u00fcbrigen Teile des Dokumentes in ihrem Inhalt und ihrer G\u00fcltigkeit davon unber\u00fchrt.<\/p>\n<p> <strong><u>Datenschutzerkl\u00e4rung<\/u><\/strong><br \/> F\u00fcr externe Links zu fremden Inhalten k\u00f6nnen wir dabei trotz sorgf\u00e4ltiger inhaltlicher Kontrolle keine Haftung \u00fcbernehmen. Ihre Daten werden im Rahmen der gesetzlichen Vorschriften gesch\u00fctzt.<\/p>\n<p> <strong><u>Nutzung und Weitergabe personenbezogener Daten<\/u><br \/> <\/strong>Soweit Sie uns personenbezogene Daten zur Verf\u00fcgung gestellt haben, verwenden wir diese nur zur Beantwortung Ihrer Anfragen, zur Abwicklung mit Ihnen geschlossener Vertr\u00e4ge und f\u00fcr die technische Administration. Ihre personenbezogenen Daten werden an Dritte nur weitergegeben oder sonst \u00fcbermittelt, wenn dies zum Zwecke der Vertragsabwicklung oder Kundenbeziehung erforderlich ist, dies zu Abrechnungszwecken notwendig ist oder Sie zuvor eingewilligt haben. Sie haben das Recht, eine erteilte Einwilligung mit Wirkung f\u00fcr die Zukunft jederzeit zu widerrufen. Die L\u00f6schung der gespeicherten personenbezogenen Daten erfolgt, wenn Sie Ihre Einwilligung zur Speicherung widerrufen, wenn ihre Kenntnis zur Erf\u00fcllung des mit der Speicherung verfolgten Zwecks nicht mehr erforderlich ist oder wenn ihre Speicherung aus sonstigen gesetzlichen Gr\u00fcnden unzul\u00e4ssig ist.<\/p>\n<p> <u>Auskunftsrecht<\/u><br \/> Auf schriftliche Anfrage werden wir Sie gern \u00fcber die zu Ihrer Person gespeicherten Daten informieren. Sicherheitshinweis: Bei der Kommunikation per e-Mail kann die vollst\u00e4ndige Datensicherheit jedoch nicht vollst\u00e4ndig gew\u00e4hrleistet werden, so dass wir Ihnen bei vertraulichen Informationen den telefonischen oder den postalen Weg empfehlen.<\/p>\n<p>\u00a0<\/p>\n<\/p><\/div>\n<\/p><\/div>\n<\/p><\/div>\n<\/p><\/div>\n<\/section>\n","protected":false},"excerpt":{"rendered":"<p>Impressum Die folgenden Informationen d\u00fcrfen nur zum Zwecke der Kontaktaufnahme bei Problemen rechtlicher oder administrativer Art verwendet werden. Die Daten d\u00fcrfen weder elektronisch noch in anderer Form gespeichert werden. Insbesondere die Nutzung dieser Information zu Werbe- oder \u00e4hnlichen Zwecken wird hiermit ausdr\u00fccklich untersagt. Anbieterkennzeichnung gem\u00e4\u00df \u00a7 6 TDG: Baumeister W\u00e4rmetechnik GmbH Gesch\u00e4ftsf\u00fchrender Gesellschafter, CEO\u00a0 Dirk &hellip;<\/p>\n","protected":false},"author":1,"featured_media":0,"parent":0,"menu_order":0,"comment_status":"closed","ping_status":"closed","template":"template-builder.php","meta":{"footnotes":""},"class_list":["post-318","page","type-page","status-publish","hentry"],"_links":{"self":[{"href":"https:\/\/www.baumeister-klima.de\/cms\/wp-json\/wp\/v2\/pages\/318","targetHints":{"allow":["GET"]}}],"collection":[{"href":"https:\/\/www.baumeister-klima.de\/cms\/wp-json\/wp\/v2\/pages"}],"about":[{"href":"https:\/\/www.baumeister-klima.de\/cms\/wp-json\/wp\/v2\/types\/page"}],"author":[{"embeddable":true,"href":"https:\/\/www.baumeister-klima.de\/cms\/wp-json\/wp\/v2\/users\/1"}],"replies":[{"embeddable":true,"href":"https:\/\/www.baumeister-klima.de\/cms\/wp-json\/wp\/v2\/comments?post=318"}],"version-history":[{"count":1,"href":"https:\/\/www.baumeister-klima.de\/cms\/wp-json\/wp\/v2\/pages\/318\/revisions"}],"predecessor-version":[{"id":899,"href":"https:\/\/www.baumeister-klima.de\/cms\/wp-json\/wp\/v2\/pages\/318\/revisions\/899"}],"wp:attachment":[{"href":"https:\/\/www.baumeister-klima.de\/cms\/wp-json\/wp\/v2\/media?parent=318"}],"curies":[{"name":"wp","href":"https:\/\/api.w.org\/{rel}","templated":true}]}}