{"id":313,"date":"2020-06-15T15:02:02","date_gmt":"2020-06-15T15:02:02","guid":{"rendered":"https:\/\/www.baumeister-klima.de\/cms\/?page_id=313"},"modified":"2020-06-25T06:39:07","modified_gmt":"2020-06-25T06:39:07","slug":"energiesparen","status":"publish","type":"page","link":"https:\/\/www.baumeister-klima.de\/cms\/energiesparen\/","title":{"rendered":"Energiesparen"},"content":{"rendered":"<section id=\"builder-section-text_11\" class=\"builder-section-first builder-section builder-section-text builder-section-last builder-text-columns-1\" style=\"background-size: cover; background-repeat: no-repeat;background-position: center center;\">\n<div class=\"builder-section-content\">\n<div class=\"builder-text-row\">\n<div class=\"builder-text-column builder-text-column-1\" id=\"builder-section-text_11-column-1\">\n<div class=\"builder-text-content\">\n<h2><span style=\"color: #ff0000;\"><strong><em>Wir schaffen\u00a0 prima Klima <\/em><\/strong><\/span><strong><em>&#8211;<\/em><\/strong> <span style=\"color: #0000ff;\"><strong><em>Effizienz durch EC-Motoren<\/em><\/strong><\/span><\/h2>\n<\/p><\/div>\n<\/p><\/div>\n<\/p><\/div>\n<div class=\"builder-text-row\">\n<div class=\"builder-text-column builder-text-column-2\" id=\"builder-section-text_11-column-1\">\n<div class=\"builder-text-content\">\n<p>Motoren mit EC-Technik erreichen Wirkungsgrade von \u00fcber 90% und sparen bis zu 50% Energie gegen\u00fcber herk\u00f6mmlichen Motoren.<\/p>\n<p>Die Motoren sind durch die Konstruktion wartungsfrei und ger\u00e4uscharm. Die integrierte intelligente Steuerung erm\u00f6glicht eine stufenlose Regelung und Zusatzfunktion wie Druckkonstant- oder Volumenkonstantregelung.<\/p>\n<p>Eine Gegen\u00fcberstellung der Netzleistung zeigt es:<br \/>bei Betrieb von einer Luftleistung von 5000 m\u00b3\/h bei 440 Pa<\/p>\n<ul>\n<li>Dachventilator\u00a0 \u00a0\u00a0\u00a0\u00a0\u00a0 \u00a0\u00a0\u00a0\u00a0\u00a0\u00a0\u00a0\u00a0\u00a0\u00a0\u00a0(EC-Technik)\u00a0\u00a0 <strong>1130 W<\/strong><\/li>\n<li>Dachventilator mit\u00a0 Normalmotor mit FU\u00a0 <strong>1610 W<\/strong><\/li>\n<\/ul>\n<p><strong>Erzielte Einsparung ca. 29 % Energie\u00a0 &#8211;\u00a0 EC Motor = Energieeffizienzklasse A<\/strong><\/p>\n<p>Die Investitionskosten in Abh\u00e4ngigkeit von den Stromkosten vor Ort und einer Betriebszeit des Ventilators bei 12 Stunden t\u00e4glich werden eine Neuinvestition schon nach <strong>13 Monaten<\/strong> amortisieren.<\/p>\n<p>Die Amortisation bei Ersatzinvestitionen dauern l\u00e4nger sind daf\u00fcr aber aufgrund alter Technik in der Stromeinsparung effektiv und sinnvoll.<\/p>\n<\/p><\/div>\n<\/p><\/div>\n<\/p><\/div>\n<div class=\"builder-text-row\">\n<div class=\"builder-text-column builder-text-column-3\" id=\"builder-section-text_11-column-1\">\n<div class=\"builder-text-content\">\n\t\t\t\t\t\t\t\t\t\t\t<\/div>\n<\/p><\/div>\n<\/p><\/div>\n<\/p><\/div>\n<\/section>\n","protected":false},"excerpt":{"rendered":"<p>Wir schaffen\u00a0 prima Klima &#8211; Effizienz durch EC-Motoren Motoren mit EC-Technik erreichen Wirkungsgrade von \u00fcber 90% und sparen bis zu 50% Energie gegen\u00fcber herk\u00f6mmlichen Motoren. Die Motoren sind durch die Konstruktion wartungsfrei und ger\u00e4uscharm. Die integrierte intelligente Steuerung erm\u00f6glicht eine stufenlose Regelung und Zusatzfunktion wie Druckkonstant- oder Volumenkonstantregelung. Eine Gegen\u00fcberstellung der Netzleistung zeigt es:bei Betrieb &hellip;<\/p>\n","protected":false},"author":1,"featured_media":0,"parent":0,"menu_order":0,"comment_status":"closed","ping_status":"closed","template":"template-builder.php","meta":{"footnotes":""},"class_list":["post-313","page","type-page","status-publish","hentry"],"_links":{"self":[{"href":"https:\/\/www.baumeister-klima.de\/cms\/wp-json\/wp\/v2\/pages\/313","targetHints":{"allow":["GET"]}}],"collection":[{"href":"https:\/\/www.baumeister-klima.de\/cms\/wp-json\/wp\/v2\/pages"}],"about":[{"href":"https:\/\/www.baumeister-klima.de\/cms\/wp-json\/wp\/v2\/types\/page"}],"author":[{"embeddable":true,"href":"https:\/\/www.baumeister-klima.de\/cms\/wp-json\/wp\/v2\/users\/1"}],"replies":[{"embeddable":true,"href":"https:\/\/www.baumeister-klima.de\/cms\/wp-json\/wp\/v2\/comments?post=313"}],"version-history":[{"count":1,"href":"https:\/\/www.baumeister-klima.de\/cms\/wp-json\/wp\/v2\/pages\/313\/revisions"}],"predecessor-version":[{"id":1117,"href":"https:\/\/www.baumeister-klima.de\/cms\/wp-json\/wp\/v2\/pages\/313\/revisions\/1117"}],"wp:attachment":[{"href":"https:\/\/www.baumeister-klima.de\/cms\/wp-json\/wp\/v2\/media?parent=313"}],"curies":[{"name":"wp","href":"https:\/\/api.w.org\/{rel}","templated":true}]}}