{"id":300,"date":"2017-12-15T14:51:46","date_gmt":"2017-12-15T14:51:46","guid":{"rendered":"https:\/\/www.baumeister-klima.de\/cms\/?page_id=300"},"modified":"2019-10-09T06:46:54","modified_gmt":"2019-10-09T06:46:54","slug":"oelabscheider","status":"publish","type":"page","link":"https:\/\/www.baumeister-klima.de\/cms\/oelabscheider\/","title":{"rendered":"\u00d6lnebelabscheider"},"content":{"rendered":"<section id=\"builder-section-text_11\" class=\"builder-section-first builder-section builder-section-text builder-section-next-gallery builder-text-columns-1\" style=\"background-size: cover; background-repeat: no-repeat;background-position: center center;\">\n<div class=\"builder-section-content\">\n<div class=\"builder-text-row\">\n<div class=\"builder-text-column builder-text-column-1\" id=\"builder-section-text_11-column-1\">\n<div class=\"builder-text-content\">\n<p><strong>Sauber \u2013 Besser \u2013 Effektiv\u00a0 PBA 2000-E,\u00a0 PBA 2011-E &amp; PBA 2013-E\u00a0 von Baumeister<\/strong><\/p>\n<p>Die von Baumeister entwickelten und hergestellten <span style=\"color: #000000;\">\u00d6lnebelabscheider <\/span>(PBA`s) werden in zahlreichen Produktionsbetrieben als Vorabscheider seit vielen Jahren mit Erfolg eingesetzt. Die PBA`s verhindern einen \u00fcberm\u00e4\u00dfigen \u00d6lanfall in der Absaugluft und dem Kanalsystem und sorgen somit f\u00fcr eine effektivere Endabscheidung des \u00d6les in den elektrostatischen Filteranlagen der L\u00fcftungsger\u00e4te. Diese PBA`s sind so konstruiert, da\u00df das abgeschiedene \u00d6l in die Werkzeugmaschinen zur\u00fcckflie\u00dfen kann und somit eine erhebliches Einsparpotential beim K\u00fchlschmierstoff bewirkt. Wir bieten aus Schutzgr\u00fcnden lediglich nur unseren eigenen Anlagenbaukunden unsere PBA`s an. Unsere PBA`s sind effektiv, wartungsfreundlich und extrem robust und k\u00f6nnen nach Ihren Farbw\u00fcnschen und Rohranschl\u00fcssen individuell hergestellt werden.<\/p>\n<\/p><\/div>\n<\/p><\/div>\n<\/p><\/div>\n<\/p><\/div>\n<\/section>\n<section id=\"builder-section-gallery_59\" class=\"builder-section-prev-text builder-section builder-section-gallery builder-section-last builder-gallery-columns-3 builder-gallery-captions-reveal builder-gallery-captions-light builder-gallery-aspect-square\" style=\"background-size: cover; background-repeat: no-repeat;background-position: center center;\">\n<div class=\"builder-section-content\">\n<div class=\"builder-gallery-item \">\n<figure class=\"builder-gallery-image\" style=\"background-image: url(&#039;https:\/\/www.baumeister-klima.de\/cms\/wp-content\/uploads\/2017\/12\/1PBA-2013-in-Sonderfarbe-silber-9006-1-BA-1024x575.jpg&#039;);\"><\/figure>\n<div class=\"builder-gallery-content\">\n<div class=\"builder-gallery-content-inner\">\n<div class=\"builder-gallery-description\">\n<p><strong>\u00d6labscheider PBA 2013 <\/strong> (Sonder RAL Ton)<\/p>\n<\/p><\/div>\n<\/p><\/div>\n<\/p><\/div>\n<\/p><\/div>\n<div class=\"builder-gallery-item \">\n<figure class=\"builder-gallery-image\" style=\"background-image: url(&#039;https:\/\/www.baumeister-klima.de\/cms\/wp-content\/uploads\/2017\/12\/2PBA-2013-silber-Ral-9006-neu-BA-1024x575.jpg&#039;);\"><\/figure>\n<div class=\"builder-gallery-content\">\n<div class=\"builder-gallery-content-inner\">\n<div class=\"builder-gallery-description\">\n\t\t\t\t\t\t\u00d6labscheider PBA 2013  (Sonder RAL Ton)\t\t\t\t\t<\/div>\n<\/p><\/div>\n<\/p><\/div>\n<\/p><\/div>\n<div class=\"builder-gallery-item  last-3\">\n<figure class=\"builder-gallery-image\" style=\"background-image: url(&#039;https:\/\/www.baumeister-klima.de\/cms\/wp-content\/uploads\/2017\/12\/3Anschluss_mit_PBA_2000_E-1024x684.jpg&#039;);\"><\/figure>\n<div class=\"builder-gallery-content\">\n<div class=\"builder-gallery-content-inner\">\n<div class=\"builder-gallery-description\">\n<p>Maschinen Anschl\u00fcsse mit PBA 2000-E<\/p>\n<\/p><\/div>\n<\/p><\/div>\n<\/p><\/div>\n<\/p><\/div>\n<div class=\"builder-gallery-item \">\n<figure class=\"builder-gallery-image\" style=\"background-image: url(&#039;https:\/\/www.baumeister-klima.de\/cms\/wp-content\/uploads\/2017\/12\/4Abscheider-PBA-2011-E-1-1024x684.jpg&#039;);\"><\/figure>\n<div class=\"builder-gallery-content\">\n<div class=\"builder-gallery-content-inner\">\n<div class=\"builder-gallery-description\">\n<p>\u00d6labscheider\u00a0 PBA 2011-E<\/p>\n<\/p><\/div>\n<\/p><\/div>\n<\/p><\/div>\n<\/p><\/div>\n<div class=\"builder-gallery-item \">\n<figure class=\"builder-gallery-image\" style=\"background-image: url(&#039;https:\/\/www.baumeister-klima.de\/cms\/wp-content\/uploads\/2017\/12\/5Anschluesse_mit_PBA_2011_E-1024x684.jpg&#039;);\"><\/figure>\n<div class=\"builder-gallery-content\">\n<div class=\"builder-gallery-content-inner\">\n<div class=\"builder-gallery-description\">\n\t\t\t\t\t\tMaschinensaal mit Anschlu\u00df PBA 2011-E\t\t\t\t\t<\/div>\n<\/p><\/div>\n<\/p><\/div>\n<\/p><\/div>\n<div class=\"builder-gallery-item  last-3\">\n<figure class=\"builder-gallery-image\" style=\"background-image: url(&#039;https:\/\/www.baumeister-klima.de\/cms\/wp-content\/uploads\/2017\/12\/6Maschinenreihe-mit-PBA-2011-E-922x1024.jpg&#039;);\"><\/figure>\n<div class=\"builder-gallery-content\">\n<div class=\"builder-gallery-content-inner\">\n<div class=\"builder-gallery-description\">\n\t\t\t\t\t\tMaschinenabsaugung PBA 2011 E\t\t\t\t\t<\/div>\n<\/p><\/div>\n<\/p><\/div>\n<\/p><\/div>\n<\/p><\/div>\n<\/section>\n","protected":false},"excerpt":{"rendered":"<p>Sauber \u2013 Besser \u2013 Effektiv\u00a0 PBA 2000-E,\u00a0 PBA 2011-E &amp; PBA 2013-E\u00a0 von Baumeister Die von Baumeister entwickelten und hergestellten \u00d6lnebelabscheider (PBA`s) werden in zahlreichen Produktionsbetrieben als Vorabscheider seit vielen Jahren mit Erfolg eingesetzt. Die PBA`s verhindern einen \u00fcberm\u00e4\u00dfigen \u00d6lanfall in der Absaugluft und dem Kanalsystem und sorgen somit f\u00fcr eine effektivere Endabscheidung des \u00d6les &hellip;<\/p>\n","protected":false},"author":1,"featured_media":0,"parent":0,"menu_order":0,"comment_status":"closed","ping_status":"closed","template":"template-builder.php","meta":{"footnotes":""},"class_list":["post-300","page","type-page","status-publish","hentry"],"_links":{"self":[{"href":"https:\/\/www.baumeister-klima.de\/cms\/wp-json\/wp\/v2\/pages\/300","targetHints":{"allow":["GET"]}}],"collection":[{"href":"https:\/\/www.baumeister-klima.de\/cms\/wp-json\/wp\/v2\/pages"}],"about":[{"href":"https:\/\/www.baumeister-klima.de\/cms\/wp-json\/wp\/v2\/types\/page"}],"author":[{"embeddable":true,"href":"https:\/\/www.baumeister-klima.de\/cms\/wp-json\/wp\/v2\/users\/1"}],"replies":[{"embeddable":true,"href":"https:\/\/www.baumeister-klima.de\/cms\/wp-json\/wp\/v2\/comments?post=300"}],"version-history":[{"count":0,"href":"https:\/\/www.baumeister-klima.de\/cms\/wp-json\/wp\/v2\/pages\/300\/revisions"}],"wp:attachment":[{"href":"https:\/\/www.baumeister-klima.de\/cms\/wp-json\/wp\/v2\/media?parent=300"}],"curies":[{"name":"wp","href":"https:\/\/api.w.org\/{rel}","templated":true}]}}