{"id":231,"date":"2020-06-22T12:41:17","date_gmt":"2020-06-22T12:41:17","guid":{"rendered":"https:\/\/www.baumeister-klima.de\/cms\/?page_id=231"},"modified":"2022-06-30T07:24:12","modified_gmt":"2022-06-30T07:24:12","slug":"anwendungen","status":"publish","type":"page","link":"https:\/\/www.baumeister-klima.de\/cms\/anwendungen\/","title":{"rendered":"Anwendungen"},"content":{"rendered":"<section id=\"builder-section-gallery_11\" class=\"builder-section-first builder-section builder-section-gallery builder-section-last builder-gallery-columns-3 builder-gallery-captions-reveal builder-gallery-captions-light builder-gallery-aspect-square\" style=\"background-size: cover; background-repeat: no-repeat;background-position: center center;\">\n<div class=\"builder-section-content\">\n<div class=\"builder-gallery-item \">\n<figure class=\"builder-gallery-image\" style=\"background-image: url(&#039;https:\/\/www.baumeister-klima.de\/cms\/wp-content\/uploads\/2017\/12\/Montage-in-Versorg-Schacht-684x1024.jpg&#039;);\"><\/figure>\n<div class=\"builder-gallery-content\">\n<div class=\"builder-gallery-content-inner\">\n<div class=\"builder-gallery-description\">\n<p><b>Bilder Aquasol Rottweil<\/b><\/p>\n<\/p><\/div>\n<\/p><\/div>\n<\/p><\/div>\n<\/p><\/div>\n<div class=\"builder-gallery-item \">\n<figure class=\"builder-gallery-image\" style=\"background-image: url(&#039;https:\/\/www.baumeister-klima.de\/cms\/wp-content\/uploads\/2017\/12\/Montage-Aquasol-1-0-1024x684.jpg&#039;);\"><\/figure>\n<div class=\"builder-gallery-content\">\n<div class=\"builder-gallery-content-inner\">\n<div class=\"builder-gallery-description\">\n<p><b>Bilder Aquasol Rottweil<\/b><\/p>\n<\/p><\/div>\n<\/p><\/div>\n<\/p><\/div>\n<\/p><\/div>\n<div class=\"builder-gallery-item  last-3\">\n<figure class=\"builder-gallery-image\" style=\"background-image: url(&#039;https:\/\/www.baumeister-klima.de\/cms\/wp-content\/uploads\/2017\/12\/montage_waermerad-2_2.jpg&#039;);\"><\/figure>\n<div class=\"builder-gallery-content\">\n<div class=\"builder-gallery-content-inner\">\n<div class=\"builder-gallery-description\">\n<p>Endmontag<\/p>\n<\/p><\/div>\n<\/p><\/div>\n<\/p><\/div>\n<\/p><\/div>\n<div class=\"builder-gallery-item \">\n<figure class=\"builder-gallery-image\" style=\"background-image: url(&#039;https:\/\/www.baumeister-klima.de\/cms\/wp-content\/uploads\/2017\/12\/waermeradmontage-1024x684.jpg&#039;);\"><\/figure>\n<div class=\"builder-gallery-content\">\n<div class=\"builder-gallery-content-inner\">\n<div class=\"builder-gallery-description\">\n<p><b>W\u00e4rmeradmontage<\/b><\/p>\n<\/p><\/div>\n<\/p><\/div>\n<\/p><\/div>\n<\/p><\/div>\n<div class=\"builder-gallery-item \">\n<figure class=\"builder-gallery-image\" style=\"background-image: url(&#039;https:\/\/www.baumeister-klima.de\/cms\/wp-content\/uploads\/2017\/12\/Geraetemontage-Aquasol-Medium.jpg&#039;);\"><\/figure>\n<div class=\"builder-gallery-content\">\n<div class=\"builder-gallery-content-inner\">\n<div class=\"builder-gallery-description\">\n<p><b>Ger\u00e4temontage Aquasol Rottweil<\/b><\/p>\n<\/p><\/div>\n<\/p><\/div>\n<\/p><\/div>\n<\/p><\/div>\n<div class=\"builder-gallery-item  last-3\">\n<figure class=\"builder-gallery-image\" style=\"background-image: url(&#039;https:\/\/www.baumeister-klima.de\/cms\/wp-content\/uploads\/2017\/12\/Geraetemontage-IBIS-Hotel-Echterdingen-Medium.jpg&#039;);\"><\/figure>\n<div class=\"builder-gallery-content\">\n<div class=\"builder-gallery-content-inner\">\n<div class=\"builder-gallery-description\">\n<p><b>Ger\u00e4temontage IBIS Hotel Echterdingen<\/b><\/p>\n<\/p><\/div>\n<\/p><\/div>\n<\/p><\/div>\n<\/p><\/div>\n<div class=\"builder-gallery-item \">\n<figure class=\"builder-gallery-image\" style=\"background-image: url(&#039;https:\/\/www.baumeister-klima.de\/cms\/wp-content\/uploads\/2017\/12\/i000011.jpg&#039;);\"><\/figure>\n<div class=\"builder-gallery-content\">\n<div class=\"builder-gallery-content-inner\">\n<div class=\"builder-gallery-description\">\n<p>Sonderdachhaube made by Baumeister<\/p>\n<\/p><\/div>\n<\/p><\/div>\n<\/p><\/div>\n<\/p><\/div>\n<div class=\"builder-gallery-item \">\n<figure class=\"builder-gallery-image\" style=\"background-image: url(&#039;https:\/\/www.baumeister-klima.de\/cms\/wp-content\/uploads\/2017\/12\/Lueftungszentrale-Fa.-Schnid-St.Georgen-Medium.jpg&#039;);\"><\/figure>\n<div class=\"builder-gallery-content\">\n<div class=\"builder-gallery-content-inner\">\n<div class=\"builder-gallery-description\">\n<p>L\u00fcftungszentrale Fa. Schnid St.Georgen<\/p>\n<\/p><\/div>\n<\/p><\/div>\n<\/p><\/div>\n<\/p><\/div>\n<div class=\"builder-gallery-item  last-3\">\n<figure class=\"builder-gallery-image\" style=\"background-image: url(&#039;https:\/\/www.baumeister-klima.de\/cms\/wp-content\/uploads\/2017\/12\/trichter.jpg&#039;);\"><\/figure>\n<div class=\"builder-gallery-content\">\n<div class=\"builder-gallery-content-inner\">\n<div class=\"builder-gallery-description\">\n<p><b>Beschickungstrichter\u00a0 f\u00fcr einen Granulat &#8211; Hersteller<\/b><\/p>\n<\/p><\/div>\n<\/p><\/div>\n<\/p><\/div>\n<\/p><\/div>\n<div class=\"builder-gallery-item \">\n<figure class=\"builder-gallery-image\" style=\"background-image: url(&#039;https:\/\/www.baumeister-klima.de\/cms\/wp-content\/uploads\/2017\/12\/plasma_1.jpg&#039;);\"><\/figure>\n<div class=\"builder-gallery-content\">\n<div class=\"builder-gallery-content-inner\">\n<div class=\"builder-gallery-description\">\n<p><b>Absauganlage f\u00fcr 2 -Tisch Plasmaschneidanlage<\/b><\/p>\n<\/p><\/div>\n<\/p><\/div>\n<\/p><\/div>\n<\/p><\/div>\n<div class=\"builder-gallery-item \">\n<figure class=\"builder-gallery-image\" style=\"background-image: url(&#039;https:\/\/www.baumeister-klima.de\/cms\/wp-content\/uploads\/2017\/12\/kompressor.jpg&#039;);\"><\/figure>\n<div class=\"builder-gallery-content\">\n<div class=\"builder-gallery-content-inner\">\n<div class=\"builder-gallery-description\">\n<p>W\u00e4rmer\u00fcckgewinnung f\u00fcr Schraubenkompressoren<\/p>\n<\/p><\/div>\n<\/p><\/div>\n<\/p><\/div>\n<\/p><\/div>\n<\/p><\/div>\n<\/section>\n","protected":false},"excerpt":{"rendered":"<p>Bilder Aquasol Rottweil Bilder Aquasol Rottweil Endmontag W\u00e4rmeradmontage Ger\u00e4temontage Aquasol Rottweil Ger\u00e4temontage IBIS Hotel Echterdingen Sonderdachhaube made by Baumeister L\u00fcftungszentrale Fa. Schnid St.Georgen Beschickungstrichter\u00a0 f\u00fcr einen Granulat &#8211; Hersteller Absauganlage f\u00fcr 2 -Tisch Plasmaschneidanlage W\u00e4rmer\u00fcckgewinnung f\u00fcr Schraubenkompressoren<\/p>\n","protected":false},"author":1,"featured_media":0,"parent":0,"menu_order":0,"comment_status":"closed","ping_status":"closed","template":"template-builder.php","meta":{"footnotes":""},"class_list":["post-231","page","type-page","status-publish","hentry"],"_links":{"self":[{"href":"https:\/\/www.baumeister-klima.de\/cms\/wp-json\/wp\/v2\/pages\/231","targetHints":{"allow":["GET"]}}],"collection":[{"href":"https:\/\/www.baumeister-klima.de\/cms\/wp-json\/wp\/v2\/pages"}],"about":[{"href":"https:\/\/www.baumeister-klima.de\/cms\/wp-json\/wp\/v2\/types\/page"}],"author":[{"embeddable":true,"href":"https:\/\/www.baumeister-klima.de\/cms\/wp-json\/wp\/v2\/users\/1"}],"replies":[{"embeddable":true,"href":"https:\/\/www.baumeister-klima.de\/cms\/wp-json\/wp\/v2\/comments?post=231"}],"version-history":[{"count":1,"href":"https:\/\/www.baumeister-klima.de\/cms\/wp-json\/wp\/v2\/pages\/231\/revisions"}],"predecessor-version":[{"id":895,"href":"https:\/\/www.baumeister-klima.de\/cms\/wp-json\/wp\/v2\/pages\/231\/revisions\/895"}],"wp:attachment":[{"href":"https:\/\/www.baumeister-klima.de\/cms\/wp-json\/wp\/v2\/media?parent=231"}],"curies":[{"name":"wp","href":"https:\/\/api.w.org\/{rel}","templated":true}]}}