{"id":196,"date":"2017-12-11T10:12:19","date_gmt":"2017-12-11T10:12:19","guid":{"rendered":"https:\/\/www.baumeister-klima.de\/cms\/?page_id=196"},"modified":"2017-12-11T10:12:19","modified_gmt":"2017-12-11T10:12:19","slug":"projekte-2012","status":"publish","type":"page","link":"https:\/\/www.baumeister-klima.de\/cms\/projekte-2012\/","title":{"rendered":"Projekte 2012"},"content":{"rendered":"<section id=\"builder-section-text_11\" class=\"builder-section-first builder-section builder-section-text builder-section-last builder-text-columns-1\" style=\"background-size: cover; background-repeat: no-repeat;background-position: center center;\">\n<div class=\"builder-section-content\">\n<div class=\"builder-text-row\">\n<div class=\"builder-text-column builder-text-column-1\" id=\"builder-section-text_11-column-1\">\n<div class=\"builder-text-content\">\n<h1><span style=\"font-family: Arial; font-size: x-large;\">Referenzen 2012<\/span><\/h1>\n<table border=\"0\" cellspacing=\"0\" cellpadding=\"0\">\n<colgroup>\n<col width=\"156\" \/>\n<col width=\"169\" \/>\n<col width=\"240\" \/>\n<col width=\"123\" \/> <\/colgroup>\n<tbody>\n<tr>\n<td bgcolor=\"#C0C0C0\" height=\"17\"><b><span style=\"font-size: large;\">Kunde<\/span><\/b><\/td>\n<td bgcolor=\"#C0C0C0\"><b><span style=\"font-size: large;\">Ort<\/span><\/b><\/td>\n<td bgcolor=\"#C0C0C0\"><b><span style=\"font-size: large;\">Projekt<\/span><\/b><\/td>\n<td align=\"right\" bgcolor=\"#C0C0C0\">\n<p align=\"center\"><b><span style=\"font-size: large;\">Summe<\/span><\/b><\/p>\n<\/td>\n<\/tr>\n<tr>\n<td height=\"17\"><b> <span style=\"font-size: medium;\">Albiez-Kummle<\/span><\/b><\/td>\n<td><span style=\"font-size: medium;\">Waldshut<\/span><\/td>\n<td><span style=\"font-size: medium;\">Neubau Wohnpark Binzen<\/span><\/td>\n<td align=\"right\"><span style=\"font-size: medium;\">988.000,00<\/span><\/td>\n<\/tr>\n<tr>\n<td width=\"229\" height=\"17\"><b> <span style=\"font-size: medium;\">Steinmeyer<\/span><\/b><\/td>\n<td width=\"169\"><span style=\"font-size: medium;\">Albstadt<\/span><\/td>\n<td width=\"270\"><span style=\"font-size: medium;\">Neubau Produktion<\/span><\/td>\n<td align=\"right\" width=\"123\"><span style=\"font-size: medium;\">500.026,00<\/span><\/td>\n<\/tr>\n<tr>\n<td width=\"229\" height=\"17\"><b> <span style=\"font-size: medium;\">Carthago &#8211; City<\/span><\/b><\/td>\n<td width=\"169\"><span style=\"font-size: medium;\">Aulendorf<\/span><\/td>\n<td width=\"270\"><span style=\"font-size: medium;\">Neubau L\u00fcftung<\/span><\/td>\n<td align=\"right\" width=\"123\"><span style=\"font-size: medium;\">456.000,00<\/span><\/td>\n<\/tr>\n<tr>\n<td width=\"229\" height=\"17\"><b> <span style=\"font-size: medium;\">W\u00e4schle<\/span><\/b><\/td>\n<td width=\"169\"><span style=\"font-size: medium;\">Weingarten<\/span><\/td>\n<td width=\"270\"><span style=\"font-size: medium;\">Allweier \u00dcberlingen<\/span><\/td>\n<td align=\"right\" width=\"123\"><span style=\"font-size: medium;\">455.000,00<\/span><\/td>\n<\/tr>\n<tr>\n<td width=\"229\" height=\"17\"><b> <span style=\"font-size: medium;\">Sto AG<\/span><\/b><\/td>\n<td width=\"169\"><span style=\"font-size: medium;\">St\u00fchlingen<\/span><\/td>\n<td width=\"270\"><span style=\"font-size: medium;\">Erweiterung Logistik\u00a0<\/span><\/td>\n<td align=\"right\" width=\"123\"><span style=\"font-size: medium;\">349.000,00<\/span><\/td>\n<\/tr>\n<tr>\n<td width=\"229\" height=\"17\"><b> <span style=\"font-size: medium;\">Karl Storz Neuhausen<\/span><\/b><\/td>\n<td width=\"169\"><span style=\"font-size: medium;\">Freiburg<\/span><\/td>\n<td width=\"270\"><span style=\"font-size: medium;\">Logistikzentrum<\/span><\/td>\n<td align=\"right\" width=\"123\"><span style=\"font-size: medium;\">313.500,00<\/span><\/td>\n<\/tr>\n<tr>\n<td width=\"229\" height=\"17\"><b> <span style=\"font-size: medium;\">Groz-Beckert<\/span><\/b><\/td>\n<td width=\"169\"><span style=\"font-size: medium;\">Albstadt<\/span><\/td>\n<td width=\"270\"><span style=\"font-size: medium;\">Geb\u00e4ude 64 &#8211; Stanzerei<\/span><\/td>\n<td align=\"right\" width=\"123\"><span style=\"font-size: medium;\">280.000,00<\/span><\/td>\n<\/tr>\n<tr>\n<td width=\"229\" height=\"17\"><b> <span style=\"font-size: medium;\">Knoll<\/span><\/b><\/td>\n<td width=\"169\"><span style=\"font-size: medium;\">Bad Saulgau<\/span><\/td>\n<td width=\"270\"><span style=\"font-size: medium;\">Neubau Versand<\/span><\/td>\n<td align=\"right\" width=\"123\"><span style=\"font-size: medium;\">265.000,00<\/span><\/td>\n<\/tr>\n<tr>\n<td width=\"229\" height=\"17\"><b> <span style=\"font-size: medium;\">Kunstmuseum<\/span><\/b><\/td>\n<td width=\"169\"><span style=\"font-size: medium;\">Ravensburg<\/span><\/td>\n<td width=\"270\"><span style=\"font-size: medium;\">Neubau Technikzentrale<\/span><\/td>\n<td align=\"right\" width=\"123\"><span style=\"font-size: medium;\">164.000,00<\/span><\/td>\n<\/tr>\n<tr>\n<td width=\"229\" height=\"17\"><b> <span style=\"font-size: medium;\">Groz-Beckert<\/span><\/b><\/td>\n<td width=\"169\"><span style=\"font-size: medium;\">Albstadt<\/span><\/td>\n<td width=\"270\"><span style=\"font-size: medium;\">TEZ\u00a0 Textilpr\u00fcflabor<\/span><\/td>\n<td align=\"right\" width=\"123\"><span style=\"font-size: medium;\">115.000,00<\/span><\/td>\n<\/tr>\n<tr>\n<td width=\"229\" height=\"17\"><b> <span style=\"font-size: medium;\">Kreidler M\u00f6belhaus<\/span><\/b><\/td>\n<td width=\"169\"><span style=\"font-size: medium;\">Waldshut<\/span><\/td>\n<td width=\"270\"><span style=\"font-size: medium;\">L\u00fcftung<\/span><\/td>\n<td align=\"right\" width=\"123\"><span style=\"font-size: medium;\">105.000,00<\/span><\/td>\n<\/tr>\n<tr>\n<td width=\"229\" height=\"17\"><b> <span style=\"font-size: medium;\">Reisch<\/span><\/b><\/td>\n<td width=\"169\"><span style=\"font-size: medium;\">Bad Saulgau<\/span><\/td>\n<td width=\"270\"><span style=\"font-size: medium;\">Tanzschule Ravensburg<\/span><\/td>\n<td align=\"right\" width=\"123\"><span style=\"font-size: medium;\">101.000,00<\/span><\/td>\n<\/tr>\n<tr>\n<td width=\"229\" height=\"17\"><b> <span style=\"font-size: medium;\">Dibag M\u00fcnchen<\/span><\/b><\/td>\n<td width=\"169\"><span style=\"font-size: medium;\">Albstadt &#8211; Albcenter<\/span><\/td>\n<td width=\"270\"><span style=\"font-size: medium;\">Apotheke + Copyshop<\/span><\/td>\n<td align=\"right\" width=\"123\"><span style=\"font-size: medium;\">96.000,00<\/span><\/td>\n<\/tr>\n<tr>\n<td width=\"229\" height=\"17\"><b> <span style=\"font-size: medium;\">Wut\u00f6schingen<\/span><\/b><\/td>\n<td width=\"169\"><span style=\"font-size: medium;\">Wut\u00f6schingen<\/span><\/td>\n<td width=\"270\"><span style=\"font-size: medium;\">Umnutzung Plusmarkt \/ Mediothek<\/span><\/td>\n<td align=\"right\" width=\"123\"><span style=\"font-size: medium;\">95.593,00<\/span><\/td>\n<\/tr>\n<tr>\n<td width=\"229\" height=\"17\"><b> <span style=\"font-size: medium;\">Stadtverwaltung Singen<\/span><\/b><\/td>\n<td width=\"169\"><span style=\"font-size: medium;\">Singen<\/span><\/td>\n<td width=\"270\"><span style=\"font-size: medium;\">Hohenkr\u00e4henhalle Stetten i. Kr.<\/span><\/td>\n<td align=\"right\" width=\"123\"><span style=\"font-size: medium;\">84.000,00<\/span><\/td>\n<\/tr>\n<tr>\n<td width=\"229\" height=\"17\"><b> <span style=\"font-size: medium;\">Reisch<\/span><\/b><\/td>\n<td width=\"169\"><span style=\"font-size: medium;\">Bad Saulgau<\/span><\/td>\n<td width=\"270\"><span style=\"font-size: medium;\">Volksbank Bad Saulgau BA II<\/span><\/td>\n<td align=\"right\" width=\"123\"><span style=\"font-size: medium;\">81.000,00<\/span><\/td>\n<\/tr>\n<tr>\n<td width=\"229\" height=\"17\"><b> <span style=\"font-size: medium;\">Otto Dieterle<\/span><\/b><\/td>\n<td width=\"169\"><span style=\"font-size: medium;\">Rottweil<\/span><\/td>\n<td width=\"270\"><span style=\"font-size: medium;\">Umbau EG Kan\u00e4le<\/span><\/td>\n<td align=\"right\" width=\"123\"><span style=\"font-size: medium;\">61.500,00<\/span><\/td>\n<\/tr>\n<tr>\n<td width=\"229\" height=\"17\"><b> <span style=\"font-size: medium;\">Boysen Werk 2<\/span><\/b><\/td>\n<td width=\"169\"><span style=\"font-size: medium;\">Turmfeld<\/span><\/td>\n<td width=\"270\"><span style=\"font-size: medium;\">Austausch Zuluftausl\u00e4sse<\/span><\/td>\n<td align=\"right\" width=\"123\"><span style=\"font-size: medium;\">60.000,00<\/span><\/td>\n<\/tr>\n<tr>\n<td width=\"229\" height=\"17\"><b> <span style=\"font-size: medium;\">Klinik Donaueschingen<\/span><\/b><\/td>\n<td width=\"169\"><span style=\"font-size: medium;\">Donaueschingen<\/span><\/td>\n<td width=\"270\"><span style=\"font-size: medium;\">WC-Anlage Brandschutz<\/span><\/td>\n<td align=\"right\" width=\"123\"><span style=\"font-size: medium;\">51.984,00<\/span><\/td>\n<\/tr>\n<tr>\n<td width=\"229\" height=\"17\"><b> <span style=\"font-size: medium;\">Groz-Beckert<\/span><\/b><\/td>\n<td width=\"169\"><span style=\"font-size: medium;\">Albstadt<\/span><\/td>\n<td width=\"270\"><span style=\"font-size: medium;\">Planung Shedbau<\/span><\/td>\n<td align=\"right\" width=\"123\"><span style=\"font-size: medium;\">50.000,00<\/span><\/td>\n<\/tr>\n<tr>\n<td width=\"229\" height=\"17\"><b> <span style=\"font-size: medium;\">Aesculap<\/span><\/b><\/td>\n<td width=\"169\"><span style=\"font-size: medium;\">Tuttlingen<\/span><\/td>\n<td width=\"270\"><span style=\"font-size: medium;\">Austausch Filter Benchmark<\/span><\/td>\n<td align=\"right\" width=\"123\"><span style=\"font-size: medium;\">48.702,00<\/span><\/td>\n<\/tr>\n<tr>\n<td width=\"229\" height=\"17\"><b> <span style=\"font-size: medium;\">Langer<\/span><\/b><\/td>\n<td width=\"169\"><span style=\"font-size: medium;\">G\u00fcglingen<\/span><\/td>\n<td width=\"270\"><span style=\"font-size: medium;\">Arztpraxis Singen<\/span><\/td>\n<td align=\"right\" width=\"123\"><span style=\"font-size: medium;\">46.000,00<\/span><\/td>\n<\/tr>\n<tr>\n<td width=\"229\" height=\"17\"><b> <span style=\"font-size: medium;\">Boysen<\/span><\/b><\/td>\n<td width=\"169\"><span style=\"font-size: medium;\">Turmfeld<\/span><\/td>\n<td width=\"270\"><span style=\"font-size: medium;\">Absaughauben<\/span><\/td>\n<td align=\"right\" width=\"123\"><span style=\"font-size: medium;\">45.000,00<\/span><\/td>\n<\/tr>\n<tr>\n<td width=\"229\" height=\"17\"><b> <span style=\"font-size: medium;\">Werner+Pfleider<\/span><\/b><\/td>\n<td width=\"169\"><span style=\"font-size: medium;\">Tamm<\/span><\/td>\n<td width=\"270\"><span style=\"font-size: medium;\">Gardenia Malaysia<\/span><\/td>\n<td align=\"right\" width=\"123\"><span style=\"font-size: medium;\">40.000,00<\/span><\/td>\n<\/tr>\n<tr>\n<td width=\"229\" height=\"17\"><b> <span style=\"font-size: medium;\">Tannenhof<\/span><\/b><\/td>\n<td width=\"169\"><span style=\"font-size: medium;\">Niedereschach<\/span><\/td>\n<td width=\"270\"><span style=\"font-size: medium;\">Betriebserweiterung<\/span><\/td>\n<td align=\"right\" width=\"123\"><span style=\"font-size: medium;\">37.000,00<\/span><\/td>\n<\/tr>\n<tr>\n<td width=\"229\" height=\"17\"><b> <span style=\"font-size: medium;\">Magnetfabrik<\/span><\/b><\/td>\n<td width=\"169\"><span style=\"font-size: medium;\">Schramberg-Sulgen<\/span><\/td>\n<td width=\"270\"><span style=\"font-size: medium;\">Werk 3 &#8211; Be- und Entl\u00fcftungsanlage<\/span><\/td>\n<td align=\"right\" width=\"123\"><span style=\"font-size: medium;\">32.000,00<\/span><\/td>\n<\/tr>\n<tr>\n<td width=\"229\" height=\"17\"><b> <span style=\"font-size: medium;\">Groz-Beckert<\/span><\/b><\/td>\n<td width=\"169\"><span style=\"font-size: medium;\">Albstadt<\/span><\/td>\n<td width=\"270\"><span style=\"font-size: medium;\">Ostbau 2, 1.OG Umbau<\/span><\/td>\n<td align=\"right\" width=\"123\"><span style=\"font-size: medium;\">30.000,00<\/span><\/td>\n<\/tr>\n<tr>\n<td width=\"229\" height=\"17\"><b> <span style=\"font-size: medium;\">Ebro Color<\/span><\/b><\/td>\n<td width=\"169\"><span style=\"font-size: medium;\">Albstadt<\/span><\/td>\n<td width=\"270\"><span style=\"font-size: medium;\">B\u00fcrol\u00fcftung<\/span><\/td>\n<td align=\"right\" width=\"123\"><span style=\"font-size: medium;\">29.000,00<\/span><\/td>\n<\/tr>\n<tr>\n<td width=\"229\" height=\"17\"><b> <span style=\"font-size: medium;\">AP+S<\/span><\/b><\/td>\n<td width=\"169\"><span style=\"font-size: medium;\">Aasen<\/span><\/td>\n<td width=\"270\"><span style=\"font-size: medium;\">Labor Erdgeschoss<\/span><\/td>\n<td align=\"right\" width=\"123\"><span style=\"font-size: medium;\">24.864,00<\/span><\/td>\n<\/tr>\n<tr>\n<td width=\"229\" height=\"17\"><b> <span style=\"font-size: medium;\">Caritasverband<\/span><\/b><\/td>\n<td width=\"169\"><span style=\"font-size: medium;\">Singen<\/span><\/td>\n<td width=\"270\"><span style=\"font-size: medium;\">B\u00fcror\u00e4ume<\/span><\/td>\n<td align=\"right\" width=\"123\"><span style=\"font-size: medium;\">24.000,00<\/span><\/td>\n<\/tr>\n<tr>\n<td width=\"229\" height=\"17\"><b> <span style=\"font-size: medium;\">Hartec<\/span><\/b><\/td>\n<td width=\"169\"><span style=\"font-size: medium;\">Stetten a.k.M.<\/span><\/td>\n<td width=\"270\"><span style=\"font-size: medium;\">Erweiterung Montagehalle<\/span><\/td>\n<td align=\"right\" width=\"123\"><span style=\"font-size: medium;\">23.700,00<\/span><\/td>\n<\/tr>\n<tr>\n<td width=\"229\" height=\"17\"><b> <span style=\"font-size: medium;\">Schuler<\/span><\/b><\/td>\n<td width=\"169\"><span style=\"font-size: medium;\">Dei\u00dflingen<\/span><\/td>\n<td width=\"270\"><span style=\"font-size: medium;\">Neubau L\u00fcftung Personal<\/span><\/td>\n<td align=\"right\" width=\"123\"><span style=\"font-size: medium;\">22.150,00<\/span><\/td>\n<\/tr>\n<\/tbody>\n<\/table>\n<p><span style=\"font-family: Arial;\">Die ist nur ein Teil unserer Referenzprojekte. Bitte fragen Sie uns an, wenn Sie weitere Referenzen ben\u00f6tigen<\/span><\/p>\n<\/p><\/div>\n<\/p><\/div>\n<\/p><\/div>\n<div class=\"builder-text-row\">\n<div class=\"builder-text-column builder-text-column-2\" id=\"builder-section-text_11-column-1\">\n<div class=\"builder-text-content\">\n\t\t\t\t\t\t\t\t\t\t\t<\/div>\n<\/p><\/div>\n<\/p><\/div>\n<div class=\"builder-text-row\">\n<div class=\"builder-text-column builder-text-column-3\" id=\"builder-section-text_11-column-1\">\n<div class=\"builder-text-content\">\n\t\t\t\t\t\t\t\t\t\t\t<\/div>\n<\/p><\/div>\n<\/p><\/div>\n<\/p><\/div>\n<\/section>\n","protected":false},"excerpt":{"rendered":"<p>Referenzen 2012 Kunde Ort Projekt Summe Albiez-Kummle Waldshut Neubau Wohnpark Binzen 988.000,00 Steinmeyer Albstadt Neubau Produktion 500.026,00 Carthago &#8211; City Aulendorf Neubau L\u00fcftung 456.000,00 W\u00e4schle Weingarten Allweier \u00dcberlingen 455.000,00 Sto AG St\u00fchlingen Erweiterung Logistik\u00a0 349.000,00 Karl Storz Neuhausen Freiburg Logistikzentrum 313.500,00 Groz-Beckert Albstadt Geb\u00e4ude 64 &#8211; Stanzerei 280.000,00 Knoll Bad Saulgau Neubau Versand 265.000,00 Kunstmuseum &hellip;<\/p>\n","protected":false},"author":1,"featured_media":0,"parent":0,"menu_order":0,"comment_status":"closed","ping_status":"closed","template":"template-builder.php","meta":{"footnotes":""},"class_list":["post-196","page","type-page","status-publish","hentry"],"_links":{"self":[{"href":"https:\/\/www.baumeister-klima.de\/cms\/wp-json\/wp\/v2\/pages\/196","targetHints":{"allow":["GET"]}}],"collection":[{"href":"https:\/\/www.baumeister-klima.de\/cms\/wp-json\/wp\/v2\/pages"}],"about":[{"href":"https:\/\/www.baumeister-klima.de\/cms\/wp-json\/wp\/v2\/types\/page"}],"author":[{"embeddable":true,"href":"https:\/\/www.baumeister-klima.de\/cms\/wp-json\/wp\/v2\/users\/1"}],"replies":[{"embeddable":true,"href":"https:\/\/www.baumeister-klima.de\/cms\/wp-json\/wp\/v2\/comments?post=196"}],"version-history":[{"count":0,"href":"https:\/\/www.baumeister-klima.de\/cms\/wp-json\/wp\/v2\/pages\/196\/revisions"}],"wp:attachment":[{"href":"https:\/\/www.baumeister-klima.de\/cms\/wp-json\/wp\/v2\/media?parent=196"}],"curies":[{"name":"wp","href":"https:\/\/api.w.org\/{rel}","templated":true}]}}