{"id":193,"date":"2017-12-11T09:43:53","date_gmt":"2017-12-11T09:43:53","guid":{"rendered":"https:\/\/www.baumeister-klima.de\/cms\/?page_id=193"},"modified":"2017-12-11T09:43:53","modified_gmt":"2017-12-11T09:43:53","slug":"projekte-2011","status":"publish","type":"page","link":"https:\/\/www.baumeister-klima.de\/cms\/projekte-2011\/","title":{"rendered":"Projekte 2011"},"content":{"rendered":"<section id=\"builder-section-text_11\" class=\"builder-section-first builder-section builder-section-text builder-section-last builder-text-columns-1\" style=\"background-size: cover; background-repeat: no-repeat;background-position: center center;\">\n<div class=\"builder-section-content\">\n<div class=\"builder-text-row\">\n<div class=\"builder-text-column builder-text-column-1\" id=\"builder-section-text_11-column-1\">\n<div class=\"builder-text-content\">\n<h1><span style=\"font-family: Arial; font-size: x-large;\">Referenzen 2011<\/span><\/h1>\n<table border=\"0\" cellspacing=\"0\" cellpadding=\"0\">\n<colgroup>\n<col width=\"156\" \/>\n<col width=\"169\" \/>\n<col width=\"185\" \/>\n<col width=\"123\" \/> <\/colgroup>\n<tbody>\n<tr>\n<td height=\"17\"><span style=\"font-family: Arial; font-size: medium;\">Kunde<\/span><\/td>\n<td><span style=\"font-family: Arial; font-size: medium;\">Ort<\/span><\/td>\n<td><span style=\"font-family: Arial; font-size: medium;\">Projekt<\/span><\/td>\n<td><span style=\"font-family: Arial; font-size: medium;\">Summe<\/span><\/td>\n<\/tr>\n<tr>\n<td width=\"213\" height=\"17\"><b><span style=\"font-size: medium;\">Boysen<\/span><\/b><\/td>\n<td width=\"207\"><span style=\"font-size: medium;\">Turmfeld<\/span><\/td>\n<td width=\"238\"><span style=\"font-size: medium;\">Werk 3<\/span><\/td>\n<td align=\"right\" width=\"123\"><span style=\"font-size: medium;\">1.200.000,00<\/span><\/td>\n<\/tr>\n<tr>\n<td width=\"213\" height=\"17\"><b><span style=\"font-size: medium;\">Gambro<\/span><\/b><\/td>\n<td width=\"207\"><span style=\"font-size: medium;\">Hechingen<\/span><\/td>\n<td width=\"238\"><span style=\"font-size: medium;\">Neubau C5<\/span><\/td>\n<td align=\"right\" width=\"123\"><span style=\"font-size: medium;\">1.130.000,00<\/span><\/td>\n<\/tr>\n<tr>\n<td width=\"213\" height=\"17\"><b><span style=\"font-size: medium;\">W\u00e4schle<\/span><\/b><\/td>\n<td width=\"207\"><span style=\"font-size: medium;\">Weingarten<\/span><\/td>\n<td width=\"238\"><span style=\"font-size: medium;\">Augustinum, Meersburg<\/span><\/td>\n<td align=\"right\" width=\"123\"><span style=\"font-size: medium;\">820.000,00<\/span><\/td>\n<\/tr>\n<tr>\n<td width=\"213\" height=\"17\"><b><span style=\"font-size: medium;\">Groz-Beckert<\/span><\/b><\/td>\n<td width=\"207\"><span style=\"font-size: medium;\">Albstadt<\/span><\/td>\n<td width=\"238\"><span style=\"font-size: medium;\">Umbau Ostbau<\/span><\/td>\n<td align=\"right\" width=\"123\"><span style=\"font-size: medium;\">590.000,00<\/span><\/td>\n<\/tr>\n<tr>\n<td width=\"213\" height=\"17\"><b><span style=\"font-size: medium;\">Dibag, M\u00fcnchen<\/span><\/b><\/td>\n<td width=\"207\"><span style=\"font-size: medium;\">M\u00fcnchen<\/span><\/td>\n<td width=\"238\"><span style=\"font-size: medium;\">Albcenter Albstadt<\/span><\/td>\n<td align=\"right\" width=\"123\"><span style=\"font-size: medium;\">560.000,00<\/span><\/td>\n<\/tr>\n<tr>\n<td width=\"213\" height=\"17\"><b><span style=\"font-size: medium;\">Avira<\/span><\/b><\/td>\n<td width=\"207\"><span style=\"font-size: medium;\">Tettnang<\/span><\/td>\n<td width=\"238\"><span style=\"font-size: medium;\">L\u00fcftung 2. Bauabschnitt<\/span><\/td>\n<td align=\"right\" width=\"123\"><span style=\"font-size: medium;\">392.000,00<\/span><\/td>\n<\/tr>\n<tr>\n<td width=\"213\" height=\"17\"><b><span style=\"font-size: medium;\">Reisch<\/span><\/b><\/td>\n<td width=\"207\"><span style=\"font-size: medium;\">Bad Saulgau<\/span><\/td>\n<td width=\"238\"><span style=\"font-size: medium;\">Hallenbad Bad Saulgau<\/span><\/td>\n<td align=\"right\" width=\"123\"><span style=\"font-size: medium;\">305.000,00<\/span><\/td>\n<\/tr>\n<tr>\n<td width=\"213\" height=\"17\"><b><span style=\"font-size: medium;\">Groz-Beckert<\/span><\/b><\/td>\n<td width=\"207\"><span style=\"font-size: medium;\">Albstadt<\/span><\/td>\n<td width=\"238\"><span style=\"font-size: medium;\">Abluft Geb. 63<\/span><\/td>\n<td align=\"right\" width=\"123\"><span style=\"font-size: medium;\">199.000,00<\/span><\/td>\n<\/tr>\n<tr>\n<td width=\"213\" height=\"17\"><b><span style=\"font-size: medium;\">Reisch<\/span><\/b><\/td>\n<td width=\"207\"><span style=\"font-size: medium;\">Bad Saulgau<\/span><\/td>\n<td width=\"238\"><span style=\"font-size: medium;\">Kunstmuseum Ravensburg<\/span><\/td>\n<td align=\"right\" width=\"123\"><span style=\"font-size: medium;\">155.000,00<\/span><\/td>\n<\/tr>\n<tr>\n<td width=\"213\" height=\"17\"><b><span style=\"font-size: medium;\">Groz-Beckert<\/span><\/b><\/td>\n<td width=\"207\"><span style=\"font-size: medium;\">Albstadt<\/span><\/td>\n<td width=\"238\"><span style=\"font-size: medium;\">TEZ Befeuchtung<\/span><\/td>\n<td align=\"right\" width=\"123\"><span style=\"font-size: medium;\">155.000,00<\/span><\/td>\n<\/tr>\n<tr>\n<td width=\"213\" height=\"17\"><b><span style=\"font-size: medium;\">Schwanog<\/span><\/b><\/td>\n<td width=\"207\"><span style=\"font-size: medium;\">Obereschach<\/span><\/td>\n<td width=\"238\"><span style=\"font-size: medium;\">Zu- und Abluft Produktionshalle<\/span><\/td>\n<td align=\"right\" width=\"123\"><span style=\"font-size: medium;\">154.000,00<\/span><\/td>\n<\/tr>\n<tr>\n<td width=\"213\" height=\"17\"><b><span style=\"font-size: medium;\">Schr\u00f6n, Dr.<\/span><\/b><\/td>\n<td width=\"207\"><span style=\"font-size: medium;\">Sulz<\/span><\/td>\n<td width=\"238\"><span style=\"font-size: medium;\">Praxis L\u00fcftung<\/span><\/td>\n<td align=\"right\" width=\"123\"><span style=\"font-size: medium;\">149.000,00<\/span><\/td>\n<\/tr>\n<tr>\n<td width=\"213\" height=\"17\"><b><span style=\"font-size: medium;\">Schwanog<\/span><\/b><\/td>\n<td width=\"207\"><span style=\"font-size: medium;\">Obereschach<\/span><\/td>\n<td width=\"238\"><span style=\"font-size: medium;\">Produktionshalle 2<\/span><\/td>\n<td align=\"right\" width=\"123\"><span style=\"font-size: medium;\">125.000,00<\/span><\/td>\n<\/tr>\n<tr>\n<td width=\"213\" height=\"17\"><b><span style=\"font-size: medium;\">Mahler<\/span><\/b><\/td>\n<td width=\"207\"><span style=\"font-size: medium;\">Dauchingen<\/span><\/td>\n<td width=\"238\"><span style=\"font-size: medium;\">Produktionsgeb\u00e4ude<\/span><\/td>\n<td align=\"right\" width=\"123\"><span style=\"font-size: medium;\">123.000,00<\/span><\/td>\n<\/tr>\n<tr>\n<td width=\"213\" height=\"17\"><b><span style=\"font-size: medium;\">Simon<\/span><\/b><\/td>\n<td width=\"207\"><span style=\"font-size: medium;\">Aichhalden<\/span><\/td>\n<td width=\"238\"><span style=\"font-size: medium;\">Spr\u00fchturm<\/span><\/td>\n<td align=\"right\" width=\"123\"><span style=\"font-size: medium;\">121.000,00<\/span><\/td>\n<\/tr>\n<tr>\n<td width=\"213\" height=\"17\"><b><span style=\"font-size: medium;\">Pfeiffer<\/span><\/b><\/td>\n<td width=\"207\"><span style=\"font-size: medium;\">Eigeltingen<\/span><\/td>\n<td width=\"238\"><span style=\"font-size: medium;\">Prototypenbau<\/span><\/td>\n<td align=\"right\" width=\"123\"><span style=\"font-size: medium;\">108.000,00<\/span><\/td>\n<\/tr>\n<tr>\n<td width=\"213\" height=\"17\"><b><span style=\"font-size: medium;\">Weisschuh<\/span><\/b><\/td>\n<td width=\"207\"><span style=\"font-size: medium;\">Dusslingen<\/span><\/td>\n<td width=\"238\"><span style=\"font-size: medium;\">Erweiterung Produktion<\/span><\/td>\n<td align=\"right\" width=\"123\"><span style=\"font-size: medium;\">106.000,00<\/span><\/td>\n<\/tr>\n<tr>\n<td width=\"213\" height=\"17\"><b><span style=\"font-size: medium;\">Zentrum f\u00fcr Psychiatrie<\/span><\/b><\/td>\n<td width=\"207\"><span style=\"font-size: medium;\">Weissenau<\/span><\/td>\n<td width=\"238\"><span style=\"font-size: medium;\">Geb. 42, UG + OG<\/span><\/td>\n<td align=\"right\" width=\"123\"><span style=\"font-size: medium;\">100.000,00<\/span><\/td>\n<\/tr>\n<tr>\n<td width=\"213\" height=\"17\"><b><span style=\"font-size: medium;\">Storz Karl<\/span><\/b><\/td>\n<td width=\"207\"><span style=\"font-size: medium;\">Tuttlingen<\/span><\/td>\n<td width=\"238\"><span style=\"font-size: medium;\">Abteilung Stihl<\/span><\/td>\n<td align=\"right\" width=\"123\"><span style=\"font-size: medium;\">66.000,00<\/span><\/td>\n<\/tr>\n<tr>\n<td width=\"213\" height=\"17\"><b><span style=\"font-size: medium;\">Dentsply<\/span><\/b><\/td>\n<td width=\"207\"><span style=\"font-size: medium;\">Konstanz<\/span><\/td>\n<td width=\"238\"><span style=\"font-size: medium;\">Geb. 2, Trainingsr\u00e4ume<\/span><\/td>\n<td align=\"right\" width=\"123\"><span style=\"font-size: medium;\">62.000,00<\/span><\/td>\n<\/tr>\n<tr>\n<td width=\"213\" height=\"17\"><b><span style=\"font-size: medium;\">Groz-Beckert<\/span><\/b><\/td>\n<td width=\"207\"><span style=\"font-size: medium;\">Albstadt<\/span><\/td>\n<td width=\"238\"><span style=\"font-size: medium;\">Geb. 64, Stanzerei<\/span><\/td>\n<td align=\"right\" width=\"123\"><span style=\"font-size: medium;\">60.000,00<\/span><\/td>\n<\/tr>\n<tr>\n<td width=\"213\" height=\"17\"><b><span style=\"font-size: medium;\">Homag<\/span><\/b><\/td>\n<td width=\"207\"><span style=\"font-size: medium;\">Schopfloch<\/span><\/td>\n<td width=\"238\"><span style=\"font-size: medium;\">BA 30 Democenter<\/span><\/td>\n<td align=\"right\" width=\"123\"><span style=\"font-size: medium;\">57.000,00<\/span><\/td>\n<\/tr>\n<tr>\n<td width=\"213\" height=\"17\"><b><span style=\"font-size: medium;\">Reisch<\/span><\/b><\/td>\n<td width=\"207\"><span style=\"font-size: medium;\">Bad Saulgau<\/span><\/td>\n<td width=\"238\"><span style=\"font-size: medium;\">\u00c4rztehaus Bad Saulgau<\/span><\/td>\n<td align=\"right\" width=\"123\"><span style=\"font-size: medium;\">54.000,00<\/span><\/td>\n<\/tr>\n<tr>\n<td width=\"213\" height=\"17\"><b><span style=\"font-size: medium;\">Klinik Donaueschingen<\/span><\/b><\/td>\n<td width=\"207\"><span style=\"font-size: medium;\">Donaueschingen<\/span><\/td>\n<td width=\"238\"><span style=\"font-size: medium;\">Aufstockung Westfl\u00fcgel<\/span><\/td>\n<td align=\"right\" width=\"123\"><span style=\"font-size: medium;\">44.400,00<\/span><\/td>\n<\/tr>\n<tr>\n<td width=\"213\" height=\"17\"><b><span style=\"font-size: medium;\">Leibinger Paul<\/span><\/b><\/td>\n<td width=\"207\"><span style=\"font-size: medium;\">Tuttlingen<\/span><\/td>\n<td width=\"238\"><span style=\"font-size: medium;\">L\u00fcftungsumbau B\u00fcroebene<\/span><\/td>\n<td align=\"right\" width=\"123\"><span style=\"font-size: medium;\">41.800,00<\/span><\/td>\n<\/tr>\n<tr>\n<td width=\"213\" height=\"17\"><b><span style=\"font-size: medium;\">MRS-Electronic<\/span><\/b><\/td>\n<td width=\"207\"><span style=\"font-size: medium;\">Rottweil<\/span><\/td>\n<td width=\"238\"><span style=\"font-size: medium;\">Erweiterung Halle<\/span><\/td>\n<td align=\"right\" width=\"123\"><span style=\"font-size: medium;\">39.000,00<\/span><\/td>\n<\/tr>\n<tr>\n<td width=\"213\" height=\"17\"><b><span style=\"font-size: medium;\">H\u00e4sseler<\/span><\/b><\/td>\n<td width=\"207\"><span style=\"font-size: medium;\">St. Georgen<\/span><\/td>\n<td width=\"238\"><span style=\"font-size: medium;\">Werk 4, B\u00fcro<\/span><\/td>\n<td align=\"right\" width=\"123\"><span style=\"font-size: medium;\">38.000,00<\/span><\/td>\n<\/tr>\n<tr>\n<td width=\"213\" height=\"17\"><b><span style=\"font-size: medium;\">TR-Electronic<\/span><\/b><\/td>\n<td width=\"207\"><span style=\"font-size: medium;\">Trossingen<\/span><\/td>\n<td width=\"238\"><span style=\"font-size: medium;\">Erneuerung Schwimmbadger\u00e4t<\/span><\/td>\n<td align=\"right\" width=\"123\"><span style=\"font-size: medium;\">36.200,00<\/span><\/td>\n<\/tr>\n<tr>\n<td width=\"213\" height=\"17\"><b><span style=\"font-size: medium;\">Groz-Beckert<\/span><\/b><\/td>\n<td width=\"207\"><span style=\"font-size: medium;\">Albstadt<\/span><\/td>\n<td width=\"238\"><span style=\"font-size: medium;\">Verwaltungsgeb\u00e4ude<\/span><\/td>\n<td align=\"right\" width=\"123\"><span style=\"font-size: medium;\">35.000,00<\/span><\/td>\n<\/tr>\n<tr>\n<td width=\"213\" height=\"17\"><b><span style=\"font-size: medium;\">epm-Papst<\/span><\/b><\/td>\n<td width=\"207\"><span style=\"font-size: medium;\">St. Georgen<\/span><\/td>\n<td width=\"238\"><span style=\"font-size: medium;\">Umbau L\u00fcftung Produktion<\/span><\/td>\n<td align=\"right\" width=\"123\"><span style=\"font-size: medium;\">33.400,00<\/span><\/td>\n<\/tr>\n<tr>\n<td width=\"213\" height=\"17\"><b><span style=\"font-size: medium;\">Kurparkklinik \u00dcberlingen<\/span><\/b><\/td>\n<td width=\"207\"><span style=\"font-size: medium;\">\u00dcberlingen<\/span><\/td>\n<td width=\"238\"><span style=\"font-size: medium;\">Ergotherapie<\/span><\/td>\n<td align=\"right\" width=\"123\"><span style=\"font-size: medium;\">33.000,00<\/span><\/td>\n<\/tr>\n<tr>\n<td width=\"213\" height=\"17\"><b><span style=\"font-size: medium;\">Flaig + Hommel<\/span><\/b><\/td>\n<td width=\"207\"><span style=\"font-size: medium;\">Aldingen<\/span><\/td>\n<td width=\"238\"><span style=\"font-size: medium;\">Medical, 2 R\u00e4ume<\/span><\/td>\n<td align=\"right\" width=\"123\"><span style=\"font-size: medium;\">30.000,00<\/span><\/td>\n<\/tr>\n<tr>\n<td width=\"213\" height=\"17\"><b><span style=\"font-size: medium;\">Aesculap<\/span><\/b><\/td>\n<td width=\"207\"><span style=\"font-size: medium;\">Tuttlingen<\/span><\/td>\n<td width=\"238\"><span style=\"font-size: medium;\">Benchmark, Wasseraufbereitung<\/span><\/td>\n<td align=\"right\" width=\"123\"><span style=\"font-size: medium;\">29.000,00<\/span><\/td>\n<\/tr>\n<tr>\n<td width=\"213\" height=\"17\"><b><span style=\"font-size: medium;\">Weinmann &amp; Schanz<\/span><\/b><\/td>\n<td width=\"207\"><span style=\"font-size: medium;\">Frommern<\/span><\/td>\n<td width=\"238\"><span style=\"font-size: medium;\">Raucherr\u00e4ume<\/span><\/td>\n<td align=\"right\" width=\"123\"><span style=\"font-size: medium;\">28.700,00<\/span><\/td>\n<\/tr>\n<tr>\n<td width=\"213\" height=\"17\"><b><span style=\"font-size: medium;\">Groz-Beckert<\/span><\/b><\/td>\n<td width=\"207\"><span style=\"font-size: medium;\">Albstadt<\/span><\/td>\n<td width=\"238\"><span style=\"font-size: medium;\">Feuerwehrger\u00e4tehaus<\/span><\/td>\n<td align=\"right\" width=\"123\"><span style=\"font-size: medium;\">28.700,00<\/span><\/td>\n<\/tr>\n<tr>\n<td width=\"213\" height=\"17\"><b><span style=\"font-size: medium;\">Aesculap<\/span><\/b><\/td>\n<td width=\"207\"><span style=\"font-size: medium;\">Tuttlingen<\/span><\/td>\n<td width=\"238\"><span style=\"font-size: medium;\">Umbau L\u00fcftungsger\u00e4t<\/span><\/td>\n<td align=\"right\" width=\"123\"><span style=\"font-size: medium;\">26.000,00<\/span><\/td>\n<\/tr>\n<tr>\n<td width=\"213\" height=\"17\"><b><span style=\"font-size: medium;\">Zetec<\/span><\/b><\/td>\n<td width=\"207\"><span style=\"font-size: medium;\">Gosheim<\/span><\/td>\n<td width=\"238\"><span style=\"font-size: medium;\">DC-Inverter-Klimaanlage<\/span><\/td>\n<td align=\"right\" width=\"123\"><span style=\"font-size: medium;\">25.187,00<\/span><\/td>\n<\/tr>\n<tr>\n<td width=\"213\" height=\"17\"><b><span style=\"font-size: medium;\">Mahle<\/span><\/b><\/td>\n<td width=\"207\"><span style=\"font-size: medium;\">Rottweil<\/span><\/td>\n<td width=\"238\"><span style=\"font-size: medium;\">Bau Maschinenabsaugung<\/span><\/td>\n<td align=\"right\" width=\"123\"><span style=\"font-size: medium;\">25.000,00<\/span><\/td>\n<\/tr>\n<tr>\n<td width=\"213\" height=\"17\"><b><span style=\"font-size: medium;\">Magnetfabrik Schramberg<\/span><\/b><\/td>\n<td width=\"207\"><span style=\"font-size: medium;\">Schramberg<\/span><\/td>\n<td width=\"238\"><span style=\"font-size: medium;\">Sauberraum QS<\/span><\/td>\n<td align=\"right\" width=\"123\"><span style=\"font-size: medium;\">24.700,00<\/span><\/td>\n<\/tr>\n<tr>\n<td width=\"213\" height=\"17\"><b><span style=\"font-size: medium;\">Simon<\/span><\/b><\/td>\n<td width=\"207\"><span style=\"font-size: medium;\">Aichhalden<\/span><\/td>\n<td width=\"238\"><span style=\"font-size: medium;\">L\u00fcftungsrohre Galvanik<\/span><\/td>\n<td align=\"right\" width=\"123\"><span style=\"font-size: medium;\">24.000,00<\/span><\/td>\n<\/tr>\n<tr>\n<td width=\"213\" height=\"17\"><b><span style=\"font-size: medium;\">Grohe O.<\/span><\/b><\/td>\n<td width=\"207\"><span style=\"font-size: medium;\">Betzweiler<\/span><\/td>\n<td width=\"238\"><span style=\"font-size: medium;\">Rotationsw\u00e4rmetauscher<\/span><\/td>\n<td align=\"right\" width=\"123\"><span style=\"font-size: medium;\">22.000,00<\/span><\/td>\n<\/tr>\n<tr>\n<td width=\"213\" height=\"17\"><b><span style=\"font-size: medium;\">Marquart<\/span><\/b><\/td>\n<td width=\"207\"><span style=\"font-size: medium;\">Dornhan<\/span><\/td>\n<td width=\"238\"><span style=\"font-size: medium;\">Splitklimaanlage B\u00fcror\u00e4ume<\/span><\/td>\n<td align=\"right\" width=\"123\"><span style=\"font-size: medium;\">21.730,00<\/span><\/td>\n<\/tr>\n<tr>\n<td width=\"213\" height=\"17\"><b><span style=\"font-size: medium;\">Fichter<\/span><\/b><\/td>\n<td width=\"207\"><span style=\"font-size: medium;\">St. Georgen<\/span><\/td>\n<td width=\"238\"><span style=\"font-size: medium;\">Klimaanlage Messraum<\/span><\/td>\n<td align=\"right\" width=\"123\"><span style=\"font-size: medium;\">21.600,00<\/span><\/td>\n<\/tr>\n<tr>\n<td width=\"213\" height=\"17\"><b><span style=\"font-size: medium;\">EGO<\/span><\/b><\/td>\n<td width=\"207\"><span style=\"font-size: medium;\">Balingen-Engstlatt<\/span><\/td>\n<td width=\"238\"><span style=\"font-size: medium;\">Rohrsystem K\u00e4lte<\/span><\/td>\n<td align=\"right\" width=\"123\"><span style=\"font-size: medium;\">21.000,00<\/span><\/td>\n<\/tr>\n<tr>\n<td width=\"213\" height=\"17\"><b><span style=\"font-size: medium;\">Fischer<\/span><\/b><\/td>\n<td width=\"207\"><span style=\"font-size: medium;\">Waldachtal<\/span><\/td>\n<td width=\"238\"><span style=\"font-size: medium;\">Besprechungszimmer<\/span><\/td>\n<td align=\"right\" width=\"123\"><span style=\"font-size: medium;\">20.000,00<\/span><\/td>\n<\/tr>\n<\/tbody>\n<\/table>\n<p><span style=\"font-family: Arial;\">Die ist nur ein Teil unserer Referenzprojekte. Bitte fragen Sie uns an, wenn Sie weitere Referenzen ben\u00f6tigen<\/span><\/p>\n<\/p><\/div>\n<\/p><\/div>\n<\/p><\/div>\n<div class=\"builder-text-row\">\n<div class=\"builder-text-column builder-text-column-2\" id=\"builder-section-text_11-column-1\">\n<div class=\"builder-text-content\">\n\t\t\t\t\t\t\t\t\t\t\t<\/div>\n<\/p><\/div>\n<\/p><\/div>\n<div class=\"builder-text-row\">\n<div class=\"builder-text-column builder-text-column-3\" id=\"builder-section-text_11-column-1\">\n<div class=\"builder-text-content\">\n\t\t\t\t\t\t\t\t\t\t\t<\/div>\n<\/p><\/div>\n<\/p><\/div>\n<\/p><\/div>\n<\/section>\n","protected":false},"excerpt":{"rendered":"<p>Referenzen 2011 Kunde Ort Projekt Summe Boysen Turmfeld Werk 3 1.200.000,00 Gambro Hechingen Neubau C5 1.130.000,00 W\u00e4schle Weingarten Augustinum, Meersburg 820.000,00 Groz-Beckert Albstadt Umbau Ostbau 590.000,00 Dibag, M\u00fcnchen M\u00fcnchen Albcenter Albstadt 560.000,00 Avira Tettnang L\u00fcftung 2. Bauabschnitt 392.000,00 Reisch Bad Saulgau Hallenbad Bad Saulgau 305.000,00 Groz-Beckert Albstadt Abluft Geb. 63 199.000,00 Reisch Bad Saulgau Kunstmuseum &hellip;<\/p>\n","protected":false},"author":1,"featured_media":0,"parent":0,"menu_order":0,"comment_status":"closed","ping_status":"closed","template":"template-builder.php","meta":{"footnotes":""},"class_list":["post-193","page","type-page","status-publish","hentry"],"_links":{"self":[{"href":"https:\/\/www.baumeister-klima.de\/cms\/wp-json\/wp\/v2\/pages\/193","targetHints":{"allow":["GET"]}}],"collection":[{"href":"https:\/\/www.baumeister-klima.de\/cms\/wp-json\/wp\/v2\/pages"}],"about":[{"href":"https:\/\/www.baumeister-klima.de\/cms\/wp-json\/wp\/v2\/types\/page"}],"author":[{"embeddable":true,"href":"https:\/\/www.baumeister-klima.de\/cms\/wp-json\/wp\/v2\/users\/1"}],"replies":[{"embeddable":true,"href":"https:\/\/www.baumeister-klima.de\/cms\/wp-json\/wp\/v2\/comments?post=193"}],"version-history":[{"count":0,"href":"https:\/\/www.baumeister-klima.de\/cms\/wp-json\/wp\/v2\/pages\/193\/revisions"}],"wp:attachment":[{"href":"https:\/\/www.baumeister-klima.de\/cms\/wp-json\/wp\/v2\/media?parent=193"}],"curies":[{"name":"wp","href":"https:\/\/api.w.org\/{rel}","templated":true}]}}