{"id":190,"date":"2017-12-11T09:42:50","date_gmt":"2017-12-11T09:42:50","guid":{"rendered":"https:\/\/www.baumeister-klima.de\/cms\/?page_id=190"},"modified":"2017-12-11T09:42:50","modified_gmt":"2017-12-11T09:42:50","slug":"projekte-2010","status":"publish","type":"page","link":"https:\/\/www.baumeister-klima.de\/cms\/projekte-2010\/","title":{"rendered":"Projekte 2010"},"content":{"rendered":"<section id=\"builder-section-text_11\" class=\"builder-section-first builder-section builder-section-text builder-section-last builder-text-columns-1\" style=\"background-size: cover; background-repeat: no-repeat;background-position: center center;\">\n<div class=\"builder-section-content\">\n<div class=\"builder-text-row\">\n<div class=\"builder-text-column builder-text-column-1\" id=\"builder-section-text_11-column-1\">\n<div class=\"builder-text-content\">\n<table border=\"0\" width=\"858\" cellspacing=\"0\" cellpadding=\"0\">\n<tbody>\n<tr>\n<td width=\"322\" height=\"21\">Kunde<\/td>\n<td width=\"148\">Ort<\/td>\n<td width=\"276\">Projekt<\/td>\n<td width=\"112\">Summe<\/td>\n<\/tr>\n<tr>\n<td height=\"21\">Reisch<\/td>\n<td>Bad Saulgau<\/td>\n<td>AVIRA Tettnang<\/td>\n<td>\u00a0 460.000,00 \u20ac<\/td>\n<\/tr>\n<tr>\n<td height=\"21\">GOF Kaserne\u00a0<\/td>\n<td>Pfullendorf<\/td>\n<td>L\u00fcftung Geb\u00e4ude A5<\/td>\n<td>\u00a0 460.000,00 \u20ac<\/td>\n<\/tr>\n<tr>\n<td height=\"21\">ZFP Weissenau<\/td>\n<td>Weissenau<\/td>\n<td>L\u00fcftung Geb\u00e4ude 42<\/td>\n<td>\u00a0 330.000,00 \u20ac<\/td>\n<\/tr>\n<tr>\n<td height=\"21\">Straub Verpackungen\u00a0<\/td>\n<td>Blumberg<\/td>\n<td>Modernisierung L\u00fcftung<\/td>\n<td>\u00a0 316.000,00 \u20ac<\/td>\n<\/tr>\n<tr>\n<td height=\"21\">Reisch<\/td>\n<td>Bad Saulgau<\/td>\n<td>\u00c4rztehaus Konstanz<\/td>\n<td>\u00a0 245.000,00 \u20ac<\/td>\n<\/tr>\n<tr>\n<td height=\"21\">Gemeinde Rielasingen-Worblingen<\/td>\n<td>Worblingen<\/td>\n<td>Sporthalle<\/td>\n<td>\u00a0 231.000,00 \u20ac<\/td>\n<\/tr>\n<tr>\n<td height=\"21\">Zetec\u00a0<\/td>\n<td>Gosheim<\/td>\n<td>Zu+Abluft Produktionshalle<\/td>\n<td>\u00a0 223.000,00 \u20ac<\/td>\n<\/tr>\n<tr>\n<td height=\"21\">Max-Planck Institut<\/td>\n<td>Eigeltingen<\/td>\n<td>Umbau Werkzeugbau<\/td>\n<td>\u00a0 214.153,00 \u20ac<\/td>\n<\/tr>\n<tr>\n<td height=\"21\">Groz-Beckert<\/td>\n<td>Albstadt-Ebingen<\/td>\n<td>Erneuerung\u00a0 Zuluft Galvanik<\/td>\n<td>\u00a0 211.000,00 \u20ac<\/td>\n<\/tr>\n<tr>\n<td height=\"21\">Aesculap\u00a0<\/td>\n<td>Tuttlingen<\/td>\n<td>Bau 12 1.OG L\u00fcftungsanlage<\/td>\n<td>\u00a0 210.000,00 \u20ac<\/td>\n<\/tr>\n<tr>\n<td height=\"21\">RIA Polymers\u00a0<\/td>\n<td>Zimmern o.R.<\/td>\n<td>L\u00fcftungsanlage<\/td>\n<td>\u00a0 205.000,00 \u20ac<\/td>\n<\/tr>\n<tr>\n<td height=\"21\">Kummle + Albitz<\/td>\n<td>Rheinfelden<\/td>\n<td>M\u00f6belarena Waldshut<\/td>\n<td>\u00a0 196.000,00 \u20ac<\/td>\n<\/tr>\n<tr>\n<td height=\"21\">Stadt V\u00f6hrenbach<\/td>\n<td>V\u00f6hrenbach<\/td>\n<td>Festhalle<\/td>\n<td>\u00a0 158.900,00 \u20ac<\/td>\n<\/tr>\n<tr>\n<td height=\"21\">Stadt Haigerloch<\/td>\n<td>Haigerloch<\/td>\n<td>L\u00fcftung Hallenbad<\/td>\n<td>\u00a0 154.000,00 \u20ac<\/td>\n<\/tr>\n<tr>\n<td height=\"21\">Zentrum f\u00fcr Psychaterie ZfP<\/td>\n<td>Weissenau<\/td>\n<td>Ps-Zentrum Waldshut<\/td>\n<td>\u00a0 145.000,00 \u20ac<\/td>\n<\/tr>\n<tr>\n<td height=\"21\">Stadt Me\u00dfstetten<\/td>\n<td>Me\u00dfstetten<\/td>\n<td>Heuberghalle<\/td>\n<td>\u00a0 125.000,00 \u20ac<\/td>\n<\/tr>\n<tr>\n<td height=\"21\">W&amp;S Weinmann und Schanz<\/td>\n<td>BL-Frommern<\/td>\n<td>Neubau L\u00fcftungsanlage<\/td>\n<td>\u00a0 121.000,00 \u20ac<\/td>\n<\/tr>\n<tr>\n<td height=\"21\">Gemeinde Pfalzgrafenweiler<\/td>\n<td>Pfalzgrafenweiler<\/td>\n<td>Dreifeldsporthalle<\/td>\n<td>\u00a0 119.000,00 \u20ac<\/td>\n<\/tr>\n<tr>\n<td height=\"21\">Gemeinde Pfalzgrafenweiler<\/td>\n<td>Pfalzgrafenweiler<\/td>\n<td>L\u00fcftung Festhalle<\/td>\n<td>\u00a0 105.000,00 \u20ac<\/td>\n<\/tr>\n<tr>\n<td height=\"21\">Lohm\u00fcller\u00a0<\/td>\n<td>Hechingen<\/td>\n<td>Albus Hech. L\u00fcftungsanlage<\/td>\n<td>\u00a0 100.000,00 \u20ac<\/td>\n<\/tr>\n<tr>\n<td height=\"21\">Stadt M\u00fchlheim<\/td>\n<td>M\u00fchlheim<\/td>\n<td>Energetische Ma\u00dfnahmen Realschule<\/td>\n<td>\u00a0\u00a0\u00a0 88.000,00 \u20ac<\/td>\n<\/tr>\n<tr>\n<td height=\"21\">Aesculap\u00a0<\/td>\n<td>Tuttlingen<\/td>\n<td>Bau 16 L\u00fcftung Umbau<\/td>\n<td>\u00a0\u00a0\u00a0 86.000,00 \u20ac<\/td>\n<\/tr>\n<tr>\n<td height=\"21\">Kempf<\/td>\n<td>Friedrichshafen<\/td>\n<td>B\u00fcrogeb\u00e4ude L\u00fcftung<\/td>\n<td>\u00a0\u00a0\u00a0 85.000,00 \u20ac<\/td>\n<\/tr>\n<tr>\n<td height=\"21\">Gemeinde Deisslingen<\/td>\n<td>Deisslingen<\/td>\n<td>Dreifeldsporthalle<\/td>\n<td>\u00a0\u00a0\u00a0 84.000,00 \u20ac<\/td>\n<\/tr>\n<tr>\n<td height=\"21\">Binder\u00a0<\/td>\n<td>Tuttlingen<\/td>\n<td>Neubau Montagehalle<\/td>\n<td>\u00a0\u00a0\u00a0 74.000,00 \u20ac<\/td>\n<\/tr>\n<tr>\n<td height=\"21\">Graf Stauffenberg Kaserne<\/td>\n<td>Sigmaringen<\/td>\n<td>Geb. 4 L\u00fcftungsanlage<\/td>\n<td>\u00a0\u00a0\u00a0 68.000,00 \u20ac<\/td>\n<\/tr>\n<tr>\n<td height=\"21\">Gemeinde Neuhausen<\/td>\n<td>Neuhausen<\/td>\n<td>Neubau B\u00fcrgersaal<\/td>\n<td>\u00a0\u00a0\u00a0 66.800,00 \u20ac<\/td>\n<\/tr>\n<tr>\n<td height=\"21\">Groz-Beckert<\/td>\n<td>Albstadt-Ebingen<\/td>\n<td>TEZ Umbau 1.OG<\/td>\n<td>\u00a0\u00a0\u00a0 64.000,00 \u20ac<\/td>\n<\/tr>\n<tr>\n<td height=\"21\">Gemeinde Dunningen<\/td>\n<td>Dunningen<\/td>\n<td>Mehrzweckhalle Lackendorf<\/td>\n<td>\u00a0\u00a0\u00a0 60.000,00 \u20ac<\/td>\n<\/tr>\n<tr>\n<td height=\"21\">Puren<\/td>\n<td>\u00dcberlingen<\/td>\n<td>Trocknungsanlage<\/td>\n<td>\u00a0\u00a0\u00a0 57.000,00 \u20ac<\/td>\n<\/tr>\n<tr>\n<td height=\"21\">Biomarkt Rottweil<\/td>\n<td>Rottweil<\/td>\n<td>Be- und Entl\u00fcftungsanlage<\/td>\n<td>\u00a0\u00a0\u00a0 40.000,00 \u20ac<\/td>\n<\/tr>\n<tr>\n<td height=\"21\">Aesculap\u00a0<\/td>\n<td>Tuttlingen<\/td>\n<td>Biomechanisches Labor<\/td>\n<td>\u00a0\u00a0\u00a0 40.000,00 \u20ac<\/td>\n<\/tr>\n<tr>\n<td height=\"21\">Grund- und Hauptschule Niedereschach<\/td>\n<td>Niederschach<\/td>\n<td>Ganztagesbereich<\/td>\n<td>\u00a0\u00a0\u00a0 39.100,00 \u20ac<\/td>\n<\/tr>\n<tr>\n<td height=\"21\">Flaig + Hommel<\/td>\n<td>Aldingen<\/td>\n<td>Elektrofilter neue Maschine<\/td>\n<td>\u00a0\u00a0\u00a0 37.500,00 \u20ac<\/td>\n<\/tr>\n<tr>\n<td height=\"21\">Stadt Friedrichshafen<\/td>\n<td>Friedrichshafen<\/td>\n<td>Graf-Zeppelin-Haus<\/td>\n<td>\u00a0\u00a0\u00a0 36.000,00 \u20ac<\/td>\n<\/tr>\n<tr>\n<td height=\"21\">Housservice<\/td>\n<td>Stockach<\/td>\n<td>Cineplex Singen<\/td>\n<td>\u00a0\u00a0\u00a0 31.600,00 \u20ac<\/td>\n<\/tr>\n<tr>\n<td height=\"21\">Ingun<\/td>\n<td>Konstanz<\/td>\n<td>K\u00fchlung Montage<\/td>\n<td>\u00a0\u00a0\u00a0 31.137,00 \u20ac<\/td>\n<\/tr>\n<tr>\n<td height=\"21\">Dibag<\/td>\n<td>Stuttgart-Feuerbach<\/td>\n<td>Brandschutz<\/td>\n<td>\u00a0\u00a0\u00a0 29.000,00 \u20ac<\/td>\n<\/tr>\n<tr>\n<td height=\"21\">E. Pfeiffer\u00a0<\/td>\n<td>Eigeltingen<\/td>\n<td>Umbau Werkzeugbau<\/td>\n<td>\u00a0\u00a0\u00a0 28.000,00 \u20ac<\/td>\n<\/tr>\n<tr>\n<td height=\"21\">Groz-Beckert<\/td>\n<td>Albstadt-Ebingen<\/td>\n<td>K\u00fchlung Verwaltung\u00a0<\/td>\n<td>\u00a0\u00a0\u00a0 27.500,00 \u20ac<\/td>\n<\/tr>\n<tr>\n<td height=\"21\">Klinikum Tuttlingen<\/td>\n<td>Tuttlingen<\/td>\n<td>Erweiterung Station 31<\/td>\n<td>\u00a0\u00a0\u00a0 23.131,00 \u20ac<\/td>\n<\/tr>\n<tr>\n<td height=\"21\">K. Storz<\/td>\n<td>Garching<\/td>\n<td>Absaugungen\u00a0<\/td>\n<td>\u00a0\u00a0\u00a0 22.000,00 \u20ac<\/td>\n<\/tr>\n<\/tbody>\n<\/table>\n<p><span style=\"font-family: Arial;\">Die ist nur ein Teil unserer Referenzprojekte. Bitte fragen Sie uns an, wenn Sie weitere Referenzen ben\u00f6tigen<\/span><\/p>\n<\/p><\/div>\n<\/p><\/div>\n<\/p><\/div>\n<div class=\"builder-text-row\">\n<div class=\"builder-text-column builder-text-column-2\" id=\"builder-section-text_11-column-1\">\n<div class=\"builder-text-content\">\n\t\t\t\t\t\t\t\t\t\t\t<\/div>\n<\/p><\/div>\n<\/p><\/div>\n<div class=\"builder-text-row\">\n<div class=\"builder-text-column builder-text-column-3\" id=\"builder-section-text_11-column-1\">\n<div class=\"builder-text-content\">\n\t\t\t\t\t\t\t\t\t\t\t<\/div>\n<\/p><\/div>\n<\/p><\/div>\n<\/p><\/div>\n<\/section>\n","protected":false},"excerpt":{"rendered":"<p>Kunde Ort Projekt Summe Reisch Bad Saulgau AVIRA Tettnang \u00a0 460.000,00 \u20ac GOF Kaserne\u00a0 Pfullendorf L\u00fcftung Geb\u00e4ude A5 \u00a0 460.000,00 \u20ac ZFP Weissenau Weissenau L\u00fcftung Geb\u00e4ude 42 \u00a0 330.000,00 \u20ac Straub Verpackungen\u00a0 Blumberg Modernisierung L\u00fcftung \u00a0 316.000,00 \u20ac Reisch Bad Saulgau \u00c4rztehaus Konstanz \u00a0 245.000,00 \u20ac Gemeinde Rielasingen-Worblingen Worblingen Sporthalle \u00a0 231.000,00 \u20ac Zetec\u00a0 Gosheim &hellip;<\/p>\n","protected":false},"author":1,"featured_media":0,"parent":0,"menu_order":0,"comment_status":"closed","ping_status":"closed","template":"template-builder.php","meta":{"footnotes":""},"class_list":["post-190","page","type-page","status-publish","hentry"],"_links":{"self":[{"href":"https:\/\/www.baumeister-klima.de\/cms\/wp-json\/wp\/v2\/pages\/190","targetHints":{"allow":["GET"]}}],"collection":[{"href":"https:\/\/www.baumeister-klima.de\/cms\/wp-json\/wp\/v2\/pages"}],"about":[{"href":"https:\/\/www.baumeister-klima.de\/cms\/wp-json\/wp\/v2\/types\/page"}],"author":[{"embeddable":true,"href":"https:\/\/www.baumeister-klima.de\/cms\/wp-json\/wp\/v2\/users\/1"}],"replies":[{"embeddable":true,"href":"https:\/\/www.baumeister-klima.de\/cms\/wp-json\/wp\/v2\/comments?post=190"}],"version-history":[{"count":0,"href":"https:\/\/www.baumeister-klima.de\/cms\/wp-json\/wp\/v2\/pages\/190\/revisions"}],"wp:attachment":[{"href":"https:\/\/www.baumeister-klima.de\/cms\/wp-json\/wp\/v2\/media?parent=190"}],"curies":[{"name":"wp","href":"https:\/\/api.w.org\/{rel}","templated":true}]}}