{"id":182,"date":"2017-12-08T14:52:13","date_gmt":"2017-12-08T14:52:13","guid":{"rendered":"https:\/\/www.baumeister-klima.de\/cms\/?page_id=182"},"modified":"2017-12-08T14:52:13","modified_gmt":"2017-12-08T14:52:13","slug":"projekte-2008","status":"publish","type":"page","link":"https:\/\/www.baumeister-klima.de\/cms\/projekte-2008\/","title":{"rendered":"Projekte 2008"},"content":{"rendered":"<section id=\"builder-section-text_11\" class=\"builder-section-first builder-section builder-section-text builder-section-last builder-text-columns-1\" style=\"background-size: cover; background-repeat: no-repeat;background-position: center center;\">\n<div class=\"builder-section-content\">\n<div class=\"builder-text-row\">\n<div class=\"builder-text-column builder-text-column-1\" id=\"builder-section-text_11-column-1\">\n<div class=\"builder-text-content\">\n<h1>Referenzen 2008<\/h1>\n<table width=\"868\">\n<tbody>\n<tr>\n<td width=\"337\"><strong>Kunde<\/strong><\/td>\n<td width=\"149\"><strong>Ort<\/strong><\/td>\n<td width=\"291\"><strong>Projekt<\/strong><\/td>\n<td width=\"90\"><strong>Summe<\/strong><\/td>\n<\/tr>\n<tr>\n<td width=\"337\"><strong>Groz-Beckert\u00a0<\/strong><\/td>\n<td width=\"149\">Albstadt-Ebingen<\/td>\n<td width=\"291\">Neubau Technologiezentrum<\/td>\n<td width=\"90\">1.892.837,00<\/td>\n<\/tr>\n<tr>\n<td width=\"337\"><strong>Boysen\u00a0\u00a0\u00a0\u00a0\u00a0\u00a0\u00a0\u00a0\u00a0\u00a0\u00a0\u00a0\u00a0<\/strong><\/td>\n<td width=\"149\">B\u00f6mbach<\/td>\n<td width=\"291\">Pr\u00fcfstandsgeb\u00e4ude 3<\/td>\n<td width=\"90\">1.825.400,00<\/td>\n<\/tr>\n<tr>\n<td width=\"337\"><strong>Magnetfabrik \u00a0\u00a0\u00a0\u00a0\u00a0\u00a0\u00a0\u00a0\u00a0\u00a0\u00a0\u00a0\u00a0<\/strong><\/td>\n<td width=\"149\">Schramberg<\/td>\n<td width=\"291\">Erweiterung Werk 3<\/td>\n<td width=\"90\">730.000,00<\/td>\n<\/tr>\n<tr>\n<td width=\"337\"><strong>Schuler \u00a0\u00a0\u00a0\u00a0\u00a0\u00a0\u00a0\u00a0\u00a0\u00a0\u00a0\u00a0\u00a0\u00a0\u00a0\u00a0\u00a0\u00a0\u00a0\u00a0\u00a0\u00a0\u00a0<\/strong><\/td>\n<td width=\"149\">Gosheim<\/td>\n<td width=\"291\">Erweiterung Produktion<\/td>\n<td width=\"90\">520.000,00<\/td>\n<\/tr>\n<tr>\n<td width=\"337\"><strong>Homag <\/strong><\/td>\n<td width=\"149\">Schopfloch<\/td>\n<td width=\"291\">Verwaltungsgeb\u00e4ude C<\/td>\n<td width=\"90\">415.000,00<\/td>\n<\/tr>\n<tr>\n<td width=\"337\"><strong>Fischerwerke\u00a0\u00a0\u00a0\u00a0\u00a0\u00a0\u00a0\u00a0\u00a0<\/strong><\/td>\n<td width=\"149\">Tumlingen<\/td>\n<td width=\"291\">Neubau Kunden-Center<\/td>\n<td width=\"90\">310.000,00<\/td>\n<\/tr>\n<tr>\n<td width=\"337\"><strong>Leibinger, Karl \u00a0\u00a0\u00a0<\/strong><\/td>\n<td width=\"149\">Tuttlingen<\/td>\n<td width=\"291\">Anbau Bau 60 &#8211; L\u00fcftung<\/td>\n<td width=\"90\">265.000,00<\/td>\n<\/tr>\n<tr>\n<td width=\"337\"><strong>Mey \u00a0\u00a0\u00a0\u00a0\u00a0\u00a0\u00a0\u00a0\u00a0\u00a0\u00a0\u00a0\u00a0\u00a0\u00a0\u00a0\u00a0\u00a0\u00a0\u00a0\u00a0\u00a0\u00a0\u00a0\u00a0<\/strong><\/td>\n<td width=\"149\">Lautlingen<\/td>\n<td width=\"291\">Erweiterung Firmengeb\u00e4ude<\/td>\n<td width=\"90\">260.000,00<\/td>\n<\/tr>\n<tr>\n<td width=\"337\"><strong>K.Storz\u00a0\u00a0\u00a0\u00a0\u00a0\u00a0\u00a0\u00a0\u00a0\u00a0\u00a0\u00a0\u00a0\u00a0\u00a0\u00a0\u00a0<\/strong><\/td>\n<td width=\"149\">Tuttlingen<\/td>\n<td width=\"291\">Reoganisat. Mechanik<\/td>\n<td width=\"90\">260.000,00<\/td>\n<\/tr>\n<tr>\n<td width=\"337\"><strong>Stadt Rottweil\u00a0\u00a0\u00a0\u00a0\u00a0\u00a0\u00a0\u00a0\u00a0\u00a0\u00a0\u00a0\u00a0\u00a0\u00a0\u00a0\u00a0\u00a0\u00a0\u00a0\u00a0\u00a0\u00a0\u00a0\u00a0\u00a0\u00a0\u00a0\u00a0\u00a0\u00a0\u00a0\u00a0\u00a0\u00a0<\/strong><\/td>\n<td width=\"149\">Rottweil<\/td>\n<td width=\"291\">Kapuziner<\/td>\n<td width=\"90\">240.000,00<\/td>\n<\/tr>\n<tr>\n<td width=\"337\"><strong>Fischerwerke \u00a0\u00a0\u00a0\u00a0\u00a0\u00a0\u00a0\u00a0\u00a0\u00a0\u00a0<\/strong><\/td>\n<td width=\"149\">Horb<\/td>\n<td width=\"291\">Nachr\u00fcstung K\u00fchler<\/td>\n<td width=\"90\">220.000,00<\/td>\n<\/tr>\n<tr>\n<td width=\"337\"><strong>Mahle \u00a0\u00a0\u00a0\u00a0\u00a0\u00a0\u00a0\u00a0\u00a0\u00a0\u00a0\u00a0\u00a0\u00a0\u00a0\u00a0\u00a0\u00a0\u00a0\u00a0\u00a0\u00a0\u00a0\u00a0\u00a0<\/strong><\/td>\n<td width=\"149\">Leibertingen<\/td>\n<td width=\"291\">Produktionshalle 3A+4<\/td>\n<td width=\"90\">220.000,00<\/td>\n<\/tr>\n<tr>\n<td width=\"337\"><strong>Sauter \u00a0\u00a0\u00a0\u00a0\u00a0\u00a0\u00a0\u00a0\u00a0\u00a0\u00a0\u00a0\u00a0\u00a0\u00a0\u00a0\u00a0\u00a0\u00a0\u00a0\u00a0\u00a0\u00a0\u00a0\u00a0<\/strong><\/td>\n<td width=\"149\">B\u00e4renthal<\/td>\n<td width=\"291\">Neubau Produktion<\/td>\n<td width=\"90\">200.000,00<\/td>\n<\/tr>\n<tr>\n<td width=\"337\"><strong>Mehrzweckhalle \u00a0\u00a0\u00a0\u00a0\u00a0\u00a0\u00a0\u00a0\u00a0\u00a0\u00a0\u00a0\u00a0\u00a0\u00a0<\/strong><\/td>\n<td width=\"149\">Frittlingen<\/td>\n<td width=\"291\">Neubau Halle<\/td>\n<td width=\"90\">165.000,00<\/td>\n<\/tr>\n<tr>\n<td width=\"337\"><strong>Rauch \u00a0\u00a0\u00a0\u00a0\u00a0\u00a0\u00a0\u00a0\u00a0\u00a0\u00a0\u00a0\u00a0\u00a0\u00a0\u00a0\u00a0<\/strong><\/td>\n<td width=\"149\">Sch\u00f6mberg<\/td>\n<td width=\"291\">Erweiterung<\/td>\n<td width=\"90\">134.000,00<\/td>\n<\/tr>\n<tr>\n<td width=\"337\"><strong>Duttlinger \u00a0\u00a0\u00a0\u00a0\u00a0\u00a0\u00a0\u00a0\u00a0\u00a0\u00a0\u00a0\u00a0\u00a0\u00a0\u00a0\u00a0\u00a0\u00a0\u00a0\u00a0<\/strong><\/td>\n<td width=\"149\">Eisenbach<\/td>\n<td width=\"291\">Maschinenabsaugungen<\/td>\n<td width=\"90\">125.500,00<\/td>\n<\/tr>\n<tr>\n<td width=\"337\"><strong>Dr. Friedrich \u00a0\u00a0\u00a0\u00a0\u00a0\u00a0\u00a0\u00a0\u00a0\u00a0\u00a0\u00a0\u00a0\u00a0\u00a0\u00a0\u00a0\u00a0\u00a0\u00a0\u00a0<\/strong><\/td>\n<td width=\"149\">Rottweil<\/td>\n<td width=\"291\">Praxis-Erweiterung<\/td>\n<td width=\"90\">125.000,00<\/td>\n<\/tr>\n<tr>\n<td width=\"337\"><strong>Holcim\u00a0\u00a0\u00a0\u00a0\u00a0\u00a0\u00a0\u00a0\u00a0\u00a0\u00a0\u00a0\u00a0\u00a0\u00a0\u00a0\u00a0<\/strong><\/td>\n<td width=\"149\">Dotternhausen<\/td>\n<td width=\"291\">Traforaum Dokup<\/td>\n<td width=\"90\">125.000,00<\/td>\n<\/tr>\n<tr>\n<td width=\"337\"><strong>Bilger Modehaus <\/strong><\/td>\n<td width=\"149\">Trossingen<\/td>\n<td width=\"291\">L\u00fcftung-Umbau<\/td>\n<td width=\"90\">118.000,00<\/td>\n<\/tr>\n<tr>\n<td width=\"337\"><strong>Strahlentherapie\u00a0<\/strong><\/td>\n<td width=\"149\">B\u00f6blingen<\/td>\n<td width=\"291\">Erweiterung<\/td>\n<td width=\"90\">102.000,00<\/td>\n<\/tr>\n<tr>\n<td width=\"337\"><strong>Fa. W\u00fcrthner \u00a0<\/strong><\/td>\n<td width=\"149\">Villingen-Schwenningen<\/td>\n<td width=\"291\">Erweiterung Produktion<\/td>\n<td width=\"90\">87.000,00<\/td>\n<\/tr>\n<tr>\n<td width=\"337\"><strong>Stadt Rottweil &#8211; ENBW Aquasol\u00a0\u00a0\u00a0<\/strong><\/td>\n<td width=\"149\">Rottweil<\/td>\n<td width=\"291\">Sanierung RLT-Anlage<\/td>\n<td width=\"90\">68.000,00<\/td>\n<\/tr>\n<tr>\n<td width=\"337\"><strong>Weber Chr. CWG \u00a0\u00a0\u00a0\u00a0\u00a0\u00a0\u00a0\u00a0\u00a0<\/strong><\/td>\n<td width=\"149\">Gosheim<\/td>\n<td width=\"291\">Maschinenanschl\u00fcsse<\/td>\n<td width=\"90\">59.000,00<\/td>\n<\/tr>\n<tr>\n<td width=\"337\"><strong>Schuler, OHG \u00a0\u00a0\u00a0\u00a0\u00a0\u00a0\u00a0\u00a0\u00a0\u00a0\u00a0\u00a0\u00a0<\/strong><\/td>\n<td width=\"149\">Deisslingen<\/td>\n<td width=\"291\">Werk Singen, B\u00fcrohausumbau<\/td>\n<td width=\"90\">57.700,00<\/td>\n<\/tr>\n<tr>\n<td width=\"337\"><strong>Stadt \u00a0\u00a0\u00a0\u00a0\u00a0\u00a0\u00a0\u00a0\u00a0\u00a0\u00a0\u00a0\u00a0\u00a0\u00a0<\/strong><\/td>\n<td width=\"149\">VS-Schwenningen<\/td>\n<td width=\"291\">Grundschule Deutenberg Mensa<\/td>\n<td width=\"90\">52.000,00<\/td>\n<\/tr>\n<tr>\n<td width=\"337\"><strong>Fischerwerke\u00a0\u00a0\u00a0\u00a0\u00a0\u00a0\u00a0\u00a0\u00a0\u00a0\u00a0\u00a0\u00a0\u00a0\u00a0\u00a0\u00a0\u00a0\u00a0\u00a0\u00a0\u00a0\u00a0<\/strong><\/td>\n<td width=\"149\">Horb<\/td>\n<td width=\"291\">Nachr\u00fcstung K\u00fchler<\/td>\n<td width=\"90\">52.000,00<\/td>\n<\/tr>\n<tr>\n<td width=\"337\"><strong>Mahle \u00a0\u00a0\u00a0\u00a0\u00a0\u00a0\u00a0\u00a0\u00a0\u00a0\u00a0\u00a0\u00a0\u00a0\u00a0\u00a0\u00a0\u00a0\u00a0\u00a0\u00a0\u00a0\u00a0\u00a0\u00a0\u00a0\u00a0\u00a0\u00a0\u00a0\u00a0\u00a0\u00a0<\/strong><\/td>\n<td width=\"149\">Rottweil<\/td>\n<td width=\"291\">Bau 502, Zu- + Abluft B\u00fcrobereich<\/td>\n<td width=\"90\">52.000,00<\/td>\n<\/tr>\n<tr>\n<td width=\"337\"><strong>Darda \u00a0\u00a0\u00a0\u00a0\u00a0\u00a0\u00a0\u00a0\u00a0\u00a0\u00a0\u00a0\u00a0\u00a0\u00a0\u00a0\u00a0\u00a0\u00a0\u00a0\u00a0\u00a0\u00a0\u00a0\u00a0\u00a0\u00a0\u00a0\u00a0<\/strong><\/td>\n<td width=\"149\">Blumberg<\/td>\n<td width=\"291\">Zu-\/Abluftanlge Schleiferei<\/td>\n<td width=\"90\">48.000,00<\/td>\n<\/tr>\n<tr>\n<td width=\"337\"><strong>BB-Bank \u00a0\u00a0\u00a0\u00a0\u00a0\u00a0\u00a0\u00a0\u00a0\u00a0\u00a0\u00a0\u00a0\u00a0\u00a0\u00a0\u00a0\u00a0\u00a0\u00a0\u00a0\u00a0\u00a0\u00a0\u00a0\u00a0\u00a0<\/strong><\/td>\n<td width=\"149\">Singen<\/td>\n<td width=\"291\">Umbauarbeiten<\/td>\n<td width=\"90\">46.000,00<\/td>\n<\/tr>\n<tr>\n<td width=\"337\"><strong>Aries K.Stoz \u00a0\u00a0\u00a0\u00a0\u00a0\u00a0\u00a0\u00a0\u00a0\u00a0\u00a0\u00a0\u00a0\u00a0\u00a0<\/strong><\/td>\n<td width=\"149\">Tuttlingen<\/td>\n<td width=\"291\">Logistikzentrum-Druckmaschine G.3<\/td>\n<td width=\"90\">43.604,00<\/td>\n<\/tr>\n<tr>\n<td width=\"337\"><strong>Mahle\u00a0\u00a0\u00a0\u00a0\u00a0\u00a0\u00a0\u00a0\u00a0\u00a0\u00a0\u00a0\u00a0\u00a0\u00a0\u00a0\u00a0\u00a0\u00a0\u00a0\u00a0\u00a0\u00a0\u00a0\u00a0\u00a0\u00a0\u00a0\u00a0\u00a0\u00a0\u00a0\u00a0<\/strong><\/td>\n<td width=\"149\">Rottweil<\/td>\n<td width=\"291\">Tropfenabscheider, Schmiede Gr. 2<\/td>\n<td width=\"90\">43.000,00<\/td>\n<\/tr>\n<tr>\n<td width=\"337\"><strong>Hammerwerke \u00a0\u00a0\u00a0\u00a0\u00a0\u00a0\u00a0\u00a0\u00a0\u00a0\u00a0\u00a0\u00a0\u00a0\u00a0<\/strong><\/td>\n<td width=\"149\">Fridingen<\/td>\n<td width=\"291\">Kompressorraum<\/td>\n<td width=\"90\">42.500,00<\/td>\n<\/tr>\n<tr>\n<td width=\"337\"><strong>Mahle \u00a0\u00a0\u00a0\u00a0\u00a0\u00a0\u00a0\u00a0\u00a0\u00a0\u00a0\u00a0\u00a0\u00a0\u00a0<\/strong><\/td>\n<td width=\"149\">Rottweil<\/td>\n<td width=\"291\">Monoth. Reihe 3<\/td>\n<td width=\"90\">42.000,00<\/td>\n<\/tr>\n<tr>\n<td width=\"337\"><strong>Boysen \u00a0\u00a0\u00a0\u00a0\u00a0\u00a0\u00a0\u00a0\u00a0\u00a0\u00a0\u00a0\u00a0<\/strong><\/td>\n<td width=\"149\">Altensteig<\/td>\n<td width=\"291\">Abluftanlage Lackieranl. Turmfeld<\/td>\n<td width=\"90\">37.000,00<\/td>\n<\/tr>\n<tr>\n<td width=\"337\"><strong>Mahle \u00a0\u00a0\u00a0\u00a0\u00a0\u00a0\u00a0\u00a0\u00a0\u00a0\u00a0\u00a0\u00a0\u00a0\u00a0\u00a0\u00a0\u00a0\u00a0\u00a0\u00a0\u00a0\u00a0\u00a0\u00a0\u00a0\u00a0\u00a0\u00a0\u00a0\u00a0\u00a0\u00a0\u00a0\u00a0<\/strong><\/td>\n<td width=\"149\">Rottweil<\/td>\n<td width=\"291\">Bau 512 Verg\u00f6\u00dferung Hauptleitung<\/td>\n<td width=\"90\">35.000,00<\/td>\n<\/tr>\n<tr>\n<td width=\"337\"><strong>Hammerwerke \u00a0\u00a0\u00a0\u00a0\u00a0\u00a0\u00a0\u00a0\u00a0\u00a0\u00a0<\/strong><\/td>\n<td width=\"149\">Fridingen<\/td>\n<td width=\"291\">L\u00fcftung<\/td>\n<td width=\"90\">33.900,00<\/td>\n<\/tr>\n<tr>\n<td width=\"337\"><strong>T\u00fcrk + Hillinger \u00a0\u00a0\u00a0\u00a0\u00a0\u00a0\u00a0<\/strong><\/td>\n<td width=\"149\">Tuttlingen<\/td>\n<td width=\"291\">Zu- und Abluft Kantine<\/td>\n<td width=\"90\">30.400,00<\/td>\n<\/tr>\n<tr>\n<td width=\"337\"><strong>Groz Beckert \u00a0\u00a0\u00a0<\/strong><\/td>\n<td width=\"149\">Albstadt Ebingen<\/td>\n<td width=\"291\">Umbau H\u00e4rterei Geb. 63<\/td>\n<td width=\"90\">30.000,00<\/td>\n<\/tr>\n<tr>\n<td width=\"337\"><strong>Groz Beckert \u00a0\u00a0\u00a0<\/strong><\/td>\n<td width=\"149\">Albstadt Ebingen<\/td>\n<td width=\"291\">S\u00fcdbau 2. OG Maschienenabluft<\/td>\n<td width=\"90\">25.000,00<\/td>\n<\/tr>\n<tr>\n<td width=\"337\"><strong>Hermle B. \u00a0\u00a0\u00a0\u00a0\u00a0\u00a0\u00a0\u00a0\u00a0\u00a0\u00a0\u00a0\u00a0\u00a0\u00a0\u00a0\u00a0\u00a0\u00a0<\/strong><\/td>\n<td width=\"149\">Gosheim<\/td>\n<td width=\"291\">K\u00fchlung Lehrwerkstatt EG<\/td>\n<td width=\"90\">20.000,00<\/td>\n<\/tr>\n<tr>\n<td width=\"337\"><strong>Knoll, Bad \u00a0\u00a0\u00a0\u00a0\u00a0\u00a0\u00a0\u00a0\u00a0\u00a0\u00a0\u00a0\u00a0\u00a0\u00a0\u00a0\u00a0\u00a0\u00a0\u00a0\u00a0\u00a0\u00a0\u00a0\u00a0\u00a0\u00a0<\/strong><\/td>\n<td width=\"149\">Saulgau<\/td>\n<td width=\"291\">Umbau Schwei\u00dferei<\/td>\n<td width=\"90\">19.000,00<\/td>\n<\/tr>\n<tr>\n<td width=\"337\"><strong>Hafner \u00a0\u00a0\u00a0\u00a0\u00a0\u00a0\u00a0\u00a0\u00a0\u00a0\u00a0<\/strong><\/td>\n<td width=\"149\">Balingen-Engstlatt<\/td>\n<td width=\"291\">Papst EBM St. Georgen<\/td>\n<td width=\"90\">18.300,00<\/td>\n<\/tr>\n<\/tbody>\n<\/table>\n<p>Die ist nur ein Teil unserer Referenzprojekte. Bitte fragen Sie uns an, wenn Sie weitere Referenzen ben\u00f6tigen<\/p>\n<\/p><\/div>\n<\/p><\/div>\n<\/p><\/div>\n<div class=\"builder-text-row\">\n<div class=\"builder-text-column builder-text-column-2\" id=\"builder-section-text_11-column-1\">\n<div class=\"builder-text-content\">\n\t\t\t\t\t\t\t\t\t\t\t<\/div>\n<\/p><\/div>\n<\/p><\/div>\n<div class=\"builder-text-row\">\n<div class=\"builder-text-column builder-text-column-3\" id=\"builder-section-text_11-column-1\">\n<div class=\"builder-text-content\">\n\t\t\t\t\t\t\t\t\t\t\t<\/div>\n<\/p><\/div>\n<\/p><\/div>\n<\/p><\/div>\n<\/section>\n","protected":false},"excerpt":{"rendered":"<p>Referenzen 2008 Kunde Ort Projekt Summe Groz-Beckert\u00a0 Albstadt-Ebingen Neubau Technologiezentrum 1.892.837,00 Boysen\u00a0\u00a0\u00a0\u00a0\u00a0\u00a0\u00a0\u00a0\u00a0\u00a0\u00a0\u00a0\u00a0 B\u00f6mbach Pr\u00fcfstandsgeb\u00e4ude 3 1.825.400,00 Magnetfabrik \u00a0\u00a0\u00a0\u00a0\u00a0\u00a0\u00a0\u00a0\u00a0\u00a0\u00a0\u00a0\u00a0 Schramberg Erweiterung Werk 3 730.000,00 Schuler \u00a0\u00a0\u00a0\u00a0\u00a0\u00a0\u00a0\u00a0\u00a0\u00a0\u00a0\u00a0\u00a0\u00a0\u00a0\u00a0\u00a0\u00a0\u00a0\u00a0\u00a0\u00a0\u00a0 Gosheim Erweiterung Produktion 520.000,00 Homag Schopfloch Verwaltungsgeb\u00e4ude C 415.000,00 Fischerwerke\u00a0\u00a0\u00a0\u00a0\u00a0\u00a0\u00a0\u00a0\u00a0 Tumlingen Neubau Kunden-Center 310.000,00 Leibinger, Karl \u00a0\u00a0\u00a0 Tuttlingen Anbau Bau 60 &#8211; L\u00fcftung 265.000,00 Mey \u00a0\u00a0\u00a0\u00a0\u00a0\u00a0\u00a0\u00a0\u00a0\u00a0\u00a0\u00a0\u00a0\u00a0\u00a0\u00a0\u00a0\u00a0\u00a0\u00a0\u00a0\u00a0\u00a0\u00a0\u00a0 Lautlingen Erweiterung Firmengeb\u00e4ude 260.000,00 &hellip;<\/p>\n","protected":false},"author":1,"featured_media":0,"parent":0,"menu_order":0,"comment_status":"closed","ping_status":"closed","template":"template-builder.php","meta":{"footnotes":""},"class_list":["post-182","page","type-page","status-publish","hentry"],"_links":{"self":[{"href":"https:\/\/www.baumeister-klima.de\/cms\/wp-json\/wp\/v2\/pages\/182","targetHints":{"allow":["GET"]}}],"collection":[{"href":"https:\/\/www.baumeister-klima.de\/cms\/wp-json\/wp\/v2\/pages"}],"about":[{"href":"https:\/\/www.baumeister-klima.de\/cms\/wp-json\/wp\/v2\/types\/page"}],"author":[{"embeddable":true,"href":"https:\/\/www.baumeister-klima.de\/cms\/wp-json\/wp\/v2\/users\/1"}],"replies":[{"embeddable":true,"href":"https:\/\/www.baumeister-klima.de\/cms\/wp-json\/wp\/v2\/comments?post=182"}],"version-history":[{"count":0,"href":"https:\/\/www.baumeister-klima.de\/cms\/wp-json\/wp\/v2\/pages\/182\/revisions"}],"wp:attachment":[{"href":"https:\/\/www.baumeister-klima.de\/cms\/wp-json\/wp\/v2\/media?parent=182"}],"curies":[{"name":"wp","href":"https:\/\/api.w.org\/{rel}","templated":true}]}}