{"id":133,"date":"2017-12-08T09:04:15","date_gmt":"2017-12-08T09:04:15","guid":{"rendered":"https:\/\/www.baumeister-klima.de\/cms\/?page_id=133"},"modified":"2018-02-26T15:05:35","modified_gmt":"2018-02-26T15:05:35","slug":"produkte","status":"publish","type":"page","link":"https:\/\/www.baumeister-klima.de\/cms\/produkte\/","title":{"rendered":"Produkte"},"content":{"rendered":"<section id=\"builder-section-text_11\" class=\"builder-section-first builder-section builder-section-text builder-section-last builder-text-columns-1\" style=\"background-size: cover; background-repeat: no-repeat;background-position: center center;\">\n<div class=\"builder-section-content\">\n<div class=\"builder-text-row\">\n<div class=\"builder-text-column builder-text-column-1\" id=\"builder-section-text_11-column-1\">\n<div class=\"builder-text-content\">\n<p><b><u>Unsere Produkte:<\/u><\/b><\/p>\n<p>Vom Luftkanal \u00fcber Formteile jeder Art von Dachhauben f\u00fcr Flachd\u00e4cher oder Rohrausblasstutzen, vom Wetterschutzgitter \u00fcber Rohrschalld\u00e4mpfer bis hin zum kundenspezifischen Bodenquellausla\u00df?<\/p>\n<h2><span style=\"color: #ff0000;\"><b>ja, das gibt es alles bei uns!<\/b><\/span><\/h2>\n<\/p><\/div>\n<\/p><\/div>\n<\/p><\/div>\n<div class=\"builder-text-row\">\n<div class=\"builder-text-column builder-text-column-2\" id=\"builder-section-text_11-column-1\">\n<div class=\"builder-text-content\">\n<p><img loading=\"lazy\" decoding=\"async\" class=\"alignnone wp-image-134\" src=\"https:\/\/www.baumeister-klima.de\/cms\/wp-content\/uploads\/2017\/12\/index.4-300x18.gif\" alt=\"\" width=\"470\" height=\"28\" \/><\/p>\n<\/p><\/div>\n<\/p><\/div>\n<\/p><\/div>\n<div class=\"builder-text-row\">\n<div class=\"builder-text-column builder-text-column-3\" id=\"builder-section-text_11-column-1\">\n<div class=\"builder-text-content\">\n<p><b>Sie suchen &#8230;.?<\/b><\/p>\n<p>Kan\u00e4le verschiedener Druckstufen nach DIN sowie Spiralfalzrohre \/ Wickelfalzrohre und alle Sonderteile f\u00fcr die perfekte Rohrmontage?<\/p>\n<p>Da sind wir f\u00fcr Sie mit einem umfangreichen Sortiment jederzeit\u00a0<span style=\"color: #ff0000;\"><b>der ideale Partner!<\/b><\/span><\/p>\n<\/p><\/div>\n<\/p><\/div>\n<\/p><\/div>\n<\/p><\/div>\n<\/section>\n","protected":false},"excerpt":{"rendered":"<p>Unsere Produkte: Vom Luftkanal \u00fcber Formteile jeder Art von Dachhauben f\u00fcr Flachd\u00e4cher oder Rohrausblasstutzen, vom Wetterschutzgitter \u00fcber Rohrschalld\u00e4mpfer bis hin zum kundenspezifischen Bodenquellausla\u00df? ja, das gibt es alles bei uns! Sie suchen &#8230;.? Kan\u00e4le verschiedener Druckstufen nach DIN sowie Spiralfalzrohre \/ Wickelfalzrohre und alle Sonderteile f\u00fcr die perfekte Rohrmontage? Da sind wir f\u00fcr Sie mit &hellip;<\/p>\n","protected":false},"author":1,"featured_media":0,"parent":0,"menu_order":0,"comment_status":"closed","ping_status":"closed","template":"template-builder.php","meta":{"footnotes":""},"class_list":["post-133","page","type-page","status-publish","hentry"],"_links":{"self":[{"href":"https:\/\/www.baumeister-klima.de\/cms\/wp-json\/wp\/v2\/pages\/133","targetHints":{"allow":["GET"]}}],"collection":[{"href":"https:\/\/www.baumeister-klima.de\/cms\/wp-json\/wp\/v2\/pages"}],"about":[{"href":"https:\/\/www.baumeister-klima.de\/cms\/wp-json\/wp\/v2\/types\/page"}],"author":[{"embeddable":true,"href":"https:\/\/www.baumeister-klima.de\/cms\/wp-json\/wp\/v2\/users\/1"}],"replies":[{"embeddable":true,"href":"https:\/\/www.baumeister-klima.de\/cms\/wp-json\/wp\/v2\/comments?post=133"}],"version-history":[{"count":0,"href":"https:\/\/www.baumeister-klima.de\/cms\/wp-json\/wp\/v2\/pages\/133\/revisions"}],"wp:attachment":[{"href":"https:\/\/www.baumeister-klima.de\/cms\/wp-json\/wp\/v2\/media?parent=133"}],"curies":[{"name":"wp","href":"https:\/\/api.w.org\/{rel}","templated":true}]}}