{"id":126,"date":"2017-12-01T10:54:40","date_gmt":"2017-12-01T10:54:40","guid":{"rendered":"https:\/\/www.baumeister-klima.de\/cms\/?page_id=126"},"modified":"2023-08-06T14:13:28","modified_gmt":"2023-08-06T14:13:28","slug":"chronik","status":"publish","type":"page","link":"https:\/\/www.baumeister-klima.de\/cms\/chronik\/","title":{"rendered":"Chronik"},"content":{"rendered":"<section id=\"builder-section-text_11\" class=\"builder-section-first builder-section builder-section-text builder-section-next-text builder-text-columns-1\" style=\"background-size: cover; background-repeat: no-repeat;background-position: center center;\">\n<div class=\"builder-section-content\">\n<div class=\"builder-text-row\">\n<div class=\"builder-text-column builder-text-column-1\" id=\"builder-section-text_11-column-1\">\n<div class=\"builder-text-content\">\n<table style=\"height: 2500px;\" width=\"1584\">\n<tbody>\n<tr style=\"height: 109px;\">\n<td style=\"height: 109px;\" colspan=\"2\" width=\"100%\">\n<p style=\"text-align: left;\"><strong><u>Chronik des Unternehmens:<\/u><\/strong><\/p>\n<\/td>\n<\/tr>\n<tr style=\"height: 46px;\">\n<td style=\"height: 46px;\" width=\"8%\"><strong>1756<\/strong><\/td>\n<td style=\"height: 46px;\" width=\"92%\">Erstmalige Erw\u00e4hnung der Selbstst\u00e4ndigkeit von Alfred Baumeister in Rottweil als Wagner und Schmied.<\/td>\n<\/tr>\n<tr style=\"height: 87px;\">\n<td style=\"height: 87px;\" width=\"8%\"><strong>1793<\/strong><\/td>\n<td style=\"height: 87px;\" width=\"92%\">Johannes Baumeister gr\u00fcndet als Wagnermeister und Schmied in Rottweil-Altstadt einen Handwerksbetrieb. (Wagner, Schmied &amp; B\u00e4cker waren die einzigsten Handwerke, die den RW-Altst\u00e4dtern damals genehmigt wurden). Der Betrieb wird sp\u00e4ter zur Schlosserei, die unter anderem auch Kleinturbinen entwickelte.<\/td>\n<\/tr>\n<tr style=\"height: 46px;\">\n<td style=\"height: 46px;\" width=\"8%\"><strong>1860<\/strong><\/td>\n<td style=\"height: 46px;\" width=\"92%\">Baumeister beginnt mit der Produktion von haustechnischen Ger\u00e4ten wie \u00d6fen, Herde und Hausback\u00f6fen und R\u00e4ucher schr\u00e4nken.<\/td>\n<\/tr>\n<tr style=\"height: 46px;\">\n<td style=\"height: 46px;\" width=\"8%\"><strong>1862<\/strong><\/td>\n<td style=\"height: 46px;\" width=\"92%\">Der Zunftzwang wird durch die Gewerbeordnung abgel\u00f6st. Damit ist der Weg vom Handwerksbetrieb zur industriellen Bet\u00e4tigung f\u00fcr Baumeister endlich frei<\/td>\n<\/tr>\n<tr style=\"height: 87px;\">\n<td style=\"height: 87px;\" width=\"8%\"><strong>1908<\/strong><\/td>\n<td style=\"height: 87px;\" width=\"92%\">Patentanmeldung beim deutschen Patentamt in M\u00fcnchen von Wilhelm Baumeister f\u00fcr einen <a href=\"https:\/\/www.baumeister-klima.de\/cms\/wp-content\/uploads\/2019\/09\/Baumeister-Kaltr%C3%A4ucherschrank-1922-.jpg\" target=\"_blank\" rel=\"noopener noreferrer\">Kaltr\u00e4ucherschrank<\/a> [Prospekt <a href=\"https:\/\/www.baumeister-klima.de\/cms\/wp-content\/uploads\/2019\/10\/Baumeister-R\u00e4ucherschrank.jpg\" target=\"_blank\" rel=\"noopener noreferrer\">Seite 1<\/a> und <a href=\"https:\/\/www.baumeister-klima.de\/cms\/wp-content\/uploads\/2019\/10\/R\u00e4ucherschrank-2.jpg\" target=\"_blank\" rel=\"noopener noreferrer\">Seite 2<\/a> ] und Eintragung in das Handelsregister (Trennung der beiden Br\u00fcder Wendelin und Wilhelm Baumeister). Wilhelm Baumeister baut in der Schwenningerstrasse in Rottweil`s Altstadt neu.<\/td>\n<\/tr>\n<tr style=\"height: 1px;\">\n<td style=\"height: 1px;\" width=\"8%\"><strong>1930<\/strong><\/td>\n<td style=\"height: 1px;\" width=\"92%\">Verleihung der <a href=\"https:\/\/www.baumeister-klima.de\/cms\/wp-content\/uploads\/2019\/10\/Urkunde-1930.jpg\" target=\"_blank\" rel=\"noopener noreferrer\">Handwerksurkunde<\/a> zum 137-j\u00e4hrigen Firmenjubil\u00e4um.<\/td>\n<\/tr>\n<tr style=\"height: 46px;\">\n<td style=\"height: 46px;\" width=\"8%\"><strong>1939-1945<\/strong><\/td>\n<td style=\"height: 46px;\" width=\"92%\">Der Betrieb kommt aufgrund des 2. Weltkrieges praktisch zum Erliegen.<\/td>\n<\/tr>\n<tr style=\"height: 46px;\">\n<td style=\"height: 46px;\" width=\"8%\"><strong>1950<\/strong><\/td>\n<td style=\"height: 46px;\" width=\"92%\">Ein Neubau mit 150 m\u00b2 wird erstellt, welcher der wachsenden Produktion der Firma Baumeister in der Schwenningerstrasse gerecht wird.<\/td>\n<\/tr>\n<tr style=\"height: 46px;\">\n<td style=\"height: 46px;\" width=\"8%\"><strong>1963<\/strong><\/td>\n<td style=\"height: 46px;\" width=\"92%\">Rolf Baumeister tritt nach der Ausbildung zum Dipl. Ingenieur (FH) in den Betrieb des Vaters Wilhelm Baumeister ein und beginnt mit der Herstellung von L\u00fcftungskan\u00e4len.<\/td>\n<\/tr>\n<tr style=\"height: 46px;\">\n<td style=\"height: 46px;\" width=\"8%\"><strong>1966<\/strong><\/td>\n<td style=\"height: 46px;\" width=\"92%\">Weitere Produktionserweiterung um 400m\u00b2 um dem steigenden Bedarf gerecht zu werden. (6 Mitarbeiter und weitere Aushilfen sind bei Baumeister besch\u00e4ftigt)<\/td>\n<\/tr>\n<tr style=\"height: 87px;\">\n<td style=\"height: 87px;\" width=\"8%\"><strong>1975<\/strong><\/td>\n<td style=\"height: 87px;\" width=\"92%\">Neubau eines B\u00fcro- und Fertigungsgeb\u00e4udes im Industriegebiet Saline. Damit verf\u00fcgt die Firma Baumeister nun \u00fcber mehr als 800 m\u00b2 Produktions- und 400 m\u00b2 B\u00fcrofl\u00e4che und besch\u00e4ftigt 8 Mitarbeiter. (Aus der Fa. Wilhelm Baumeister wird die Baumeister W\u00e4rmetechnik GmbH)<\/td>\n<\/tr>\n<tr style=\"height: 46px;\">\n<td style=\"height: 46px;\" width=\"8%\"><strong>1976<\/strong><\/td>\n<td style=\"height: 46px;\" width=\"92%\">Die Firma beginnt mit der Planung und Erstellung von kompletten raum- und prozesslufttechnischen Anlagen. Die Mitarbeiteranzahl steigt kontinuierlich an.<\/td>\n<\/tr>\n<tr style=\"height: 87px;\">\n<td style=\"height: 87px;\" width=\"8%\"><strong>1986<\/strong><\/td>\n<td style=\"height: 87px;\" width=\"92%\">Einstieg in die Reinraumtechnik. Einf\u00fchrung einer Regelungs- und Kundendienstabteilung, welche Inbetriebnahmen, Kundendienst und St\u00f6rdienste selbst\u00e4ndig durchf\u00fchrt. Die Mitarbeiteranzahl steigt weiter. Die Firma wird zu einem der bedeutendsten Unternehmen der L\u00fcftungs- und Klimabranche im s\u00fcdwestdeutschen Raum.<\/td>\n<\/tr>\n<tr style=\"height: 46px;\">\n<td style=\"height: 46px;\" width=\"8%\"><strong>1988<\/strong><\/td>\n<td style=\"height: 46px;\" width=\"92%\">Verdoppelung der Produktions- und B\u00fcrofl\u00e4che durch einen gro\u00dfen Anbau an die bereits bestehende Fabrikhalle.<\/td>\n<\/tr>\n<tr style=\"height: 46px;\">\n<td style=\"height: 46px;\" width=\"8%\"><strong>1991<\/strong><\/td>\n<td style=\"height: 46px;\" width=\"92%\">Eintritt von Dirk Baumeister als nunmehr 7. Generation in das Unternehmen.<\/td>\n<\/tr>\n<tr style=\"height: 87px;\">\n<td style=\"height: 87px;\" width=\"8%\"><strong>1992<\/strong><\/td>\n<td style=\"height: 87px;\" width=\"92%\">In der Planung, Fertigung und im Anlagenbau besch\u00e4ftigt die Fa. Baumeister W\u00e4rmetechnik GmbH \u00fcber 60 Mitarbeiter. Die Firma bildet st\u00e4ndig neue Mitarbeiter aus. Eigene Entwicklung des PBA-1 <span style=\"color: #000000;\">\u00d6lnebelabscheider<\/span> f\u00fcr Dreh &amp; Fr\u00e4smaschinen) f\u00fcr unsere Anlagenbau-Kunden<\/td>\n<\/tr>\n<tr style=\"height: 46px;\">\n<td style=\"height: 46px;\" width=\"8%\"><span style=\"color: #0000ff;\"><strong>1993<\/strong><\/span><\/td>\n<td style=\"height: 46px;\" width=\"92%\">200 &#8211; j\u00e4hriges Firmenjubil\u00e4um Baumeister<\/td>\n<\/tr>\n<tr style=\"height: 46px;\">\n<td style=\"height: 46px;\" width=\"8%\"><strong>1995<\/strong><\/td>\n<td style=\"height: 46px;\" width=\"92%\">Die Gesch\u00e4ftsleitung beschlie\u00dft, ein Qualit\u00e4tsmanagement nach DIN EN ISO 9001 einzuf\u00fchren.<\/td>\n<\/tr>\n<tr style=\"height: 46px;\">\n<td style=\"height: 46px;\" width=\"8%\"><strong>1996<\/strong><\/td>\n<td style=\"height: 46px;\" width=\"92%\">Die Firma erh\u00e4lt das Zertifikat f\u00fcr das eingef\u00fchrte QMS- System vom T\u00dcV &#8211; CERT Rheinland<\/td>\n<\/tr>\n<tr style=\"height: 87px;\">\n<td style=\"height: 87px;\" width=\"8%\"><strong>1997<\/strong><\/td>\n<td style=\"height: 87px;\" width=\"92%\">Dirk Baumeister tritt in die Gesch\u00e4ftsleitung der Baumeister W\u00e4rmetechnik GmbH ein. Als Industriemeister Metall und techn.Betriebswirt \u00fcbernimmt er die Leitung der Bereiche Montage, Service, sowie die Luftkanal Produktion<\/td>\n<\/tr>\n<tr style=\"height: 46px;\">\n<td style=\"height: 46px;\" width=\"8%\"><strong>1998<\/strong><\/td>\n<td style=\"height: 46px;\" width=\"92%\">Erweiterung der Produktionshalle um weitere 400 m\u00b2 auf jetzt \u00fcber 2000 m\u00b2 Gesamtfl\u00e4che und Einf\u00fchrung einer vollautomatischen Kanalstra\u00dfe f\u00fcr gerade Kan\u00e4le.<\/td>\n<\/tr>\n<tr style=\"height: 46px;\">\n<td style=\"height: 46px;\" width=\"8%\"><strong>1999<\/strong><\/td>\n<td style=\"height: 46px;\" width=\"92%\">Rolf Baumeister \u00fcbergibt die Gesamtfirmenleitung an seinen Sohn Dirk.<\/td>\n<\/tr>\n<tr style=\"height: 46px;\">\n<td style=\"height: 46px;\" width=\"8%\"><strong>2000<\/strong><\/td>\n<td style=\"height: 46px;\" width=\"92%\">Re-Zertifizierung nach DIN EN ISO 9001 durch GLOBAL &#8211; CERT.<\/td>\n<\/tr>\n<tr style=\"height: 46px;\">\n<td style=\"height: 46px;\" width=\"8%\"><strong>2001<\/strong><\/td>\n<td style=\"height: 46px;\" width=\"92%\">Der Firmenumsatz erreicht nach 1992 wieder die 19 Mio DM.<\/td>\n<\/tr>\n<tr style=\"height: 46px;\">\n<td style=\"height: 46px;\" width=\"8%\"><strong>2001<\/strong><\/td>\n<td style=\"height: 46px;\" width=\"92%\">Der Firmenmitinhaber und Seniorchef Rolf Baumeister geht in den wohl verdienten Ruhestand und begleitet als Gesellschafter weiterhin die GmbH.<\/td>\n<\/tr>\n<tr style=\"height: 46px;\">\n<td style=\"height: 46px;\" width=\"8%\"><strong>2002<\/strong><\/td>\n<td style=\"height: 46px;\" width=\"92%\">Mit den Kauf einer neuen RAS CNC &#8211; Schwenkbiegemaschine (3,2m) wird die eigene Kanalfertigung noch flexibler<\/td>\n<\/tr>\n<tr style=\"height: 46px;\">\n<td style=\"height: 46px;\" width=\"8%\"><strong>2006\/07<\/strong><\/td>\n<td style=\"height: 46px;\" width=\"92%\">die Produktion wird durch weitere Falzformer und moderne CNC -Schwenkbiegemaschinen noch effektiver<\/td>\n<\/tr>\n<tr style=\"height: 46px;\">\n<td style=\"height: 46px;\" width=\"8%\"><strong>2008<\/strong><\/td>\n<td style=\"height: 46px;\" width=\"92%\">Der Firmenumsatz erreicht erstmals 11 Mio. \u20ac<\/td>\n<\/tr>\n<tr style=\"height: 46px;\">\n<td style=\"height: 46px;\" width=\"8%\"><strong>2009<\/strong><\/td>\n<td style=\"height: 46px;\" width=\"92%\">Neues Plasmasystem ESAB incl. Software Winklimax zur noch effektiveren und materialsparender Formteilfertigung.<\/td>\n<\/tr>\n<tr style=\"height: 46px;\">\n<td style=\"height: 46px;\" width=\"8%\"><strong>2010 <\/strong><\/td>\n<td style=\"height: 46px;\" width=\"92%\">Fuhrparkerweiterung um einen weiteren LKW MAN 8-180 f\u00fcr die Luftkanalauslieferung und die Baustellenlogistik.<\/td>\n<\/tr>\n<tr style=\"height: 46px;\">\n<td style=\"height: 46px;\" width=\"8%\"><strong>2011<\/strong><\/td>\n<td style=\"height: 46px;\" width=\"92%\">Entwicklung und Produktion der neuen <span style=\"color: #000000;\">\u00d6lnebelabscheider<\/span> PBA 2000 und PBA 2011.<\/td>\n<\/tr>\n<tr style=\"height: 87px;\">\n<td style=\"height: 87px;\" width=\"8%\"><strong>2012<\/strong><\/td>\n<td style=\"height: 87px;\" width=\"92%\">Vollklimatisierung des B\u00fcrogeb\u00e4udes der Fa. Baumeister auf der Saline (<em>Wir schaffen prima Klima auch f\u00fcr unsere Mitarbeiter!!<\/em>) Um energietechnisch sparsamer und effektiver zu werden, werden die Produktionshallen komplett neu lichttechnisch berechnet und mit neuer Beleuchtungstechnologie ausgestattet.<\/td>\n<\/tr>\n<tr style=\"height: 46px;\">\n<td style=\"height: 46px;\" width=\"8%\"><strong>2013<\/strong><\/td>\n<td style=\"height: 46px;\" width=\"92%\">Entwicklung und Produktion des <span style=\"color: #000000;\">\u00d6lnebelabscheider<\/span> PBA 2013 mit bis zu 1000 m\u00b3\/h Luftmenge<\/td>\n<\/tr>\n<tr style=\"height: 46px;\">\n<td style=\"height: 46px;\" width=\"8%\"><strong>2014<\/strong><\/td>\n<td style=\"height: 46px;\" width=\"92%\">Umwandlung der Rolf Baumeister Verwaltungs- GbR im Zuge der Nachfolgeregelung in die Dirk Baumeister Besitz &amp; Verwaltungs- GmbH<\/td>\n<\/tr>\n<tr style=\"height: 46px;\">\n<td style=\"height: 46px;\" width=\"8%\"><span style=\"color: #ff0000;\"><strong> 2015<\/strong><\/span><\/td>\n<td style=\"height: 46px;\" width=\"92%\">222-j\u00e4hriges Jubil\u00e4um der Selbstst\u00e4ndigkeit von Baumeister<\/td>\n<\/tr>\n<tr style=\"height: 46px;\">\n<td style=\"height: 46px;\" width=\"8%\"><strong>2016<\/strong><\/td>\n<td style=\"height: 46px;\" width=\"92%\">wir gratulieren unserem Senior Chef Rolf Baumeister zum 80. Geburtstag<\/td>\n<\/tr>\n<tr style=\"height: 8px;\">\n<td style=\"height: 8px;\" width=\"8%\"><span style=\"color: #000000;\"><strong>2017<\/strong><\/span><\/td>\n<td style=\"height: 8px;\" width=\"92%\">Neuer LKW MAN TGL 8-190 mit neuester Euro 6 II (D) Abgastechnik sowie der Aufbau eines eigenen K\u00e4ltekundendienstes f\u00fcr die Installation &amp; Wartung<\/td>\n<\/tr>\n<tr style=\"height: 35px;\">\n<td style=\"height: 35px;\" width=\"8%\"><strong>2019<\/strong><\/td>\n<td style=\"text-align: left; height: 35px;\" width=\"92%\">Neuer RAS Falzformer (Ductzipper) 20.10 V f\u00fcr die Luftkanalproduktion. Unsere treuer Falzformer 22.81 darf nach \u00fcber 30 Jahren aufdie Reservebank. Einf\u00fchrung eines betrieblichen Gesundheitsmanagement`s (BGM) f\u00fcr die Gesundheit unsere Mitarbeiter in Kooperation mit <a href=\"https:\/\/www.fitness-rottweil.de\/\" target=\"_blank\" rel=\"noopener\">BestForm Fitness Saline<\/a><\/td>\n<\/tr>\n<tr style=\"height: 35px;\">\n<td style=\"height: 35px;\" width=\"8%\"><strong>2021<\/strong><\/td>\n<td style=\"text-align: left; height: 35px;\" width=\"92%\">\n<p><span style=\"color: #0000ff;\"><strong>Baumeister investiert in die <\/strong><\/span><span style=\"color: #ff0000;\"><strong>Zukunft des Unternehmens<\/strong><\/span> durch den Kauf einer 1800 m\u00b2 gro\u00dfe Halle im Industriegebiet Saline an der Rheinwaldstrasse.<\/p>\n<p>Aufgrund der jahrelangen Zusammenarbeit mit Fa. AMR M\u00fcller Maschinenbau in Rottweil als ehem. Eigent\u00fcmer konnte das Geb\u00e4ude <strong>Werk II<\/strong> (<a href=\"https:\/\/www.baumeister-klima.de\/cms\/news\/\">Bild<\/a>) kurzfristig erworben werden und wird f\u00fcr Baumeister damit zum neuen Lager &amp; Logistikstandort<\/p>\n<\/td>\n<\/tr>\n<tr style=\"height: 35px;\">\n<td style=\"height: 35px;\" width=\"8%\"><strong>2023<\/strong><\/td>\n<td style=\"text-align: left; height: 35px;\" width=\"92%\">\n<p>230-j\u00e4hriges Jubil\u00e4um Baumeister &#8211; Rottweil<\/p>\n<p>Nach Abschluss unserer umfangreichen Bauma\u00dfnahmen im neuen Werk II haben wir mit unserer Belegschaft und unseren G\u00e4sten eine tolle Jubil\u00e4ums &amp; Einweihungsparty gefeiert.<\/p>\n<p>Danke an alle Helfer, Freunde und G\u00e4ste f\u00fcr das gelungene lustige Fest.<\/p>\n<\/td>\n<\/tr>\n<tr style=\"height: 35px;\">\n<td style=\"height: 35px;\" width=\"8%\"><strong>2023<\/strong><\/td>\n<td style=\"text-align: left; height: 35px;\" width=\"92%\">\n<p>Unser verdienter Seniorchef ist im Alter von 86 Jahren verstorben. RIP<\/p>\n<\/td>\n<\/tr>\n<\/tbody>\n<\/table><\/div>\n<\/p><\/div>\n<\/p><\/div>\n<\/p><\/div>\n<\/section>\n<section id=\"builder-section-text_37\" class=\"builder-section-prev-text builder-section builder-section-text builder-section-last builder-text-columns-3\" style=\"background-size: cover; background-repeat: no-repeat;background-position: center center;\">\n<div class=\"builder-section-content\">\n<div class=\"builder-text-row\">\n<div class=\"builder-text-column builder-text-column-1\" id=\"builder-section-text_37-column-1\">\n<div class=\"builder-text-content\">\n\t\t\t\t\t\t\t\t\t\t\t<\/div>\n<\/p><\/div>\n<div class=\"builder-text-column builder-text-column-2\" id=\"builder-section-text_37-column-2\">\n<div class=\"builder-text-content\">\n\t\t\t\t\t\t\t\t\t\t\t<\/div>\n<\/p><\/div>\n<div class=\"builder-text-column builder-text-column-3\" id=\"builder-section-text_37-column-3\">\n<div class=\"builder-text-content\">\n\t\t\t\t\t\t\t\t\t\t\t<\/div>\n<\/p><\/div>\n<\/p><\/div>\n<\/p><\/div>\n<\/section>\n","protected":false},"excerpt":{"rendered":"<p>Chronik des Unternehmens: 1756 Erstmalige Erw\u00e4hnung der Selbstst\u00e4ndigkeit von Alfred Baumeister in Rottweil als Wagner und Schmied. 1793 Johannes Baumeister gr\u00fcndet als Wagnermeister und Schmied in Rottweil-Altstadt einen Handwerksbetrieb. (Wagner, Schmied &amp; B\u00e4cker waren die einzigsten Handwerke, die den RW-Altst\u00e4dtern damals genehmigt wurden). Der Betrieb wird sp\u00e4ter zur Schlosserei, die unter anderem auch Kleinturbinen entwickelte. &hellip;<\/p>\n","protected":false},"author":1,"featured_media":0,"parent":0,"menu_order":0,"comment_status":"closed","ping_status":"closed","template":"template-builder.php","meta":{"footnotes":""},"class_list":["post-126","page","type-page","status-publish","hentry"],"_links":{"self":[{"href":"https:\/\/www.baumeister-klima.de\/cms\/wp-json\/wp\/v2\/pages\/126","targetHints":{"allow":["GET"]}}],"collection":[{"href":"https:\/\/www.baumeister-klima.de\/cms\/wp-json\/wp\/v2\/pages"}],"about":[{"href":"https:\/\/www.baumeister-klima.de\/cms\/wp-json\/wp\/v2\/types\/page"}],"author":[{"embeddable":true,"href":"https:\/\/www.baumeister-klima.de\/cms\/wp-json\/wp\/v2\/users\/1"}],"replies":[{"embeddable":true,"href":"https:\/\/www.baumeister-klima.de\/cms\/wp-json\/wp\/v2\/comments?post=126"}],"version-history":[{"count":11,"href":"https:\/\/www.baumeister-klima.de\/cms\/wp-json\/wp\/v2\/pages\/126\/revisions"}],"predecessor-version":[{"id":971,"href":"https:\/\/www.baumeister-klima.de\/cms\/wp-json\/wp\/v2\/pages\/126\/revisions\/971"}],"wp:attachment":[{"href":"https:\/\/www.baumeister-klima.de\/cms\/wp-json\/wp\/v2\/media?parent=126"}],"curies":[{"name":"wp","href":"https:\/\/api.w.org\/{rel}","templated":true}]}}