{"id":1037,"date":"2025-02-01T14:02:56","date_gmt":"2025-02-01T14:02:56","guid":{"rendered":"https:\/\/www.baumeister-klima.de\/cms\/?page_id=1037"},"modified":"2025-02-01T14:03:46","modified_gmt":"2025-02-01T14:03:46","slug":"projekte-2023","status":"publish","type":"page","link":"https:\/\/www.baumeister-klima.de\/cms\/projekte-2023\/","title":{"rendered":"Projekte 2023"},"content":{"rendered":"<section id=\"builder-section-text_11\" class=\"builder-section-first builder-section builder-section-text builder-section-last builder-section-full-width builder-text-columns-1\" style=\"background-size: cover; background-repeat: no-repeat;background-position: center center;\">\n<div class=\"builder-section-content\">\n<div class=\"builder-text-row\">\n<div class=\"builder-text-column builder-text-column-1\" id=\"builder-section-text_11-column-1\">\n<div class=\"builder-text-content\">\n\n<table id=\"tablepress-6\" class=\"tablepress tablepress-id-6\">\n<thead>\n<tr class=\"row-1\">\n\t<th class=\"column-1\"><strong>Referenzliste 2023<\/strong><\/th><td class=\"column-2\"><\/td><td class=\"column-3\"><\/td>\n<\/tr>\n<\/thead>\n<tbody class=\"row-striping row-hover\">\n<tr class=\"row-2\">\n\t<td class=\"column-1\"><\/td><td class=\"column-2\"><\/td><td class=\"column-3\"><\/td>\n<\/tr>\n<tr class=\"row-3\">\n\t<td class=\"column-1\"><em><strong>Projekt<\/strong><\/em><\/td><td class=\"column-2\"><em><strong>\u20ac<\/strong><\/em><\/td><td class=\"column-3\"><\/td>\n<\/tr>\n<tr class=\"row-4\">\n\t<td class=\"column-1\"><\/td><td class=\"column-2\"><\/td><td class=\"column-3\"><\/td>\n<\/tr>\n<tr class=\"row-5\">\n\t<td class=\"column-1\"><strong>Berthold Hermle, Zimmern<br \/>\nNeubau Z3 + Z4<\/strong><\/td><td class=\"column-2\">1,300,000.00  <\/td><td class=\"column-3\"><\/td>\n<\/tr>\n<tr class=\"row-6\">\n\t<td class=\"column-1\"><strong>Stadtverwaltung Singen<br \/>\nWiederaufbau Scheffelhalle<\/strong><\/td><td class=\"column-2\">823,000.00  <\/td><td class=\"column-3\"><\/td>\n<\/tr>\n<tr class=\"row-7\">\n\t<td class=\"column-1\"><strong>Parkhotel St. Leonard, \u00dcberlingen<br \/>\nK\u00fcche<\/strong><\/td><td class=\"column-2\">725,000.00  <\/td><td class=\"column-3\"><\/td>\n<\/tr>\n<tr class=\"row-8\">\n\t<td class=\"column-1\"><strong>Maschinenbauer<br \/>\nSchulungsgeb. Be- &amp; Entl\u00fcftung<\/strong><\/td><td class=\"column-2\">425,000.00  <\/td><td class=\"column-3\"><\/td>\n<\/tr>\n<tr class=\"row-9\">\n\t<td class=\"column-1\"><strong>GOLDBECK S\u00fcd, Engen<br \/>\nMaier Spedition Singen - L\u00fcftung<\/strong><\/td><td class=\"column-2\">420,000.00  <\/td><td class=\"column-3\"><\/td>\n<\/tr>\n<tr class=\"row-10\">\n\t<td class=\"column-1\"><strong>HOMAG, Calw<br \/>\nSanierung B\u00fcror\u00e4ume<\/strong><\/td><td class=\"column-2\">419,000.00  <\/td><td class=\"column-3\"><\/td>\n<\/tr>\n<tr class=\"row-11\">\n\t<td class=\"column-1\"><strong>GOLDBECK, Engen <br \/>\nNeue Niederlassung Bodensee<\/strong><\/td><td class=\"column-2\">410,000.00  <\/td><td class=\"column-3\"><\/td>\n<\/tr>\n<tr class=\"row-12\">\n\t<td class=\"column-1\"><strong>K\u00f6mpf, Calw<br \/>\nNeubau Dienstleistungszentrum<\/strong><\/td><td class=\"column-2\">390,000.00  <\/td><td class=\"column-3\"><\/td>\n<\/tr>\n<tr class=\"row-13\">\n\t<td class=\"column-1\"><strong>Gemeinde Klettgau<br \/>\nNeubau MZH Gei\u00dflingen<\/strong><\/td><td class=\"column-2\">342,000.00  <\/td><td class=\"column-3\"><\/td>\n<\/tr>\n<tr class=\"row-14\">\n\t<td class=\"column-1\"><strong>Berthold Hermle, Gosheim<br \/>\nHalle 9, 2. OG<\/strong><\/td><td class=\"column-2\">307,000.00  <\/td><td class=\"column-3\"><\/td>\n<\/tr>\n<tr class=\"row-15\">\n\t<td class=\"column-1\"><strong>m\u00fcllerblaustein,  Blaustein<br \/>\nKITA L\u00e4ngenholz Herrenberg<\/strong><\/td><td class=\"column-2\">254,000.00  <\/td><td class=\"column-3\"><\/td>\n<\/tr>\n<tr class=\"row-16\">\n\t<td class=\"column-1\"><strong>Lebenshilfe Zollernalb, Bisingen<br \/>\nF20-BA 2 Balingen<\/strong><\/td><td class=\"column-2\">248,000.00  <\/td><td class=\"column-3\"><\/td>\n<\/tr>\n<tr class=\"row-17\">\n\t<td class=\"column-1\"><strong>Karl Storz, TUT<br \/>\nBestand DKS 8 Musterbau<\/strong><\/td><td class=\"column-2\">102,000.00  <\/td><td class=\"column-3\"><\/td>\n<\/tr>\n<tr class=\"row-18\">\n\t<td class=\"column-1\"><strong>Staatliches Hochbauamt Freiburg<br \/>\nRadolfzell, THW, Neuunterbringung<\/strong><\/td><td class=\"column-2\">93,000.00  <\/td><td class=\"column-3\"><\/td>\n<\/tr>\n<tr class=\"row-19\">\n\t<td class=\"column-1\"><strong>Stadt Aach<br \/>\nVereins- und B\u00fcrgerzentrum<\/strong><\/td><td class=\"column-2\">89,000.00  <\/td><td class=\"column-3\"><\/td>\n<\/tr>\n<tr class=\"row-20\">\n\t<td class=\"column-1\"><strong>Sailerbau, Rottweil<br \/>\nNeubau L\u00fcftung f\u00fcr \u00c4rzte- u. Gesch\u00e4ftshaus K\u00f6nigstr. 17<\/strong><\/td><td class=\"column-2\">88,000.00  <\/td><td class=\"column-3\"><\/td>\n<\/tr>\n<tr class=\"row-21\">\n\t<td class=\"column-1\"><strong>Volksbank, Klettgau-Wut\u00f6schingen (Tiengen)<br \/>\nAusbau 2. OG<\/strong><\/td><td class=\"column-2\">80,000.00  <\/td><td class=\"column-3\"><\/td>\n<\/tr>\n<tr class=\"row-22\">\n\t<td class=\"column-1\"><strong>Maschinenbauer<br \/>\nE1 und Sauberkeitslabor<\/strong><\/td><td class=\"column-2\">64,000.00  <\/td><td class=\"column-3\"><\/td>\n<\/tr>\n<tr class=\"row-23\">\n\t<td class=\"column-1\"><strong>Schuler, Gosheim<br \/>\nB\u00fcror\u00e4ume<\/strong><\/td><td class=\"column-2\">61,000.00  <\/td><td class=\"column-3\"><\/td>\n<\/tr>\n<tr class=\"row-24\">\n\t<td class=\"column-1\"><strong>Gambro, Hechingen<br \/>\nLuftentfeuchtungsanlage Trockenraum EG, Werk 2<\/strong><\/td><td class=\"column-2\">59,000.00  <\/td><td class=\"column-3\"><\/td>\n<\/tr>\n<tr class=\"row-25\">\n\t<td class=\"column-1\"><strong>BAK Boysen, Simmersfeld<br \/>\nAbgas-Fortluftt\u00fcrme Presswerk (Brandschaden)<\/strong><\/td><td class=\"column-2\">58,000.00  <\/td><td class=\"column-3\"><\/td>\n<\/tr>\n<tr class=\"row-26\">\n\t<td class=\"column-1\"><strong>G\u00fchring, Albstadt-Ebingen<br \/>\nRegistertausch  Werk 2 Onstmettingen<\/strong><\/td><td class=\"column-2\">37,500.00  <\/td><td class=\"column-3\"><\/td>\n<\/tr>\n<tr class=\"row-27\">\n\t<td class=\"column-1\"><strong>Schunk, Mengen (G. Reisch)<br \/>\nAustausch K\u00fchlregister<\/strong><\/td><td class=\"column-2\">31,000.00  <\/td><td class=\"column-3\"><\/td>\n<\/tr>\n<tr class=\"row-28\">\n\t<td class=\"column-1\"><strong>Kliniken Schmieder, Konstanz<br \/>\nAustausch Ger\u00e4t UG<\/strong><\/td><td class=\"column-2\">25,600.00  <\/td><td class=\"column-3\"><\/td>\n<\/tr>\n<tr class=\"row-29\">\n\t<td class=\"column-1\"><strong>Gambro, Hechingen <br \/>\nWerk 3 - Biolabor<\/strong><\/td><td class=\"column-2\">25,000.00  <\/td><td class=\"column-3\"><\/td>\n<\/tr>\n<tr class=\"row-30\">\n\t<td class=\"column-1\"><strong>Seeger, Salem<br \/>\nErweiterung Be- und Entl\u00fcftungsanlagen Lackierraum <\/strong><\/td><td class=\"column-2\">20,650.00  <\/td><td class=\"column-3\"><\/td>\n<\/tr>\n<tr class=\"row-31\">\n\t<td class=\"column-1\"><strong>MAHLE, Leibertingen<br \/>\nService Anlage 1-4 a<\/strong><\/td><td class=\"column-2\">20,300.00  <\/td><td class=\"column-3\"><\/td>\n<\/tr>\n<\/tbody>\n<\/table>\n<!-- #tablepress-6 from cache -->\n<\/p><\/div>\n<\/p><\/div>\n<\/p><\/div>\n<\/p><\/div>\n<\/section>\n","protected":false},"excerpt":{"rendered":"","protected":false},"author":1,"featured_media":0,"parent":0,"menu_order":0,"comment_status":"closed","ping_status":"closed","template":"template-builder.php","meta":{"footnotes":""},"class_list":["post-1037","page","type-page","status-publish","hentry"],"_links":{"self":[{"href":"https:\/\/www.baumeister-klima.de\/cms\/wp-json\/wp\/v2\/pages\/1037","targetHints":{"allow":["GET"]}}],"collection":[{"href":"https:\/\/www.baumeister-klima.de\/cms\/wp-json\/wp\/v2\/pages"}],"about":[{"href":"https:\/\/www.baumeister-klima.de\/cms\/wp-json\/wp\/v2\/types\/page"}],"author":[{"embeddable":true,"href":"https:\/\/www.baumeister-klima.de\/cms\/wp-json\/wp\/v2\/users\/1"}],"replies":[{"embeddable":true,"href":"https:\/\/www.baumeister-klima.de\/cms\/wp-json\/wp\/v2\/comments?post=1037"}],"version-history":[{"count":3,"href":"https:\/\/www.baumeister-klima.de\/cms\/wp-json\/wp\/v2\/pages\/1037\/revisions"}],"predecessor-version":[{"id":1041,"href":"https:\/\/www.baumeister-klima.de\/cms\/wp-json\/wp\/v2\/pages\/1037\/revisions\/1041"}],"wp:attachment":[{"href":"https:\/\/www.baumeister-klima.de\/cms\/wp-json\/wp\/v2\/media?parent=1037"}],"curies":[{"name":"wp","href":"https:\/\/api.w.org\/{rel}","templated":true}]}}