{"id":1006,"date":"2024-03-04T09:25:41","date_gmt":"2024-03-04T09:25:41","guid":{"rendered":"https:\/\/www.baumeister-klima.de\/cms\/?page_id=1006"},"modified":"2024-03-04T09:32:39","modified_gmt":"2024-03-04T09:32:39","slug":"lkw-fahrer","status":"publish","type":"page","link":"https:\/\/www.baumeister-klima.de\/cms\/lkw-fahrer\/","title":{"rendered":"LKW Fahrer"},"content":{"rendered":"<section id=\"builder-section-text_11\" class=\"builder-section-first builder-section builder-section-text builder-section-last builder-text-columns-1\" style=\"background-size: cover; background-repeat: no-repeat;background-position: center center;\">\n<div class=\"builder-section-content\">\n<div class=\"builder-text-row\">\n<div class=\"builder-text-column builder-text-column-1\" id=\"builder-section-text_11-column-1\">\n<div class=\"builder-text-content\">\n<p><strong>Wir suchen: M\/W\u00a0\u00a0\u00a0 LKW Fahrer (Werklieferverkehr)<\/strong><\/p>\n<p><strong>mit LKW 7,5 to\u00a0\u00a0\u00a0\u00a0\u00a0\u00a0 MAN 8-190 Euro 6d<\/strong><\/p>\n<p><strong>(bei Bedarf zus\u00e4tzlich mit Anh\u00e4nger 3,5 to Tandem)<\/strong><\/p>\n<p>Voraussetzung: F\u00fchrerschein BCE, C1E ,\u00a0 oder Klasse 3 alt<\/p>\n<p>G\u00fcltige BKF Module , KFZ Kenntnisse , flie\u00dfend Deutsch in Wort+Schrift<\/p>\n<p><strong>Ihr T\u00e4tigkeitsbereich:<\/strong><\/p>\n<p>LKW Beladung, Transport und Abladen unserer Luftkan\u00e4le und Produkte auf unsere Baustellen und bei unseren Kunden.<\/p>\n<ul>\n<li>Mitarbeit in unserer Luftkanalproduktion bei Bedarf (wenn keine Fahreins\u00e4tze vorliegen)<\/li>\n<li>Arbeitszeiten Mo \u2013 Do. 07.00 -16.00 Uhr<\/li>\n<li>Freitags\u00a0 7:00 -12.00 Uhr<\/li>\n<li>Bei Bedarf (je nach Tour) k\u00f6nnen auch \u00dc-Stunden (bezahlt) anfallen<\/li>\n<li>Fuhr Park\u00fcberwachung incl. Planung der Kundendienste + T\u00dcV bei unseren Partnerfirmen, sowie Reifenbeschaffung und Wechsel in unserer hauseigenen Werkstatt mit B\u00fchne.<\/li>\n<\/ul>\n<p><strong>Wir bieten: <\/strong>ein gutes flexibles und freundliches Team von Kollegen, gute Einarbeitung und notwendige Folge-Schulungen sind unser Standard<\/p>\n<p>Gute leistungsbezogene Bezahlung mit Jahres-Pr\u00e4mien und Urlaubsgeld (\u00dc-Stunden werden als AZ-Konto gef\u00fchrt und k\u00f6nnen abgefeiert o. bezahlt werden.)<\/p>\n<p>Betriebskleidung und Sicherheitsausr\u00fcstung wird gestellt.<\/p>\n<p>Sollten Sie unseren Anforderungen entsprechen, so bewerben Sie sich gerne bitte schriftlich \u2013 Per Mail unter folgender Adresse:<\/p>\n<p>Baumeister W\u00e4rmetechnik GmbH<\/p>\n<p>z.Hd. Herrn Dirk Baumeister CEO<\/p>\n<p>Industriegebiet Saline 39<\/p>\n<p>78628 Rottweil<\/p>\n<p>info@baumeister-klima.de<\/p>\n<\/p><\/div>\n<\/p><\/div>\n<\/p><\/div>\n<\/p><\/div>\n<\/section>\n","protected":false},"excerpt":{"rendered":"<p>Wir suchen: M\/W\u00a0\u00a0\u00a0 LKW Fahrer (Werklieferverkehr) mit LKW 7,5 to\u00a0\u00a0\u00a0\u00a0\u00a0\u00a0 MAN 8-190 Euro 6d (bei Bedarf zus\u00e4tzlich mit Anh\u00e4nger 3,5 to Tandem) Voraussetzung: F\u00fchrerschein BCE, C1E ,\u00a0 oder Klasse 3 alt G\u00fcltige BKF Module , KFZ Kenntnisse , flie\u00dfend Deutsch in Wort+Schrift Ihr T\u00e4tigkeitsbereich: LKW Beladung, Transport und Abladen unserer Luftkan\u00e4le und Produkte auf unsere &hellip;<\/p>\n","protected":false},"author":1,"featured_media":0,"parent":0,"menu_order":0,"comment_status":"closed","ping_status":"closed","template":"template-builder.php","meta":{"footnotes":""},"class_list":["post-1006","page","type-page","status-publish","hentry"],"_links":{"self":[{"href":"https:\/\/www.baumeister-klima.de\/cms\/wp-json\/wp\/v2\/pages\/1006","targetHints":{"allow":["GET"]}}],"collection":[{"href":"https:\/\/www.baumeister-klima.de\/cms\/wp-json\/wp\/v2\/pages"}],"about":[{"href":"https:\/\/www.baumeister-klima.de\/cms\/wp-json\/wp\/v2\/types\/page"}],"author":[{"embeddable":true,"href":"https:\/\/www.baumeister-klima.de\/cms\/wp-json\/wp\/v2\/users\/1"}],"replies":[{"embeddable":true,"href":"https:\/\/www.baumeister-klima.de\/cms\/wp-json\/wp\/v2\/comments?post=1006"}],"version-history":[{"count":2,"href":"https:\/\/www.baumeister-klima.de\/cms\/wp-json\/wp\/v2\/pages\/1006\/revisions"}],"predecessor-version":[{"id":1009,"href":"https:\/\/www.baumeister-klima.de\/cms\/wp-json\/wp\/v2\/pages\/1006\/revisions\/1009"}],"wp:attachment":[{"href":"https:\/\/www.baumeister-klima.de\/cms\/wp-json\/wp\/v2\/media?parent=1006"}],"curies":[{"name":"wp","href":"https:\/\/api.w.org\/{rel}","templated":true}]}}